{"id":12410,"date":"2023-10-21T16:49:03","date_gmt":"2023-10-21T13:49:03","guid":{"rendered":"https:\/\/www.designradar.com\/?post_type=product&#038;p=12410"},"modified":"2025-07-14T10:15:48","modified_gmt":"2025-07-14T07:15:48","slug":"line-pentru-sina-black-foster-micro-48v-10","status":"publish","type":"product","link":"https:\/\/www.designradar.com\/en\/product\/line-pentru-sina-black-foster-micro-48v-10\/","title":{"rendered":"Line pentru \u0219in\u0103 Black Foster Micro 48V 10"},"content":{"rendered":"<p>Black Foster Micro 48V, cel mai compact spot cu efect \u201eThe Invisible Black\u201d. Acest corp tip line pentru \u0219in\u0103 are un control excelent al fasciculului de lumin\u0103: razele sale sunt direc\u021bionate direct spre exterior, f\u0103r\u0103 a atinge ecranul. Designul s\u0103u redus permite o instalare absolut perfect\u0103 \u00een sistemele modulare.<\/p>\n","protected":false},"excerpt":{"rendered":"<p>Efectul &#8220;the Invisible Black&#8221;<\/p>\n","protected":false},"featured_media":13122,"template":"","meta":{"_acf_changed":false},"product_cat":[325,174,320,220],"product_tag":[],"class_list":{"0":"post-12410","1":"product","2":"type-product","3":"status-publish","4":"has-post-thumbnail","6":"product_cat-corpuri-de-iluminat-pentru-sina","7":"product_cat-iluminat","8":"product_cat-sine","9":"product_cat-sisteme-de-iluminat","10":"pa_product-brand-arkoslight","12":"first","13":"onbackorder","14":"taxable","15":"shipping-taxable","16":"product-type-simple","swatches":"rey-swatches","show_selected":"","stretch_labels":"rey-swatches--stretch-labels"},"acf":[],"yoast_head":"<!-- This site is optimized with the Yoast SEO plugin v27.4 - https:\/\/yoast.com\/product\/yoast-seo-wordpress\/ -->\n<title>Line pentru \u0219in\u0103 Black Foster Micro 48V 10 - Design Radar<\/title>\n<meta name=\"robots\" content=\"index, follow, max-snippet:-1, max-image-preview:large, max-video-preview:-1\" \/>\n<link rel=\"canonical\" href=\"https:\/\/www.designradar.com\/product\/line-pentru-sina-black-foster-micro-48v-10\/\" \/>\n<meta property=\"og:locale\" content=\"en_US\" \/>\n<meta property=\"og:type\" content=\"article\" \/>\n<meta property=\"og:title\" content=\"Line pentru \u0219in\u0103 Black Foster Micro 48V 10 - Design Radar\" \/>\n<meta property=\"og:description\" content=\"Efectul &quot;the Invisible Black&quot;\" \/>\n<meta property=\"og:url\" content=\"https:\/\/www.designradar.com\/product\/line-pentru-sina-black-foster-micro-48v-10\/\" \/>\n<meta property=\"og:site_name\" content=\"Design Radar\" \/>\n<meta property=\"article:publisher\" content=\"https:\/\/www.facebook.com\/designradar\" \/>\n<meta property=\"article:modified_time\" content=\"2025-07-14T07:15:48+00:00\" \/>\n<meta property=\"og:image\" content=\"https:\/\/www.designradar.com\/wp-content\/uploads\/2023\/10\/Corp-pentru-sina-Black-Foster-Micro-48V-101-1.jpg\" \/>\n\t<meta property=\"og:image:width\" content=\"1024\" \/>\n\t<meta property=\"og:image:height\" content=\"1120\" \/>\n\t<meta property=\"og:image:type\" content=\"image\/jpeg\" \/>\n<meta name=\"twitter:card\" content=\"summary_large_image\" \/>\n<meta name=\"twitter:label1\" content=\"Est. reading time\" \/>\n\t<meta name=\"twitter:data1\" content=\"1 minute\" \/>\n<script type=\"application\/ld+json\" class=\"yoast-schema-graph\">{\"@context\":\"https:\\\/\\\/schema.org\",\"@graph\":[{\"@type\":\"WebPage\",\"@id\":\"https:\\\/\\\/www.designradar.com\\\/product\\\/line-pentru-sina-black-foster-micro-48v-10\\\/\",\"url\":\"https:\\\/\\\/www.designradar.com\\\/product\\\/line-pentru-sina-black-foster-micro-48v-10\\\/\",\"name\":\"Line pentru \u0219in\u0103 Black Foster Micro 48V 10 - Design Radar\",\"isPartOf\":{\"@id\":\"https:\\\/\\\/www.designradar.com\\\/#website\"},\"primaryImageOfPage\":{\"@id\":\"https:\\\/\\\/www.designradar.com\\\/product\\\/line-pentru-sina-black-foster-micro-48v-10\\\/#primaryimage\"},\"image\":{\"@id\":\"https:\\\/\\\/www.designradar.com\\\/product\\\/line-pentru-sina-black-foster-micro-48v-10\\\/#primaryimage\"},\"thumbnailUrl\":\"https:\\\/\\\/www.designradar.com\\\/wp-content\\\/uploads\\\/2023\\\/10\\\/Corp-pentru-sina-Black-Foster-Micro-48V-101-1.jpg\",\"datePublished\":\"2023-10-21T13:49:03+00:00\",\"dateModified\":\"2025-07-14T07:15:48+00:00\",\"breadcrumb\":{\"@id\":\"https:\\\/\\\/www.designradar.com\\\/product\\\/line-pentru-sina-black-foster-micro-48v-10\\\/#breadcrumb\"},\"inLanguage\":\"en-US\",\"potentialAction\":[{\"@type\":\"ReadAction\",\"target\":[\"https:\\\/\\\/www.designradar.com\\\/product\\\/line-pentru-sina-black-foster-micro-48v-10\\\/\"]}]},{\"@type\":\"ImageObject\",\"inLanguage\":\"en-US\",\"@id\":\"https:\\\/\\\/www.designradar.com\\\/product\\\/line-pentru-sina-black-foster-micro-48v-10\\\/#primaryimage\",\"url\":\"https:\\\/\\\/www.designradar.com\\\/wp-content\\\/uploads\\\/2023\\\/10\\\/Corp-pentru-sina-Black-Foster-Micro-48V-101-1.jpg\",\"contentUrl\":\"https:\\\/\\\/www.designradar.com\\\/wp-content\\\/uploads\\\/2023\\\/10\\\/Corp-pentru-sina-Black-Foster-Micro-48V-101-1.jpg\",\"width\":1024,\"height\":1120,\"caption\":\"Negru mat\"},{\"@type\":\"BreadcrumbList\",\"@id\":\"https:\\\/\\\/www.designradar.com\\\/product\\\/line-pentru-sina-black-foster-micro-48v-10\\\/#breadcrumb\",\"itemListElement\":[{\"@type\":\"ListItem\",\"position\":1,\"name\":\"Prima pagin\u0103\",\"item\":\"https:\\\/\\\/www.designradar.com\\\/\"},{\"@type\":\"ListItem\",\"position\":2,\"name\":\"Shop\",\"item\":\"https:\\\/\\\/www.designradar.com\\\/shop\\\/\"},{\"@type\":\"ListItem\",\"position\":3,\"name\":\"Line pentru \u0219in\u0103 Black Foster Micro 48V 10\"}]},{\"@type\":\"WebSite\",\"@id\":\"https:\\\/\\\/www.designradar.com\\\/#website\",\"url\":\"https:\\\/\\\/www.designradar.com\\\/\",\"name\":\"Design Radar\",\"description\":\"\ud835\udde2\ud835\uddfb\ud835\uddf2 \ud835\udde6\ud835\ude01\ud835\uddf2\ud835\uddfd \ud835\uddd4\ud835\uddf5\ud835\uddf2\ud835\uddee\ud835\uddf1.\",\"publisher\":{\"@id\":\"https:\\\/\\\/www.designradar.com\\\/#organization\"},\"potentialAction\":[{\"@type\":\"SearchAction\",\"target\":{\"@type\":\"EntryPoint\",\"urlTemplate\":\"https:\\\/\\\/www.designradar.com\\\/?s={search_term_string}\"},\"query-input\":{\"@type\":\"PropertyValueSpecification\",\"valueRequired\":true,\"valueName\":\"search_term_string\"}}],\"inLanguage\":\"en-US\"},{\"@type\":\"Organization\",\"@id\":\"https:\\\/\\\/www.designradar.com\\\/#organization\",\"name\":\"Design Radar\",\"url\":\"https:\\\/\\\/www.designradar.com\\\/\",\"logo\":{\"@type\":\"ImageObject\",\"inLanguage\":\"en-US\",\"@id\":\"https:\\\/\\\/www.designradar.com\\\/#\\\/schema\\\/logo\\\/image\\\/\",\"url\":\"https:\\\/\\\/www.designradar.com\\\/wp-content\\\/uploads\\\/2023\\\/02\\\/designRadar_logo_wide.svg\",\"contentUrl\":\"https:\\\/\\\/www.designradar.com\\\/wp-content\\\/uploads\\\/2023\\\/02\\\/designRadar_logo_wide.svg\",\"width\":200,\"height\":75,\"caption\":\"Design Radar\"},\"image\":{\"@id\":\"https:\\\/\\\/www.designradar.com\\\/#\\\/schema\\\/logo\\\/image\\\/\"},\"sameAs\":[\"https:\\\/\\\/www.facebook.com\\\/designradar\",\"https:\\\/\\\/www.instagram.com\\\/designradar.store\\\/\",\"https:\\\/\\\/www.tiktok.com\\\/@designradar\",\"https:\\\/\\\/www.youtube.com\\\/@designradar\",\"https:\\\/\\\/www.linkedin.com\\\/company\\\/designradar\\\/\",\"https:\\\/\\\/pinterest.com\\\/designradar_com\\\/\"]}]}<\/script>\n<!-- \/ Yoast SEO plugin. -->","yoast_head_json":{"title":"Line pentru \u0219in\u0103 Black Foster Micro 48V 10 - Design Radar","robots":{"index":"index","follow":"follow","max-snippet":"max-snippet:-1","max-image-preview":"max-image-preview:large","max-video-preview":"max-video-preview:-1"},"canonical":"https:\/\/www.designradar.com\/product\/line-pentru-sina-black-foster-micro-48v-10\/","og_locale":"en_US","og_type":"article","og_title":"Line pentru \u0219in\u0103 Black Foster Micro 48V 10 - Design Radar","og_description":"Efectul \"the Invisible Black\"","og_url":"https:\/\/www.designradar.com\/product\/line-pentru-sina-black-foster-micro-48v-10\/","og_site_name":"Design Radar","article_publisher":"https:\/\/www.facebook.com\/designradar","article_modified_time":"2025-07-14T07:15:48+00:00","og_image":[{"width":1024,"height":1120,"url":"https:\/\/www.designradar.com\/wp-content\/uploads\/2023\/10\/Corp-pentru-sina-Black-Foster-Micro-48V-101-1.jpg","type":"image\/jpeg"}],"twitter_card":"summary_large_image","twitter_misc":{"Est. reading time":"1 minute"},"schema":{"@context":"https:\/\/schema.org","@graph":[{"@type":"WebPage","@id":"https:\/\/www.designradar.com\/product\/line-pentru-sina-black-foster-micro-48v-10\/","url":"https:\/\/www.designradar.com\/product\/line-pentru-sina-black-foster-micro-48v-10\/","name":"Line pentru \u0219in\u0103 Black Foster Micro 48V 10 - Design Radar","isPartOf":{"@id":"https:\/\/www.designradar.com\/#website"},"primaryImageOfPage":{"@id":"https:\/\/www.designradar.com\/product\/line-pentru-sina-black-foster-micro-48v-10\/#primaryimage"},"image":{"@id":"https:\/\/www.designradar.com\/product\/line-pentru-sina-black-foster-micro-48v-10\/#primaryimage"},"thumbnailUrl":"https:\/\/www.designradar.com\/wp-content\/uploads\/2023\/10\/Corp-pentru-sina-Black-Foster-Micro-48V-101-1.jpg","datePublished":"2023-10-21T13:49:03+00:00","dateModified":"2025-07-14T07:15:48+00:00","breadcrumb":{"@id":"https:\/\/www.designradar.com\/product\/line-pentru-sina-black-foster-micro-48v-10\/#breadcrumb"},"inLanguage":"en-US","potentialAction":[{"@type":"ReadAction","target":["https:\/\/www.designradar.com\/product\/line-pentru-sina-black-foster-micro-48v-10\/"]}]},{"@type":"ImageObject","inLanguage":"en-US","@id":"https:\/\/www.designradar.com\/product\/line-pentru-sina-black-foster-micro-48v-10\/#primaryimage","url":"https:\/\/www.designradar.com\/wp-content\/uploads\/2023\/10\/Corp-pentru-sina-Black-Foster-Micro-48V-101-1.jpg","contentUrl":"https:\/\/www.designradar.com\/wp-content\/uploads\/2023\/10\/Corp-pentru-sina-Black-Foster-Micro-48V-101-1.jpg","width":1024,"height":1120,"caption":"Negru mat"},{"@type":"BreadcrumbList","@id":"https:\/\/www.designradar.com\/product\/line-pentru-sina-black-foster-micro-48v-10\/#breadcrumb","itemListElement":[{"@type":"ListItem","position":1,"name":"Prima pagin\u0103","item":"https:\/\/www.designradar.com\/"},{"@type":"ListItem","position":2,"name":"Shop","item":"https:\/\/www.designradar.com\/shop\/"},{"@type":"ListItem","position":3,"name":"Line pentru \u0219in\u0103 Black Foster Micro 48V 10"}]},{"@type":"WebSite","@id":"https:\/\/www.designradar.com\/#website","url":"https:\/\/www.designradar.com\/","name":"Design Radar","description":"\ud835\udde2\ud835\uddfb\ud835\uddf2 \ud835\udde6\ud835\ude01\ud835\uddf2\ud835\uddfd \ud835\uddd4\ud835\uddf5\ud835\uddf2\ud835\uddee\ud835\uddf1.","publisher":{"@id":"https:\/\/www.designradar.com\/#organization"},"potentialAction":[{"@type":"SearchAction","target":{"@type":"EntryPoint","urlTemplate":"https:\/\/www.designradar.com\/?s={search_term_string}"},"query-input":{"@type":"PropertyValueSpecification","valueRequired":true,"valueName":"search_term_string"}}],"inLanguage":"en-US"},{"@type":"Organization","@id":"https:\/\/www.designradar.com\/#organization","name":"Design Radar","url":"https:\/\/www.designradar.com\/","logo":{"@type":"ImageObject","inLanguage":"en-US","@id":"https:\/\/www.designradar.com\/#\/schema\/logo\/image\/","url":"https:\/\/www.designradar.com\/wp-content\/uploads\/2023\/02\/designRadar_logo_wide.svg","contentUrl":"https:\/\/www.designradar.com\/wp-content\/uploads\/2023\/02\/designRadar_logo_wide.svg","width":200,"height":75,"caption":"Design Radar"},"image":{"@id":"https:\/\/www.designradar.com\/#\/schema\/logo\/image\/"},"sameAs":["https:\/\/www.facebook.com\/designradar","https:\/\/www.instagram.com\/designradar.store\/","https:\/\/www.tiktok.com\/@designradar","https:\/\/www.youtube.com\/@designradar","https:\/\/www.linkedin.com\/company\/designradar\/","https:\/\/pinterest.com\/designradar_com\/"]}]}},"_links":{"self":[{"href":"https:\/\/www.designradar.com\/en\/wp-json\/wp\/v2\/product\/12410","targetHints":{"allow":["GET"]}}],"collection":[{"href":"https:\/\/www.designradar.com\/en\/wp-json\/wp\/v2\/product"}],"about":[{"href":"https:\/\/www.designradar.com\/en\/wp-json\/wp\/v2\/types\/product"}],"version-history":[{"count":5,"href":"https:\/\/www.designradar.com\/en\/wp-json\/wp\/v2\/product\/12410\/revisions"}],"predecessor-version":[{"id":24913,"href":"https:\/\/www.designradar.com\/en\/wp-json\/wp\/v2\/product\/12410\/revisions\/24913"}],"wp:featuredmedia":[{"embeddable":true,"href":"https:\/\/www.designradar.com\/en\/wp-json\/wp\/v2\/media\/13122"}],"wp:attachment":[{"href":"https:\/\/www.designradar.com\/en\/wp-json\/wp\/v2\/media?parent=12410"}],"wp:term":[{"taxonomy":"product_cat","embeddable":true,"href":"https:\/\/www.designradar.com\/en\/wp-json\/wp\/v2\/product_cat?post=12410"},{"taxonomy":"product_tag","embeddable":true,"href":"https:\/\/www.designradar.com\/en\/wp-json\/wp\/v2\/product_tag?post=12410"}],"curies":[{"name":"wp","href":"https:\/\/api.w.org\/{rel}","templated":true}]}}