{"id":14691,"date":"2023-11-26T21:40:35","date_gmt":"2023-11-26T19:40:35","guid":{"rendered":"https:\/\/www.designradar.com\/?post_type=product&#038;p=14691"},"modified":"2025-07-31T20:48:52","modified_gmt":"2025-07-31T17:48:52","slug":"corpuri-suspendate-cu-biblioteca","status":"publish","type":"product","link":"https:\/\/www.designradar.com\/en\/product\/corpuri-suspendate-cu-biblioteca\/","title":{"rendered":"Corpuri suspendate cu bibliotec\u0103"},"content":{"rendered":"<p>Un nou concept de depozitare modern\u0103 pentru peretele din living: volumele simple p\u0103streaz\u0103 o not\u0103 minimalist\u0103. Compartimentele deschise de bibliotec\u0103 \u00eentrerup ritmul fronturilor \u00eenchise \u0219i aduc o not\u0103 special\u0103 compozi\u021biei. Iluminarea perimetral\u0103 cu LED subliniaz\u0103 volumul modern \u0219i aduce o lumin\u0103 pl\u0103cut\u0103, de atmosfer\u0103, ce poate fi reglat\u0103 \u00een intensitate cu o telecomand\u0103 practic\u0103.<\/p>\n<p>Sistem: Freedhome\u00ae<br \/>\n\u2022 Se execut\u0103 pe comand\u0103<br \/>\n\u2022 Termen de produc\u021bie: 5-8 s\u0103pt\u0103m\u00e2ni de la procesarea comenzii<br \/>\n\u2022 Designer: Monica Graffeo<br \/>\n\u2022 Dimensiunile produsului din imagini: L 510 cm &#8211; P 36,5 cm &#8211; H 121 cm<\/p>\n<p>Pre\u021bul afi\u0219at include TVA \u0219i este valabil pentru compozi\u021bia din imagine (5100 x 365 x H 1210mm), \u00een finisaj Lame\/Easy\/Matt Laquered Basic\/No Lighting.<br \/>\nPre\u021bul variaz\u0103 \u00een func\u021bie de dimensiuni, finisaje \u0219i accesorii. Pentru o ofert\u0103 personalizat\u0103, cere-ne o ofert\u0103!<\/p>\n","protected":false},"excerpt":{"rendered":"<p>Un nou concept de sistem pentru perete<\/p>\n","protected":false},"featured_media":16549,"template":"","meta":{"_acf_changed":false},"product_cat":[485,183,198],"product_tag":[],"class_list":{"0":"post-14691","1":"product","2":"type-product","3":"status-publish","4":"has-post-thumbnail","6":"product_cat-corpuri-suspendate","7":"product_cat-mobilier","8":"product_cat-sisteme-living","9":"pa_product-brand-caccaro","11":"first","12":"onbackorder","13":"taxable","14":"shipping-taxable","15":"product-type-simple","swatches":"rey-swatches","show_selected":"","stretch_labels":"rey-swatches--stretch-labels"},"acf":[],"yoast_head":"<!-- This site is optimized with the Yoast SEO plugin v27.4 - https:\/\/yoast.com\/product\/yoast-seo-wordpress\/ -->\n<title>Corpuri suspendate cu bibliotec\u0103 - Design Radar<\/title>\n<meta name=\"robots\" content=\"index, follow, max-snippet:-1, max-image-preview:large, max-video-preview:-1\" \/>\n<link rel=\"canonical\" href=\"https:\/\/www.designradar.com\/product\/corpuri-suspendate-cu-biblioteca\/\" \/>\n<meta property=\"og:locale\" content=\"en_US\" \/>\n<meta property=\"og:type\" content=\"article\" \/>\n<meta property=\"og:title\" content=\"Corpuri suspendate cu bibliotec\u0103 - Design Radar\" \/>\n<meta property=\"og:description\" content=\"Un nou concept de sistem pentru perete\" \/>\n<meta property=\"og:url\" content=\"https:\/\/www.designradar.com\/product\/corpuri-suspendate-cu-biblioteca\/\" \/>\n<meta property=\"og:site_name\" content=\"Design Radar\" \/>\n<meta property=\"article:publisher\" content=\"https:\/\/www.facebook.com\/designradar\" \/>\n<meta property=\"article:modified_time\" content=\"2025-07-31T17:48:52+00:00\" \/>\n<meta property=\"og:image\" content=\"https:\/\/www.designradar.com\/wp-content\/uploads\/2023\/11\/Corpuri-suspendate-cu-biblioteca-pentru-living-modern.1.jpg\" \/>\n\t<meta property=\"og:image:width\" content=\"1024\" \/>\n\t<meta property=\"og:image:height\" content=\"1120\" \/>\n\t<meta property=\"og:image:type\" content=\"image\/jpeg\" \/>\n<meta name=\"twitter:card\" content=\"summary_large_image\" \/>\n<meta name=\"twitter:label1\" content=\"Est. reading time\" \/>\n\t<meta name=\"twitter:data1\" content=\"1 minute\" \/>\n<script type=\"application\/ld+json\" class=\"yoast-schema-graph\">{\"@context\":\"https:\\\/\\\/schema.org\",\"@graph\":[{\"@type\":\"WebPage\",\"@id\":\"https:\\\/\\\/www.designradar.com\\\/product\\\/corpuri-suspendate-cu-biblioteca\\\/\",\"url\":\"https:\\\/\\\/www.designradar.com\\\/product\\\/corpuri-suspendate-cu-biblioteca\\\/\",\"name\":\"Corpuri suspendate cu bibliotec\u0103 - Design Radar\",\"isPartOf\":{\"@id\":\"https:\\\/\\\/www.designradar.com\\\/#website\"},\"primaryImageOfPage\":{\"@id\":\"https:\\\/\\\/www.designradar.com\\\/product\\\/corpuri-suspendate-cu-biblioteca\\\/#primaryimage\"},\"image\":{\"@id\":\"https:\\\/\\\/www.designradar.com\\\/product\\\/corpuri-suspendate-cu-biblioteca\\\/#primaryimage\"},\"thumbnailUrl\":\"https:\\\/\\\/www.designradar.com\\\/wp-content\\\/uploads\\\/2023\\\/11\\\/Corpuri-suspendate-cu-biblioteca-pentru-living-modern.1.jpg\",\"datePublished\":\"2023-11-26T19:40:35+00:00\",\"dateModified\":\"2025-07-31T17:48:52+00:00\",\"breadcrumb\":{\"@id\":\"https:\\\/\\\/www.designradar.com\\\/product\\\/corpuri-suspendate-cu-biblioteca\\\/#breadcrumb\"},\"inLanguage\":\"en-US\",\"potentialAction\":[{\"@type\":\"ReadAction\",\"target\":[\"https:\\\/\\\/www.designradar.com\\\/product\\\/corpuri-suspendate-cu-biblioteca\\\/\"]}]},{\"@type\":\"ImageObject\",\"inLanguage\":\"en-US\",\"@id\":\"https:\\\/\\\/www.designradar.com\\\/product\\\/corpuri-suspendate-cu-biblioteca\\\/#primaryimage\",\"url\":\"https:\\\/\\\/www.designradar.com\\\/wp-content\\\/uploads\\\/2023\\\/11\\\/Corpuri-suspendate-cu-biblioteca-pentru-living-modern.1.jpg\",\"contentUrl\":\"https:\\\/\\\/www.designradar.com\\\/wp-content\\\/uploads\\\/2023\\\/11\\\/Corpuri-suspendate-cu-biblioteca-pentru-living-modern.1.jpg\",\"width\":1024,\"height\":1120},{\"@type\":\"BreadcrumbList\",\"@id\":\"https:\\\/\\\/www.designradar.com\\\/product\\\/corpuri-suspendate-cu-biblioteca\\\/#breadcrumb\",\"itemListElement\":[{\"@type\":\"ListItem\",\"position\":1,\"name\":\"Prima pagin\u0103\",\"item\":\"https:\\\/\\\/www.designradar.com\\\/\"},{\"@type\":\"ListItem\",\"position\":2,\"name\":\"Shop\",\"item\":\"https:\\\/\\\/www.designradar.com\\\/shop\\\/\"},{\"@type\":\"ListItem\",\"position\":3,\"name\":\"Corpuri suspendate cu bibliotec\u0103\"}]},{\"@type\":\"WebSite\",\"@id\":\"https:\\\/\\\/www.designradar.com\\\/#website\",\"url\":\"https:\\\/\\\/www.designradar.com\\\/\",\"name\":\"Design Radar\",\"description\":\"\ud835\udde2\ud835\uddfb\ud835\uddf2 \ud835\udde6\ud835\ude01\ud835\uddf2\ud835\uddfd \ud835\uddd4\ud835\uddf5\ud835\uddf2\ud835\uddee\ud835\uddf1.\",\"publisher\":{\"@id\":\"https:\\\/\\\/www.designradar.com\\\/#organization\"},\"potentialAction\":[{\"@type\":\"SearchAction\",\"target\":{\"@type\":\"EntryPoint\",\"urlTemplate\":\"https:\\\/\\\/www.designradar.com\\\/?s={search_term_string}\"},\"query-input\":{\"@type\":\"PropertyValueSpecification\",\"valueRequired\":true,\"valueName\":\"search_term_string\"}}],\"inLanguage\":\"en-US\"},{\"@type\":\"Organization\",\"@id\":\"https:\\\/\\\/www.designradar.com\\\/#organization\",\"name\":\"Design Radar\",\"url\":\"https:\\\/\\\/www.designradar.com\\\/\",\"logo\":{\"@type\":\"ImageObject\",\"inLanguage\":\"en-US\",\"@id\":\"https:\\\/\\\/www.designradar.com\\\/#\\\/schema\\\/logo\\\/image\\\/\",\"url\":\"https:\\\/\\\/www.designradar.com\\\/wp-content\\\/uploads\\\/2023\\\/02\\\/designRadar_logo_wide.svg\",\"contentUrl\":\"https:\\\/\\\/www.designradar.com\\\/wp-content\\\/uploads\\\/2023\\\/02\\\/designRadar_logo_wide.svg\",\"width\":200,\"height\":75,\"caption\":\"Design Radar\"},\"image\":{\"@id\":\"https:\\\/\\\/www.designradar.com\\\/#\\\/schema\\\/logo\\\/image\\\/\"},\"sameAs\":[\"https:\\\/\\\/www.facebook.com\\\/designradar\",\"https:\\\/\\\/www.instagram.com\\\/designradar.store\\\/\",\"https:\\\/\\\/www.tiktok.com\\\/@designradar\",\"https:\\\/\\\/www.youtube.com\\\/@designradar\",\"https:\\\/\\\/www.linkedin.com\\\/company\\\/designradar\\\/\",\"https:\\\/\\\/pinterest.com\\\/designradar_com\\\/\"]}]}<\/script>\n<!-- \/ Yoast SEO plugin. -->","yoast_head_json":{"title":"Corpuri suspendate cu bibliotec\u0103 - Design Radar","robots":{"index":"index","follow":"follow","max-snippet":"max-snippet:-1","max-image-preview":"max-image-preview:large","max-video-preview":"max-video-preview:-1"},"canonical":"https:\/\/www.designradar.com\/product\/corpuri-suspendate-cu-biblioteca\/","og_locale":"en_US","og_type":"article","og_title":"Corpuri suspendate cu bibliotec\u0103 - Design Radar","og_description":"Un nou concept de sistem pentru perete","og_url":"https:\/\/www.designradar.com\/product\/corpuri-suspendate-cu-biblioteca\/","og_site_name":"Design Radar","article_publisher":"https:\/\/www.facebook.com\/designradar","article_modified_time":"2025-07-31T17:48:52+00:00","og_image":[{"width":1024,"height":1120,"url":"https:\/\/www.designradar.com\/wp-content\/uploads\/2023\/11\/Corpuri-suspendate-cu-biblioteca-pentru-living-modern.1.jpg","type":"image\/jpeg"}],"twitter_card":"summary_large_image","twitter_misc":{"Est. reading time":"1 minute"},"schema":{"@context":"https:\/\/schema.org","@graph":[{"@type":"WebPage","@id":"https:\/\/www.designradar.com\/product\/corpuri-suspendate-cu-biblioteca\/","url":"https:\/\/www.designradar.com\/product\/corpuri-suspendate-cu-biblioteca\/","name":"Corpuri suspendate cu bibliotec\u0103 - Design Radar","isPartOf":{"@id":"https:\/\/www.designradar.com\/#website"},"primaryImageOfPage":{"@id":"https:\/\/www.designradar.com\/product\/corpuri-suspendate-cu-biblioteca\/#primaryimage"},"image":{"@id":"https:\/\/www.designradar.com\/product\/corpuri-suspendate-cu-biblioteca\/#primaryimage"},"thumbnailUrl":"https:\/\/www.designradar.com\/wp-content\/uploads\/2023\/11\/Corpuri-suspendate-cu-biblioteca-pentru-living-modern.1.jpg","datePublished":"2023-11-26T19:40:35+00:00","dateModified":"2025-07-31T17:48:52+00:00","breadcrumb":{"@id":"https:\/\/www.designradar.com\/product\/corpuri-suspendate-cu-biblioteca\/#breadcrumb"},"inLanguage":"en-US","potentialAction":[{"@type":"ReadAction","target":["https:\/\/www.designradar.com\/product\/corpuri-suspendate-cu-biblioteca\/"]}]},{"@type":"ImageObject","inLanguage":"en-US","@id":"https:\/\/www.designradar.com\/product\/corpuri-suspendate-cu-biblioteca\/#primaryimage","url":"https:\/\/www.designradar.com\/wp-content\/uploads\/2023\/11\/Corpuri-suspendate-cu-biblioteca-pentru-living-modern.1.jpg","contentUrl":"https:\/\/www.designradar.com\/wp-content\/uploads\/2023\/11\/Corpuri-suspendate-cu-biblioteca-pentru-living-modern.1.jpg","width":1024,"height":1120},{"@type":"BreadcrumbList","@id":"https:\/\/www.designradar.com\/product\/corpuri-suspendate-cu-biblioteca\/#breadcrumb","itemListElement":[{"@type":"ListItem","position":1,"name":"Prima pagin\u0103","item":"https:\/\/www.designradar.com\/"},{"@type":"ListItem","position":2,"name":"Shop","item":"https:\/\/www.designradar.com\/shop\/"},{"@type":"ListItem","position":3,"name":"Corpuri suspendate cu bibliotec\u0103"}]},{"@type":"WebSite","@id":"https:\/\/www.designradar.com\/#website","url":"https:\/\/www.designradar.com\/","name":"Design Radar","description":"\ud835\udde2\ud835\uddfb\ud835\uddf2 \ud835\udde6\ud835\ude01\ud835\uddf2\ud835\uddfd \ud835\uddd4\ud835\uddf5\ud835\uddf2\ud835\uddee\ud835\uddf1.","publisher":{"@id":"https:\/\/www.designradar.com\/#organization"},"potentialAction":[{"@type":"SearchAction","target":{"@type":"EntryPoint","urlTemplate":"https:\/\/www.designradar.com\/?s={search_term_string}"},"query-input":{"@type":"PropertyValueSpecification","valueRequired":true,"valueName":"search_term_string"}}],"inLanguage":"en-US"},{"@type":"Organization","@id":"https:\/\/www.designradar.com\/#organization","name":"Design Radar","url":"https:\/\/www.designradar.com\/","logo":{"@type":"ImageObject","inLanguage":"en-US","@id":"https:\/\/www.designradar.com\/#\/schema\/logo\/image\/","url":"https:\/\/www.designradar.com\/wp-content\/uploads\/2023\/02\/designRadar_logo_wide.svg","contentUrl":"https:\/\/www.designradar.com\/wp-content\/uploads\/2023\/02\/designRadar_logo_wide.svg","width":200,"height":75,"caption":"Design Radar"},"image":{"@id":"https:\/\/www.designradar.com\/#\/schema\/logo\/image\/"},"sameAs":["https:\/\/www.facebook.com\/designradar","https:\/\/www.instagram.com\/designradar.store\/","https:\/\/www.tiktok.com\/@designradar","https:\/\/www.youtube.com\/@designradar","https:\/\/www.linkedin.com\/company\/designradar\/","https:\/\/pinterest.com\/designradar_com\/"]}]}},"_links":{"self":[{"href":"https:\/\/www.designradar.com\/en\/wp-json\/wp\/v2\/product\/14691","targetHints":{"allow":["GET"]}}],"collection":[{"href":"https:\/\/www.designradar.com\/en\/wp-json\/wp\/v2\/product"}],"about":[{"href":"https:\/\/www.designradar.com\/en\/wp-json\/wp\/v2\/types\/product"}],"version-history":[{"count":7,"href":"https:\/\/www.designradar.com\/en\/wp-json\/wp\/v2\/product\/14691\/revisions"}],"predecessor-version":[{"id":21645,"href":"https:\/\/www.designradar.com\/en\/wp-json\/wp\/v2\/product\/14691\/revisions\/21645"}],"wp:featuredmedia":[{"embeddable":true,"href":"https:\/\/www.designradar.com\/en\/wp-json\/wp\/v2\/media\/16549"}],"wp:attachment":[{"href":"https:\/\/www.designradar.com\/en\/wp-json\/wp\/v2\/media?parent=14691"}],"wp:term":[{"taxonomy":"product_cat","embeddable":true,"href":"https:\/\/www.designradar.com\/en\/wp-json\/wp\/v2\/product_cat?post=14691"},{"taxonomy":"product_tag","embeddable":true,"href":"https:\/\/www.designradar.com\/en\/wp-json\/wp\/v2\/product_tag?post=14691"}],"curies":[{"name":"wp","href":"https:\/\/api.w.org\/{rel}","templated":true}]}}