{"id":14714,"date":"2023-11-26T21:49:48","date_gmt":"2023-11-26T19:49:48","guid":{"rendered":"https:\/\/www.designradar.com\/?post_type=product&#038;p=14714"},"modified":"2025-01-28T00:38:49","modified_gmt":"2025-01-27T22:38:49","slug":"line-pentru-sina-plx-flexx","status":"publish","type":"product","link":"https:\/\/www.designradar.com\/en\/product\/line-pentru-sina-plx-flexx\/","title":{"rendered":"Line pentru \u0219in\u0103 PLX Flexx"},"content":{"rendered":"<p>Un corp minimalist tip line, creat pentru \u0219inele de iluminat. Potrivit pentru orice interior contemporan: birouri, magazine, hoteluri, restaurante, case \u0219i apartamente. Poate fi montat pe orice \u0219in\u0103: aplicat\u0103, \u00eencastrat\u0103 sau suspendat\u0103.<\/p>\n","protected":false},"excerpt":{"rendered":"<p>Corp pentru \u0219ina de iluminat<\/p>\n","protected":false},"featured_media":14857,"template":"","meta":{"_acf_changed":false},"product_cat":[325,174,320,220],"product_tag":[],"class_list":{"0":"post-14714","1":"product","2":"type-product","3":"status-publish","4":"has-post-thumbnail","6":"product_cat-corpuri-de-iluminat-pentru-sina","7":"product_cat-iluminat","8":"product_cat-sine","9":"product_cat-sisteme-de-iluminat","10":"pa_product-brand-design-radar","12":"first","13":"onbackorder","14":"taxable","15":"shipping-taxable","16":"product-type-simple","swatches":"rey-swatches","show_selected":"","stretch_labels":"rey-swatches--stretch-labels"},"acf":[],"yoast_head":"<!-- This site is optimized with the Yoast SEO plugin v27.4 - https:\/\/yoast.com\/product\/yoast-seo-wordpress\/ -->\n<title>Line pentru \u0219in\u0103 PLX Flexx - Design Radar<\/title>\n<meta name=\"robots\" content=\"index, follow, max-snippet:-1, max-image-preview:large, max-video-preview:-1\" \/>\n<link rel=\"canonical\" href=\"https:\/\/www.designradar.com\/product\/line-pentru-sina-plx-flexx\/\" \/>\n<meta property=\"og:locale\" content=\"en_US\" \/>\n<meta property=\"og:type\" content=\"article\" \/>\n<meta property=\"og:title\" content=\"Line pentru \u0219in\u0103 PLX Flexx - Design Radar\" \/>\n<meta property=\"og:description\" content=\"Corp pentru \u0219ina de iluminat\" \/>\n<meta property=\"og:url\" content=\"https:\/\/www.designradar.com\/product\/line-pentru-sina-plx-flexx\/\" \/>\n<meta property=\"og:site_name\" content=\"Design Radar\" \/>\n<meta property=\"article:publisher\" content=\"https:\/\/www.facebook.com\/designradar\" \/>\n<meta property=\"article:modified_time\" content=\"2025-01-27T22:38:49+00:00\" \/>\n<meta property=\"og:image\" content=\"https:\/\/www.designradar.com\/wp-content\/uploads\/2023\/11\/Line-pentru-sina-iluminat-Plx-Flexx-Design-Radar.png\" \/>\n\t<meta property=\"og:image:width\" content=\"1024\" \/>\n\t<meta property=\"og:image:height\" content=\"1120\" \/>\n\t<meta property=\"og:image:type\" content=\"image\/png\" \/>\n<meta name=\"twitter:card\" content=\"summary_large_image\" \/>\n<meta name=\"twitter:label1\" content=\"Est. reading time\" \/>\n\t<meta name=\"twitter:data1\" content=\"1 minute\" \/>\n<script type=\"application\/ld+json\" class=\"yoast-schema-graph\">{\"@context\":\"https:\\\/\\\/schema.org\",\"@graph\":[{\"@type\":\"WebPage\",\"@id\":\"https:\\\/\\\/www.designradar.com\\\/product\\\/line-pentru-sina-plx-flexx\\\/\",\"url\":\"https:\\\/\\\/www.designradar.com\\\/product\\\/line-pentru-sina-plx-flexx\\\/\",\"name\":\"Line pentru \u0219in\u0103 PLX Flexx - Design Radar\",\"isPartOf\":{\"@id\":\"https:\\\/\\\/www.designradar.com\\\/#website\"},\"primaryImageOfPage\":{\"@id\":\"https:\\\/\\\/www.designradar.com\\\/product\\\/line-pentru-sina-plx-flexx\\\/#primaryimage\"},\"image\":{\"@id\":\"https:\\\/\\\/www.designradar.com\\\/product\\\/line-pentru-sina-plx-flexx\\\/#primaryimage\"},\"thumbnailUrl\":\"https:\\\/\\\/www.designradar.com\\\/wp-content\\\/uploads\\\/2023\\\/11\\\/Line-pentru-sina-iluminat-Plx-Flexx-Design-Radar.png\",\"datePublished\":\"2023-11-26T19:49:48+00:00\",\"dateModified\":\"2025-01-27T22:38:49+00:00\",\"breadcrumb\":{\"@id\":\"https:\\\/\\\/www.designradar.com\\\/product\\\/line-pentru-sina-plx-flexx\\\/#breadcrumb\"},\"inLanguage\":\"en-US\",\"potentialAction\":[{\"@type\":\"ReadAction\",\"target\":[\"https:\\\/\\\/www.designradar.com\\\/product\\\/line-pentru-sina-plx-flexx\\\/\"]}]},{\"@type\":\"ImageObject\",\"inLanguage\":\"en-US\",\"@id\":\"https:\\\/\\\/www.designradar.com\\\/product\\\/line-pentru-sina-plx-flexx\\\/#primaryimage\",\"url\":\"https:\\\/\\\/www.designradar.com\\\/wp-content\\\/uploads\\\/2023\\\/11\\\/Line-pentru-sina-iluminat-Plx-Flexx-Design-Radar.png\",\"contentUrl\":\"https:\\\/\\\/www.designradar.com\\\/wp-content\\\/uploads\\\/2023\\\/11\\\/Line-pentru-sina-iluminat-Plx-Flexx-Design-Radar.png\",\"width\":1024,\"height\":1120},{\"@type\":\"BreadcrumbList\",\"@id\":\"https:\\\/\\\/www.designradar.com\\\/product\\\/line-pentru-sina-plx-flexx\\\/#breadcrumb\",\"itemListElement\":[{\"@type\":\"ListItem\",\"position\":1,\"name\":\"Prima pagin\u0103\",\"item\":\"https:\\\/\\\/www.designradar.com\\\/\"},{\"@type\":\"ListItem\",\"position\":2,\"name\":\"Shop\",\"item\":\"https:\\\/\\\/www.designradar.com\\\/shop\\\/\"},{\"@type\":\"ListItem\",\"position\":3,\"name\":\"Line pentru \u0219in\u0103 PLX Flexx\"}]},{\"@type\":\"WebSite\",\"@id\":\"https:\\\/\\\/www.designradar.com\\\/#website\",\"url\":\"https:\\\/\\\/www.designradar.com\\\/\",\"name\":\"Design Radar\",\"description\":\"\ud835\udde2\ud835\uddfb\ud835\uddf2 \ud835\udde6\ud835\ude01\ud835\uddf2\ud835\uddfd \ud835\uddd4\ud835\uddf5\ud835\uddf2\ud835\uddee\ud835\uddf1.\",\"publisher\":{\"@id\":\"https:\\\/\\\/www.designradar.com\\\/#organization\"},\"potentialAction\":[{\"@type\":\"SearchAction\",\"target\":{\"@type\":\"EntryPoint\",\"urlTemplate\":\"https:\\\/\\\/www.designradar.com\\\/?s={search_term_string}\"},\"query-input\":{\"@type\":\"PropertyValueSpecification\",\"valueRequired\":true,\"valueName\":\"search_term_string\"}}],\"inLanguage\":\"en-US\"},{\"@type\":\"Organization\",\"@id\":\"https:\\\/\\\/www.designradar.com\\\/#organization\",\"name\":\"Design Radar\",\"url\":\"https:\\\/\\\/www.designradar.com\\\/\",\"logo\":{\"@type\":\"ImageObject\",\"inLanguage\":\"en-US\",\"@id\":\"https:\\\/\\\/www.designradar.com\\\/#\\\/schema\\\/logo\\\/image\\\/\",\"url\":\"https:\\\/\\\/www.designradar.com\\\/wp-content\\\/uploads\\\/2023\\\/02\\\/designRadar_logo_wide.svg\",\"contentUrl\":\"https:\\\/\\\/www.designradar.com\\\/wp-content\\\/uploads\\\/2023\\\/02\\\/designRadar_logo_wide.svg\",\"width\":200,\"height\":75,\"caption\":\"Design Radar\"},\"image\":{\"@id\":\"https:\\\/\\\/www.designradar.com\\\/#\\\/schema\\\/logo\\\/image\\\/\"},\"sameAs\":[\"https:\\\/\\\/www.facebook.com\\\/designradar\",\"https:\\\/\\\/www.instagram.com\\\/designradar.store\\\/\",\"https:\\\/\\\/www.tiktok.com\\\/@designradar\",\"https:\\\/\\\/www.youtube.com\\\/@designradar\",\"https:\\\/\\\/www.linkedin.com\\\/company\\\/designradar\\\/\",\"https:\\\/\\\/pinterest.com\\\/designradar_com\\\/\"]}]}<\/script>\n<!-- \/ Yoast SEO plugin. -->","yoast_head_json":{"title":"Line pentru \u0219in\u0103 PLX Flexx - Design Radar","robots":{"index":"index","follow":"follow","max-snippet":"max-snippet:-1","max-image-preview":"max-image-preview:large","max-video-preview":"max-video-preview:-1"},"canonical":"https:\/\/www.designradar.com\/product\/line-pentru-sina-plx-flexx\/","og_locale":"en_US","og_type":"article","og_title":"Line pentru \u0219in\u0103 PLX Flexx - Design Radar","og_description":"Corp pentru \u0219ina de iluminat","og_url":"https:\/\/www.designradar.com\/product\/line-pentru-sina-plx-flexx\/","og_site_name":"Design Radar","article_publisher":"https:\/\/www.facebook.com\/designradar","article_modified_time":"2025-01-27T22:38:49+00:00","og_image":[{"width":1024,"height":1120,"url":"https:\/\/www.designradar.com\/wp-content\/uploads\/2023\/11\/Line-pentru-sina-iluminat-Plx-Flexx-Design-Radar.png","type":"image\/png"}],"twitter_card":"summary_large_image","twitter_misc":{"Est. reading time":"1 minute"},"schema":{"@context":"https:\/\/schema.org","@graph":[{"@type":"WebPage","@id":"https:\/\/www.designradar.com\/product\/line-pentru-sina-plx-flexx\/","url":"https:\/\/www.designradar.com\/product\/line-pentru-sina-plx-flexx\/","name":"Line pentru \u0219in\u0103 PLX Flexx - Design Radar","isPartOf":{"@id":"https:\/\/www.designradar.com\/#website"},"primaryImageOfPage":{"@id":"https:\/\/www.designradar.com\/product\/line-pentru-sina-plx-flexx\/#primaryimage"},"image":{"@id":"https:\/\/www.designradar.com\/product\/line-pentru-sina-plx-flexx\/#primaryimage"},"thumbnailUrl":"https:\/\/www.designradar.com\/wp-content\/uploads\/2023\/11\/Line-pentru-sina-iluminat-Plx-Flexx-Design-Radar.png","datePublished":"2023-11-26T19:49:48+00:00","dateModified":"2025-01-27T22:38:49+00:00","breadcrumb":{"@id":"https:\/\/www.designradar.com\/product\/line-pentru-sina-plx-flexx\/#breadcrumb"},"inLanguage":"en-US","potentialAction":[{"@type":"ReadAction","target":["https:\/\/www.designradar.com\/product\/line-pentru-sina-plx-flexx\/"]}]},{"@type":"ImageObject","inLanguage":"en-US","@id":"https:\/\/www.designradar.com\/product\/line-pentru-sina-plx-flexx\/#primaryimage","url":"https:\/\/www.designradar.com\/wp-content\/uploads\/2023\/11\/Line-pentru-sina-iluminat-Plx-Flexx-Design-Radar.png","contentUrl":"https:\/\/www.designradar.com\/wp-content\/uploads\/2023\/11\/Line-pentru-sina-iluminat-Plx-Flexx-Design-Radar.png","width":1024,"height":1120},{"@type":"BreadcrumbList","@id":"https:\/\/www.designradar.com\/product\/line-pentru-sina-plx-flexx\/#breadcrumb","itemListElement":[{"@type":"ListItem","position":1,"name":"Prima pagin\u0103","item":"https:\/\/www.designradar.com\/"},{"@type":"ListItem","position":2,"name":"Shop","item":"https:\/\/www.designradar.com\/shop\/"},{"@type":"ListItem","position":3,"name":"Line pentru \u0219in\u0103 PLX Flexx"}]},{"@type":"WebSite","@id":"https:\/\/www.designradar.com\/#website","url":"https:\/\/www.designradar.com\/","name":"Design Radar","description":"\ud835\udde2\ud835\uddfb\ud835\uddf2 \ud835\udde6\ud835\ude01\ud835\uddf2\ud835\uddfd \ud835\uddd4\ud835\uddf5\ud835\uddf2\ud835\uddee\ud835\uddf1.","publisher":{"@id":"https:\/\/www.designradar.com\/#organization"},"potentialAction":[{"@type":"SearchAction","target":{"@type":"EntryPoint","urlTemplate":"https:\/\/www.designradar.com\/?s={search_term_string}"},"query-input":{"@type":"PropertyValueSpecification","valueRequired":true,"valueName":"search_term_string"}}],"inLanguage":"en-US"},{"@type":"Organization","@id":"https:\/\/www.designradar.com\/#organization","name":"Design Radar","url":"https:\/\/www.designradar.com\/","logo":{"@type":"ImageObject","inLanguage":"en-US","@id":"https:\/\/www.designradar.com\/#\/schema\/logo\/image\/","url":"https:\/\/www.designradar.com\/wp-content\/uploads\/2023\/02\/designRadar_logo_wide.svg","contentUrl":"https:\/\/www.designradar.com\/wp-content\/uploads\/2023\/02\/designRadar_logo_wide.svg","width":200,"height":75,"caption":"Design Radar"},"image":{"@id":"https:\/\/www.designradar.com\/#\/schema\/logo\/image\/"},"sameAs":["https:\/\/www.facebook.com\/designradar","https:\/\/www.instagram.com\/designradar.store\/","https:\/\/www.tiktok.com\/@designradar","https:\/\/www.youtube.com\/@designradar","https:\/\/www.linkedin.com\/company\/designradar\/","https:\/\/pinterest.com\/designradar_com\/"]}]}},"_links":{"self":[{"href":"https:\/\/www.designradar.com\/en\/wp-json\/wp\/v2\/product\/14714","targetHints":{"allow":["GET"]}}],"collection":[{"href":"https:\/\/www.designradar.com\/en\/wp-json\/wp\/v2\/product"}],"about":[{"href":"https:\/\/www.designradar.com\/en\/wp-json\/wp\/v2\/types\/product"}],"version-history":[{"count":2,"href":"https:\/\/www.designradar.com\/en\/wp-json\/wp\/v2\/product\/14714\/revisions"}],"predecessor-version":[{"id":14867,"href":"https:\/\/www.designradar.com\/en\/wp-json\/wp\/v2\/product\/14714\/revisions\/14867"}],"wp:featuredmedia":[{"embeddable":true,"href":"https:\/\/www.designradar.com\/en\/wp-json\/wp\/v2\/media\/14857"}],"wp:attachment":[{"href":"https:\/\/www.designradar.com\/en\/wp-json\/wp\/v2\/media?parent=14714"}],"wp:term":[{"taxonomy":"product_cat","embeddable":true,"href":"https:\/\/www.designradar.com\/en\/wp-json\/wp\/v2\/product_cat?post=14714"},{"taxonomy":"product_tag","embeddable":true,"href":"https:\/\/www.designradar.com\/en\/wp-json\/wp\/v2\/product_tag?post=14714"}],"curies":[{"name":"wp","href":"https:\/\/api.w.org\/{rel}","templated":true}]}}