{"id":20053,"date":"2024-05-25T14:54:23","date_gmt":"2024-05-25T11:54:23","guid":{"rendered":"https:\/\/www.designradar.com\/?post_type=product&#038;p=20053"},"modified":"2026-03-19T18:15:28","modified_gmt":"2026-03-19T16:15:28","slug":"profil-tip-plinta-si-scafa-ascunsa-shadow-gap","status":"publish","type":"product","link":"https:\/\/www.designradar.com\/en\/product\/profil-tip-plinta-si-scafa-ascunsa-shadow-gap\/","title":{"rendered":"Profil tip plint\u0103 \u0219i scaf\u0103 ascuns\u0103 Shadow Gap Model 2, Negru Anodizat, L2,7m"},"content":{"rendered":"<p>Un profil tip plint\u0103 ascuns\u0103 nou, unic, ce finiseaz\u0103 \u00eentr-un mod minimalist \u0219i discret pere\u021bii. Poate fi montat pe perete at\u00e2t la intersec\u021bia cu pardoseala, pe post de plint\u0103 ascuns\u0103, c\u00e2t \u0219i la intersec\u021bia cu tavanul, ca o mini-scaf\u0103 minimalist\u0103.<br \/>\nU\u0219or de instalat, sec\u021biunea acestui profil (13x13mm) se potrive\u0219te perfect cu panourile de gips-carton. Efectul ob\u021binut este de perete plutitor.<\/p>\n<p>Ca plint\u0103 ascuns\u0103, poate fi montat \u00een dou\u0103 moduri: cu latura mai \u00eenalt\u0103 (23,8 mm) \u00een jos sau \u00een sus (vezi schi\u021bele tehnice). Recomand\u0103m prima variant\u0103 (\u00een jos), pentru o cur\u0103\u021bare mai u\u0219oar\u0103.<\/p>\n<p>Finisaj: negru anodizat\/ argintiu.<\/p>\n<p>Pre\u021bul afi\u0219at include TVA \u0219i este per bucat\u0103. Produsul are lungimea de 2700mm.<\/p>\n","protected":false},"excerpt":{"rendered":"<p>Efect de perete plutitor<\/p>\n","protected":false},"featured_media":13324,"template":"","meta":{"_acf_changed":false},"product_cat":[184],"product_tag":[],"class_list":{"0":"post-20053","1":"product","2":"type-product","3":"status-publish","4":"has-post-thumbnail","6":"product_cat-profile-plinte","7":"product_shipping_class-profile","8":"pa_product-brand-design-radar","10":"first","11":"instock","12":"sale","13":"taxable","14":"shipping-taxable","15":"purchasable","16":"product-type-simple","swatches":"rey-swatches","show_selected":"","stretch_labels":"rey-swatches--stretch-labels"},"acf":[],"yoast_head":"<!-- This site is optimized with the Yoast SEO plugin v27.4 - https:\/\/yoast.com\/product\/yoast-seo-wordpress\/ -->\n<title>Profil tip plint\u0103 \u0219i scaf\u0103 ascuns\u0103 Shadow Gap Model 2, Negru Anodizat, L2,7m - Design Radar<\/title>\n<meta name=\"robots\" content=\"index, follow, max-snippet:-1, max-image-preview:large, max-video-preview:-1\" \/>\n<link rel=\"canonical\" href=\"https:\/\/www.designradar.com\/product\/profil-tip-plinta-si-scafa-ascunsa-shadow-gap\/\" \/>\n<meta property=\"og:locale\" content=\"en_US\" \/>\n<meta property=\"og:type\" content=\"article\" \/>\n<meta property=\"og:title\" content=\"Profil tip plint\u0103 \u0219i scaf\u0103 ascuns\u0103 Shadow Gap Model 2, Negru Anodizat, L2,7m - Design Radar\" \/>\n<meta property=\"og:description\" content=\"Efect de perete plutitor\" \/>\n<meta property=\"og:url\" content=\"https:\/\/www.designradar.com\/product\/profil-tip-plinta-si-scafa-ascunsa-shadow-gap\/\" \/>\n<meta property=\"og:site_name\" content=\"Design Radar\" \/>\n<meta property=\"article:publisher\" content=\"https:\/\/www.facebook.com\/designradar\" \/>\n<meta property=\"article:modified_time\" content=\"2026-03-19T16:15:28+00:00\" \/>\n<meta property=\"og:image\" content=\"https:\/\/www.designradar.com\/wp-content\/uploads\/2023\/10\/Generative-Fill-1.jpg\" \/>\n\t<meta property=\"og:image:width\" content=\"1024\" \/>\n\t<meta property=\"og:image:height\" content=\"1120\" \/>\n\t<meta property=\"og:image:type\" content=\"image\/jpeg\" \/>\n<meta name=\"twitter:card\" content=\"summary_large_image\" \/>\n<meta name=\"twitter:label1\" content=\"Est. reading time\" \/>\n\t<meta name=\"twitter:data1\" content=\"1 minute\" \/>\n<script type=\"application\/ld+json\" class=\"yoast-schema-graph\">{\"@context\":\"https:\\\/\\\/schema.org\",\"@graph\":[{\"@type\":\"WebPage\",\"@id\":\"https:\\\/\\\/www.designradar.com\\\/product\\\/profil-tip-plinta-si-scafa-ascunsa-shadow-gap\\\/\",\"url\":\"https:\\\/\\\/www.designradar.com\\\/product\\\/profil-tip-plinta-si-scafa-ascunsa-shadow-gap\\\/\",\"name\":\"Profil tip plint\u0103 \u0219i scaf\u0103 ascuns\u0103 Shadow Gap Model 2, Negru Anodizat, L2,7m - Design Radar\",\"isPartOf\":{\"@id\":\"https:\\\/\\\/www.designradar.com\\\/#website\"},\"primaryImageOfPage\":{\"@id\":\"https:\\\/\\\/www.designradar.com\\\/product\\\/profil-tip-plinta-si-scafa-ascunsa-shadow-gap\\\/#primaryimage\"},\"image\":{\"@id\":\"https:\\\/\\\/www.designradar.com\\\/product\\\/profil-tip-plinta-si-scafa-ascunsa-shadow-gap\\\/#primaryimage\"},\"thumbnailUrl\":\"https:\\\/\\\/www.designradar.com\\\/wp-content\\\/uploads\\\/2023\\\/10\\\/Generative-Fill-1.jpg\",\"datePublished\":\"2024-05-25T11:54:23+00:00\",\"dateModified\":\"2026-03-19T16:15:28+00:00\",\"breadcrumb\":{\"@id\":\"https:\\\/\\\/www.designradar.com\\\/product\\\/profil-tip-plinta-si-scafa-ascunsa-shadow-gap\\\/#breadcrumb\"},\"inLanguage\":\"en-US\",\"potentialAction\":[{\"@type\":\"ReadAction\",\"target\":[\"https:\\\/\\\/www.designradar.com\\\/product\\\/profil-tip-plinta-si-scafa-ascunsa-shadow-gap\\\/\"]}]},{\"@type\":\"ImageObject\",\"inLanguage\":\"en-US\",\"@id\":\"https:\\\/\\\/www.designradar.com\\\/product\\\/profil-tip-plinta-si-scafa-ascunsa-shadow-gap\\\/#primaryimage\",\"url\":\"https:\\\/\\\/www.designradar.com\\\/wp-content\\\/uploads\\\/2023\\\/10\\\/Generative-Fill-1.jpg\",\"contentUrl\":\"https:\\\/\\\/www.designradar.com\\\/wp-content\\\/uploads\\\/2023\\\/10\\\/Generative-Fill-1.jpg\",\"width\":1024,\"height\":1120},{\"@type\":\"BreadcrumbList\",\"@id\":\"https:\\\/\\\/www.designradar.com\\\/product\\\/profil-tip-plinta-si-scafa-ascunsa-shadow-gap\\\/#breadcrumb\",\"itemListElement\":[{\"@type\":\"ListItem\",\"position\":1,\"name\":\"Prima pagin\u0103\",\"item\":\"https:\\\/\\\/www.designradar.com\\\/\"},{\"@type\":\"ListItem\",\"position\":2,\"name\":\"Shop\",\"item\":\"https:\\\/\\\/www.designradar.com\\\/shop\\\/\"},{\"@type\":\"ListItem\",\"position\":3,\"name\":\"Profil tip plint\u0103 \u0219i scaf\u0103 ascuns\u0103 Shadow Gap Model 2, Negru Anodizat, L2,7m\"}]},{\"@type\":\"WebSite\",\"@id\":\"https:\\\/\\\/www.designradar.com\\\/#website\",\"url\":\"https:\\\/\\\/www.designradar.com\\\/\",\"name\":\"Design Radar\",\"description\":\"\ud835\udde2\ud835\uddfb\ud835\uddf2 \ud835\udde6\ud835\ude01\ud835\uddf2\ud835\uddfd \ud835\uddd4\ud835\uddf5\ud835\uddf2\ud835\uddee\ud835\uddf1.\",\"publisher\":{\"@id\":\"https:\\\/\\\/www.designradar.com\\\/#organization\"},\"potentialAction\":[{\"@type\":\"SearchAction\",\"target\":{\"@type\":\"EntryPoint\",\"urlTemplate\":\"https:\\\/\\\/www.designradar.com\\\/?s={search_term_string}\"},\"query-input\":{\"@type\":\"PropertyValueSpecification\",\"valueRequired\":true,\"valueName\":\"search_term_string\"}}],\"inLanguage\":\"en-US\"},{\"@type\":\"Organization\",\"@id\":\"https:\\\/\\\/www.designradar.com\\\/#organization\",\"name\":\"Design Radar\",\"url\":\"https:\\\/\\\/www.designradar.com\\\/\",\"logo\":{\"@type\":\"ImageObject\",\"inLanguage\":\"en-US\",\"@id\":\"https:\\\/\\\/www.designradar.com\\\/#\\\/schema\\\/logo\\\/image\\\/\",\"url\":\"https:\\\/\\\/www.designradar.com\\\/wp-content\\\/uploads\\\/2023\\\/02\\\/designRadar_logo_wide.svg\",\"contentUrl\":\"https:\\\/\\\/www.designradar.com\\\/wp-content\\\/uploads\\\/2023\\\/02\\\/designRadar_logo_wide.svg\",\"width\":200,\"height\":75,\"caption\":\"Design Radar\"},\"image\":{\"@id\":\"https:\\\/\\\/www.designradar.com\\\/#\\\/schema\\\/logo\\\/image\\\/\"},\"sameAs\":[\"https:\\\/\\\/www.facebook.com\\\/designradar\",\"https:\\\/\\\/www.instagram.com\\\/designradar.store\\\/\",\"https:\\\/\\\/www.tiktok.com\\\/@designradar\",\"https:\\\/\\\/www.youtube.com\\\/@designradar\",\"https:\\\/\\\/www.linkedin.com\\\/company\\\/designradar\\\/\",\"https:\\\/\\\/pinterest.com\\\/designradar_com\\\/\"]}]}<\/script>\n<!-- \/ Yoast SEO plugin. -->","yoast_head_json":{"title":"Profil tip plint\u0103 \u0219i scaf\u0103 ascuns\u0103 Shadow Gap Model 2, Negru Anodizat, L2,7m - Design Radar","robots":{"index":"index","follow":"follow","max-snippet":"max-snippet:-1","max-image-preview":"max-image-preview:large","max-video-preview":"max-video-preview:-1"},"canonical":"https:\/\/www.designradar.com\/product\/profil-tip-plinta-si-scafa-ascunsa-shadow-gap\/","og_locale":"en_US","og_type":"article","og_title":"Profil tip plint\u0103 \u0219i scaf\u0103 ascuns\u0103 Shadow Gap Model 2, Negru Anodizat, L2,7m - Design Radar","og_description":"Efect de perete plutitor","og_url":"https:\/\/www.designradar.com\/product\/profil-tip-plinta-si-scafa-ascunsa-shadow-gap\/","og_site_name":"Design Radar","article_publisher":"https:\/\/www.facebook.com\/designradar","article_modified_time":"2026-03-19T16:15:28+00:00","og_image":[{"width":1024,"height":1120,"url":"https:\/\/www.designradar.com\/wp-content\/uploads\/2023\/10\/Generative-Fill-1.jpg","type":"image\/jpeg"}],"twitter_card":"summary_large_image","twitter_misc":{"Est. reading time":"1 minute"},"schema":{"@context":"https:\/\/schema.org","@graph":[{"@type":"WebPage","@id":"https:\/\/www.designradar.com\/product\/profil-tip-plinta-si-scafa-ascunsa-shadow-gap\/","url":"https:\/\/www.designradar.com\/product\/profil-tip-plinta-si-scafa-ascunsa-shadow-gap\/","name":"Profil tip plint\u0103 \u0219i scaf\u0103 ascuns\u0103 Shadow Gap Model 2, Negru Anodizat, L2,7m - Design Radar","isPartOf":{"@id":"https:\/\/www.designradar.com\/#website"},"primaryImageOfPage":{"@id":"https:\/\/www.designradar.com\/product\/profil-tip-plinta-si-scafa-ascunsa-shadow-gap\/#primaryimage"},"image":{"@id":"https:\/\/www.designradar.com\/product\/profil-tip-plinta-si-scafa-ascunsa-shadow-gap\/#primaryimage"},"thumbnailUrl":"https:\/\/www.designradar.com\/wp-content\/uploads\/2023\/10\/Generative-Fill-1.jpg","datePublished":"2024-05-25T11:54:23+00:00","dateModified":"2026-03-19T16:15:28+00:00","breadcrumb":{"@id":"https:\/\/www.designradar.com\/product\/profil-tip-plinta-si-scafa-ascunsa-shadow-gap\/#breadcrumb"},"inLanguage":"en-US","potentialAction":[{"@type":"ReadAction","target":["https:\/\/www.designradar.com\/product\/profil-tip-plinta-si-scafa-ascunsa-shadow-gap\/"]}]},{"@type":"ImageObject","inLanguage":"en-US","@id":"https:\/\/www.designradar.com\/product\/profil-tip-plinta-si-scafa-ascunsa-shadow-gap\/#primaryimage","url":"https:\/\/www.designradar.com\/wp-content\/uploads\/2023\/10\/Generative-Fill-1.jpg","contentUrl":"https:\/\/www.designradar.com\/wp-content\/uploads\/2023\/10\/Generative-Fill-1.jpg","width":1024,"height":1120},{"@type":"BreadcrumbList","@id":"https:\/\/www.designradar.com\/product\/profil-tip-plinta-si-scafa-ascunsa-shadow-gap\/#breadcrumb","itemListElement":[{"@type":"ListItem","position":1,"name":"Prima pagin\u0103","item":"https:\/\/www.designradar.com\/"},{"@type":"ListItem","position":2,"name":"Shop","item":"https:\/\/www.designradar.com\/shop\/"},{"@type":"ListItem","position":3,"name":"Profil tip plint\u0103 \u0219i scaf\u0103 ascuns\u0103 Shadow Gap Model 2, Negru Anodizat, L2,7m"}]},{"@type":"WebSite","@id":"https:\/\/www.designradar.com\/#website","url":"https:\/\/www.designradar.com\/","name":"Design Radar","description":"\ud835\udde2\ud835\uddfb\ud835\uddf2 \ud835\udde6\ud835\ude01\ud835\uddf2\ud835\uddfd \ud835\uddd4\ud835\uddf5\ud835\uddf2\ud835\uddee\ud835\uddf1.","publisher":{"@id":"https:\/\/www.designradar.com\/#organization"},"potentialAction":[{"@type":"SearchAction","target":{"@type":"EntryPoint","urlTemplate":"https:\/\/www.designradar.com\/?s={search_term_string}"},"query-input":{"@type":"PropertyValueSpecification","valueRequired":true,"valueName":"search_term_string"}}],"inLanguage":"en-US"},{"@type":"Organization","@id":"https:\/\/www.designradar.com\/#organization","name":"Design Radar","url":"https:\/\/www.designradar.com\/","logo":{"@type":"ImageObject","inLanguage":"en-US","@id":"https:\/\/www.designradar.com\/#\/schema\/logo\/image\/","url":"https:\/\/www.designradar.com\/wp-content\/uploads\/2023\/02\/designRadar_logo_wide.svg","contentUrl":"https:\/\/www.designradar.com\/wp-content\/uploads\/2023\/02\/designRadar_logo_wide.svg","width":200,"height":75,"caption":"Design Radar"},"image":{"@id":"https:\/\/www.designradar.com\/#\/schema\/logo\/image\/"},"sameAs":["https:\/\/www.facebook.com\/designradar","https:\/\/www.instagram.com\/designradar.store\/","https:\/\/www.tiktok.com\/@designradar","https:\/\/www.youtube.com\/@designradar","https:\/\/www.linkedin.com\/company\/designradar\/","https:\/\/pinterest.com\/designradar_com\/"]}]}},"_links":{"self":[{"href":"https:\/\/www.designradar.com\/en\/wp-json\/wp\/v2\/product\/20053","targetHints":{"allow":["GET"]}}],"collection":[{"href":"https:\/\/www.designradar.com\/en\/wp-json\/wp\/v2\/product"}],"about":[{"href":"https:\/\/www.designradar.com\/en\/wp-json\/wp\/v2\/types\/product"}],"version-history":[{"count":7,"href":"https:\/\/www.designradar.com\/en\/wp-json\/wp\/v2\/product\/20053\/revisions"}],"predecessor-version":[{"id":25593,"href":"https:\/\/www.designradar.com\/en\/wp-json\/wp\/v2\/product\/20053\/revisions\/25593"}],"wp:featuredmedia":[{"embeddable":true,"href":"https:\/\/www.designradar.com\/en\/wp-json\/wp\/v2\/media\/13324"}],"wp:attachment":[{"href":"https:\/\/www.designradar.com\/en\/wp-json\/wp\/v2\/media?parent=20053"}],"wp:term":[{"taxonomy":"product_cat","embeddable":true,"href":"https:\/\/www.designradar.com\/en\/wp-json\/wp\/v2\/product_cat?post=20053"},{"taxonomy":"product_tag","embeddable":true,"href":"https:\/\/www.designradar.com\/en\/wp-json\/wp\/v2\/product_tag?post=20053"}],"curies":[{"name":"wp","href":"https:\/\/api.w.org\/{rel}","templated":true}]}}