{"id":26123,"date":"2025-11-26T17:26:46","date_gmt":"2025-11-26T15:26:46","guid":{"rendered":"https:\/\/www.designradar.com\/?post_type=product&#038;p=26123"},"modified":"2026-01-08T10:53:00","modified_gmt":"2026-01-08T08:53:00","slug":"lampa-suspendata-roller","status":"publish","type":"product","link":"https:\/\/www.designradar.com\/en\/product\/lampa-suspendata-roller\/","title":{"rendered":"Lamp\u0103 suspendat\u0103 Roller"},"content":{"rendered":"<p>Inspirat\u0103 de vechile tije din sticl\u0103 industrial\u0103 solid\u0103 \u0219i de tendin\u021bele actuale \u00een iluminat, cu o not\u0103 futurist\u0103. Obiectivul a fost crearea unei linii orizontale de lumin\u0103 care s\u0103 ilumineze mesele de dining, s\u0103lile de \u0219edin\u021b\u0103, spa\u021biile de lucru \u0219i zonele conexe. Rezultatul este un corp cilindric cu sec\u021biune striat\u0103, care adaug\u0103 dinamism abajurului \u0219i difuzeaz\u0103 uniform lumina prin piatra de alabastru.<br \/>\nDe-a lungul \u00eentregii lungimi a abajurului a fost creat\u0103 o deschidere inferioar\u0103. Lumina emis\u0103 este semi-direct\u0103, complet f\u0103r\u0103 orbire, orientat\u0103 spre suprafa\u021ba mesei, iar spre \u00eemprejurimi este difuzat\u0103 o lumin\u0103 ambiental\u0103 pl\u0103cut\u0103.<br \/>\nDesign de Joan Casanyes.<\/p>\n<p>Pre\u021bul afi\u0219at este valabil pentru dimensiunea de 100 mm x 1200mm (produsul din imagine).<\/p>\n<p>Temperatura de culoare: 3000 K<br \/>\nMaterial de baza: Alabastru<\/p>\n<p>Pre\u021bul afi\u0219at include TVA.<\/p>\n<p>&nbsp;<\/p>\n","protected":false},"excerpt":{"rendered":"<p>Iluminat cilindric striat, cu lumin\u0103 semi-direct\u0103 \u0219i atmosfer\u0103 rafinat\u0103.<\/p>\n","protected":false},"featured_media":26236,"template":"","meta":{"_acf_changed":false},"product_cat":[174,219],"product_tag":[],"class_list":{"0":"post-26123","1":"product","2":"type-product","3":"status-publish","4":"has-post-thumbnail","6":"product_cat-iluminat","7":"product_cat-lumini-suspendate","9":"first","10":"onbackorder","11":"taxable","12":"shipping-taxable","13":"purchasable","14":"product-type-simple","swatches":"rey-swatches","show_selected":"","stretch_labels":"rey-swatches--stretch-labels"},"acf":[],"yoast_head":"<!-- This site is optimized with the Yoast SEO plugin v27.4 - https:\/\/yoast.com\/product\/yoast-seo-wordpress\/ -->\n<title>Lamp\u0103 suspendat\u0103 Roller - Design Radar<\/title>\n<meta name=\"robots\" content=\"index, follow, max-snippet:-1, max-image-preview:large, max-video-preview:-1\" \/>\n<link rel=\"canonical\" href=\"https:\/\/www.designradar.com\/product\/lampa-suspendata-roller\/\" \/>\n<meta property=\"og:locale\" content=\"en_US\" \/>\n<meta property=\"og:type\" content=\"article\" \/>\n<meta property=\"og:title\" content=\"Lamp\u0103 suspendat\u0103 Roller - Design Radar\" \/>\n<meta property=\"og:description\" content=\"Iluminat cilindric striat, cu lumin\u0103 semi-direct\u0103 \u0219i atmosfer\u0103 rafinat\u0103.\" \/>\n<meta property=\"og:url\" content=\"https:\/\/www.designradar.com\/product\/lampa-suspendata-roller\/\" \/>\n<meta property=\"og:site_name\" content=\"Design Radar\" \/>\n<meta property=\"article:publisher\" content=\"https:\/\/www.facebook.com\/designradar\" \/>\n<meta property=\"article:modified_time\" content=\"2026-01-08T08:53:00+00:00\" \/>\n<meta property=\"og:image\" content=\"https:\/\/www.designradar.com\/wp-content\/uploads\/2025\/11\/Generative-Fill-13.png\" \/>\n\t<meta property=\"og:image:width\" content=\"1024\" \/>\n\t<meta property=\"og:image:height\" content=\"1120\" \/>\n\t<meta property=\"og:image:type\" content=\"image\/png\" \/>\n<meta name=\"twitter:card\" content=\"summary_large_image\" \/>\n<meta name=\"twitter:label1\" content=\"Est. reading time\" \/>\n\t<meta name=\"twitter:data1\" content=\"1 minute\" \/>\n<script type=\"application\/ld+json\" class=\"yoast-schema-graph\">{\"@context\":\"https:\\\/\\\/schema.org\",\"@graph\":[{\"@type\":\"WebPage\",\"@id\":\"https:\\\/\\\/www.designradar.com\\\/product\\\/lampa-suspendata-roller\\\/\",\"url\":\"https:\\\/\\\/www.designradar.com\\\/product\\\/lampa-suspendata-roller\\\/\",\"name\":\"Lamp\u0103 suspendat\u0103 Roller - Design Radar\",\"isPartOf\":{\"@id\":\"https:\\\/\\\/www.designradar.com\\\/#website\"},\"primaryImageOfPage\":{\"@id\":\"https:\\\/\\\/www.designradar.com\\\/product\\\/lampa-suspendata-roller\\\/#primaryimage\"},\"image\":{\"@id\":\"https:\\\/\\\/www.designradar.com\\\/product\\\/lampa-suspendata-roller\\\/#primaryimage\"},\"thumbnailUrl\":\"https:\\\/\\\/www.designradar.com\\\/wp-content\\\/uploads\\\/2025\\\/11\\\/Generative-Fill-13.png\",\"datePublished\":\"2025-11-26T15:26:46+00:00\",\"dateModified\":\"2026-01-08T08:53:00+00:00\",\"breadcrumb\":{\"@id\":\"https:\\\/\\\/www.designradar.com\\\/product\\\/lampa-suspendata-roller\\\/#breadcrumb\"},\"inLanguage\":\"en-US\",\"potentialAction\":[{\"@type\":\"ReadAction\",\"target\":[\"https:\\\/\\\/www.designradar.com\\\/product\\\/lampa-suspendata-roller\\\/\"]}]},{\"@type\":\"ImageObject\",\"inLanguage\":\"en-US\",\"@id\":\"https:\\\/\\\/www.designradar.com\\\/product\\\/lampa-suspendata-roller\\\/#primaryimage\",\"url\":\"https:\\\/\\\/www.designradar.com\\\/wp-content\\\/uploads\\\/2025\\\/11\\\/Generative-Fill-13.png\",\"contentUrl\":\"https:\\\/\\\/www.designradar.com\\\/wp-content\\\/uploads\\\/2025\\\/11\\\/Generative-Fill-13.png\",\"width\":1024,\"height\":1120},{\"@type\":\"BreadcrumbList\",\"@id\":\"https:\\\/\\\/www.designradar.com\\\/product\\\/lampa-suspendata-roller\\\/#breadcrumb\",\"itemListElement\":[{\"@type\":\"ListItem\",\"position\":1,\"name\":\"Prima pagin\u0103\",\"item\":\"https:\\\/\\\/www.designradar.com\\\/\"},{\"@type\":\"ListItem\",\"position\":2,\"name\":\"Shop\",\"item\":\"https:\\\/\\\/www.designradar.com\\\/shop\\\/\"},{\"@type\":\"ListItem\",\"position\":3,\"name\":\"Lamp\u0103 suspendat\u0103 Roller\"}]},{\"@type\":\"WebSite\",\"@id\":\"https:\\\/\\\/www.designradar.com\\\/#website\",\"url\":\"https:\\\/\\\/www.designradar.com\\\/\",\"name\":\"Design Radar\",\"description\":\"\ud835\udde2\ud835\uddfb\ud835\uddf2 \ud835\udde6\ud835\ude01\ud835\uddf2\ud835\uddfd \ud835\uddd4\ud835\uddf5\ud835\uddf2\ud835\uddee\ud835\uddf1.\",\"publisher\":{\"@id\":\"https:\\\/\\\/www.designradar.com\\\/#organization\"},\"potentialAction\":[{\"@type\":\"SearchAction\",\"target\":{\"@type\":\"EntryPoint\",\"urlTemplate\":\"https:\\\/\\\/www.designradar.com\\\/?s={search_term_string}\"},\"query-input\":{\"@type\":\"PropertyValueSpecification\",\"valueRequired\":true,\"valueName\":\"search_term_string\"}}],\"inLanguage\":\"en-US\"},{\"@type\":\"Organization\",\"@id\":\"https:\\\/\\\/www.designradar.com\\\/#organization\",\"name\":\"Design Radar\",\"url\":\"https:\\\/\\\/www.designradar.com\\\/\",\"logo\":{\"@type\":\"ImageObject\",\"inLanguage\":\"en-US\",\"@id\":\"https:\\\/\\\/www.designradar.com\\\/#\\\/schema\\\/logo\\\/image\\\/\",\"url\":\"https:\\\/\\\/www.designradar.com\\\/wp-content\\\/uploads\\\/2023\\\/02\\\/designRadar_logo_wide.svg\",\"contentUrl\":\"https:\\\/\\\/www.designradar.com\\\/wp-content\\\/uploads\\\/2023\\\/02\\\/designRadar_logo_wide.svg\",\"width\":200,\"height\":75,\"caption\":\"Design Radar\"},\"image\":{\"@id\":\"https:\\\/\\\/www.designradar.com\\\/#\\\/schema\\\/logo\\\/image\\\/\"},\"sameAs\":[\"https:\\\/\\\/www.facebook.com\\\/designradar\",\"https:\\\/\\\/www.instagram.com\\\/designradar.store\\\/\",\"https:\\\/\\\/www.tiktok.com\\\/@designradar\",\"https:\\\/\\\/www.youtube.com\\\/@designradar\",\"https:\\\/\\\/www.linkedin.com\\\/company\\\/designradar\\\/\",\"https:\\\/\\\/pinterest.com\\\/designradar_com\\\/\"]}]}<\/script>\n<!-- \/ Yoast SEO plugin. -->","yoast_head_json":{"title":"Lamp\u0103 suspendat\u0103 Roller - Design Radar","robots":{"index":"index","follow":"follow","max-snippet":"max-snippet:-1","max-image-preview":"max-image-preview:large","max-video-preview":"max-video-preview:-1"},"canonical":"https:\/\/www.designradar.com\/product\/lampa-suspendata-roller\/","og_locale":"en_US","og_type":"article","og_title":"Lamp\u0103 suspendat\u0103 Roller - Design Radar","og_description":"Iluminat cilindric striat, cu lumin\u0103 semi-direct\u0103 \u0219i atmosfer\u0103 rafinat\u0103.","og_url":"https:\/\/www.designradar.com\/product\/lampa-suspendata-roller\/","og_site_name":"Design Radar","article_publisher":"https:\/\/www.facebook.com\/designradar","article_modified_time":"2026-01-08T08:53:00+00:00","og_image":[{"width":1024,"height":1120,"url":"https:\/\/www.designradar.com\/wp-content\/uploads\/2025\/11\/Generative-Fill-13.png","type":"image\/png"}],"twitter_card":"summary_large_image","twitter_misc":{"Est. reading time":"1 minute"},"schema":{"@context":"https:\/\/schema.org","@graph":[{"@type":"WebPage","@id":"https:\/\/www.designradar.com\/product\/lampa-suspendata-roller\/","url":"https:\/\/www.designradar.com\/product\/lampa-suspendata-roller\/","name":"Lamp\u0103 suspendat\u0103 Roller - Design Radar","isPartOf":{"@id":"https:\/\/www.designradar.com\/#website"},"primaryImageOfPage":{"@id":"https:\/\/www.designradar.com\/product\/lampa-suspendata-roller\/#primaryimage"},"image":{"@id":"https:\/\/www.designradar.com\/product\/lampa-suspendata-roller\/#primaryimage"},"thumbnailUrl":"https:\/\/www.designradar.com\/wp-content\/uploads\/2025\/11\/Generative-Fill-13.png","datePublished":"2025-11-26T15:26:46+00:00","dateModified":"2026-01-08T08:53:00+00:00","breadcrumb":{"@id":"https:\/\/www.designradar.com\/product\/lampa-suspendata-roller\/#breadcrumb"},"inLanguage":"en-US","potentialAction":[{"@type":"ReadAction","target":["https:\/\/www.designradar.com\/product\/lampa-suspendata-roller\/"]}]},{"@type":"ImageObject","inLanguage":"en-US","@id":"https:\/\/www.designradar.com\/product\/lampa-suspendata-roller\/#primaryimage","url":"https:\/\/www.designradar.com\/wp-content\/uploads\/2025\/11\/Generative-Fill-13.png","contentUrl":"https:\/\/www.designradar.com\/wp-content\/uploads\/2025\/11\/Generative-Fill-13.png","width":1024,"height":1120},{"@type":"BreadcrumbList","@id":"https:\/\/www.designradar.com\/product\/lampa-suspendata-roller\/#breadcrumb","itemListElement":[{"@type":"ListItem","position":1,"name":"Prima pagin\u0103","item":"https:\/\/www.designradar.com\/"},{"@type":"ListItem","position":2,"name":"Shop","item":"https:\/\/www.designradar.com\/shop\/"},{"@type":"ListItem","position":3,"name":"Lamp\u0103 suspendat\u0103 Roller"}]},{"@type":"WebSite","@id":"https:\/\/www.designradar.com\/#website","url":"https:\/\/www.designradar.com\/","name":"Design Radar","description":"\ud835\udde2\ud835\uddfb\ud835\uddf2 \ud835\udde6\ud835\ude01\ud835\uddf2\ud835\uddfd \ud835\uddd4\ud835\uddf5\ud835\uddf2\ud835\uddee\ud835\uddf1.","publisher":{"@id":"https:\/\/www.designradar.com\/#organization"},"potentialAction":[{"@type":"SearchAction","target":{"@type":"EntryPoint","urlTemplate":"https:\/\/www.designradar.com\/?s={search_term_string}"},"query-input":{"@type":"PropertyValueSpecification","valueRequired":true,"valueName":"search_term_string"}}],"inLanguage":"en-US"},{"@type":"Organization","@id":"https:\/\/www.designradar.com\/#organization","name":"Design Radar","url":"https:\/\/www.designradar.com\/","logo":{"@type":"ImageObject","inLanguage":"en-US","@id":"https:\/\/www.designradar.com\/#\/schema\/logo\/image\/","url":"https:\/\/www.designradar.com\/wp-content\/uploads\/2023\/02\/designRadar_logo_wide.svg","contentUrl":"https:\/\/www.designradar.com\/wp-content\/uploads\/2023\/02\/designRadar_logo_wide.svg","width":200,"height":75,"caption":"Design Radar"},"image":{"@id":"https:\/\/www.designradar.com\/#\/schema\/logo\/image\/"},"sameAs":["https:\/\/www.facebook.com\/designradar","https:\/\/www.instagram.com\/designradar.store\/","https:\/\/www.tiktok.com\/@designradar","https:\/\/www.youtube.com\/@designradar","https:\/\/www.linkedin.com\/company\/designradar\/","https:\/\/pinterest.com\/designradar_com\/"]}]}},"_links":{"self":[{"href":"https:\/\/www.designradar.com\/en\/wp-json\/wp\/v2\/product\/26123","targetHints":{"allow":["GET"]}}],"collection":[{"href":"https:\/\/www.designradar.com\/en\/wp-json\/wp\/v2\/product"}],"about":[{"href":"https:\/\/www.designradar.com\/en\/wp-json\/wp\/v2\/types\/product"}],"version-history":[{"count":3,"href":"https:\/\/www.designradar.com\/en\/wp-json\/wp\/v2\/product\/26123\/revisions"}],"predecessor-version":[{"id":26338,"href":"https:\/\/www.designradar.com\/en\/wp-json\/wp\/v2\/product\/26123\/revisions\/26338"}],"wp:featuredmedia":[{"embeddable":true,"href":"https:\/\/www.designradar.com\/en\/wp-json\/wp\/v2\/media\/26236"}],"wp:attachment":[{"href":"https:\/\/www.designradar.com\/en\/wp-json\/wp\/v2\/media?parent=26123"}],"wp:term":[{"taxonomy":"product_cat","embeddable":true,"href":"https:\/\/www.designradar.com\/en\/wp-json\/wp\/v2\/product_cat?post=26123"},{"taxonomy":"product_tag","embeddable":true,"href":"https:\/\/www.designradar.com\/en\/wp-json\/wp\/v2\/product_tag?post=26123"}],"curies":[{"name":"wp","href":"https:\/\/api.w.org\/{rel}","templated":true}]}}