{"id":26129,"date":"2025-11-26T17:34:40","date_gmt":"2025-11-26T15:34:40","guid":{"rendered":"https:\/\/www.designradar.com\/?post_type=product&#038;p=26129"},"modified":"2026-01-08T10:53:00","modified_gmt":"2026-01-08T08:53:00","slug":"lampa-suspendata-flamingo-1550","status":"publish","type":"product","link":"https:\/\/www.designradar.com\/en\/product\/lampa-suspendata-flamingo-1550\/","title":{"rendered":"Lamp\u0103 suspendat\u0103 FLAMINGO 1550"},"content":{"rendered":"<p>Designerul Antoni Arola a creat colec\u021bia de l\u0103mpi Flamingo pentru Vibia. Aceast\u0103 colec\u021bie de suspensii ofer\u0103 o lumin\u0103 ambiental\u0103 printr-un difuzor translucid din material termoplastic, care func\u021bioneaz\u0103 ca un spot datorit\u0103 sursei LED. Flamingo \u00eembin\u0103 o estetic\u0103 poetic\u0103 \u0219i spectaculoas\u0103 cu un design func\u021bional \u0219i performant. Vibia produce modelul \u00een multiple variante, p\u0103str\u00e2nd acela\u0219i concept, astfel \u00eenc\u00e2t utilizatorul poate alege versiunea potrivit\u0103 pentru propriul decor. Disponibil\u0103 \u00een mai multe finisaje inspirate din tendin\u021bele actuale de design.<\/p>\n<p>Pre\u021bul afi\u0219at este valabil pentru dimensiunea standard de 70 cm diametru (produsul din imagine).<\/p>\n<p>Temperatur\u0103 de culoare: 2700K\/ 3000 K<br \/>\nLungime cablu: maxim 2m de la tavan<br \/>\nCuloare Produs: Grafit\/ Auriu\/ Cupru\/ Alb<\/p>\n<div>CRI&gt;90<\/div>\n<div>Pre\u021bul afi\u0219at include TVA<\/div>\n","protected":false},"excerpt":{"rendered":"<p>Flamingo \u2013 lumin\u0103 poetic\u0103, difuz\u0103 \u0219i elegant\u0103, cu design contemporan.<\/p>\n","protected":false},"featured_media":26186,"template":"","meta":{"_acf_changed":false},"product_cat":[174,219],"product_tag":[],"class_list":{"0":"post-26129","1":"product","2":"type-product","3":"status-publish","4":"has-post-thumbnail","6":"product_cat-iluminat","7":"product_cat-lumini-suspendate","8":"pa_product-brand-vibia","10":"first","11":"onbackorder","12":"taxable","13":"shipping-taxable","14":"purchasable","15":"product-type-simple","swatches":"rey-swatches","show_selected":"","stretch_labels":"rey-swatches--stretch-labels"},"acf":[],"yoast_head":"<!-- This site is optimized with the Yoast SEO plugin v27.4 - https:\/\/yoast.com\/product\/yoast-seo-wordpress\/ -->\n<title>Lamp\u0103 suspendat\u0103 FLAMINGO 1550 - Design Radar<\/title>\n<meta name=\"robots\" content=\"index, follow, max-snippet:-1, max-image-preview:large, max-video-preview:-1\" \/>\n<link rel=\"canonical\" href=\"https:\/\/www.designradar.com\/product\/lampa-suspendata-flamingo-1550\/\" \/>\n<meta property=\"og:locale\" content=\"en_US\" \/>\n<meta property=\"og:type\" content=\"article\" \/>\n<meta property=\"og:title\" content=\"Lamp\u0103 suspendat\u0103 FLAMINGO 1550 - Design Radar\" \/>\n<meta property=\"og:description\" content=\"Flamingo \u2013 lumin\u0103 poetic\u0103, difuz\u0103 \u0219i elegant\u0103, cu design contemporan.\" \/>\n<meta property=\"og:url\" content=\"https:\/\/www.designradar.com\/product\/lampa-suspendata-flamingo-1550\/\" \/>\n<meta property=\"og:site_name\" content=\"Design Radar\" \/>\n<meta property=\"article:publisher\" content=\"https:\/\/www.facebook.com\/designradar\" \/>\n<meta property=\"article:modified_time\" content=\"2026-01-08T08:53:00+00:00\" \/>\n<meta property=\"og:image\" content=\"https:\/\/www.designradar.com\/wp-content\/uploads\/2025\/11\/flamingo5.png\" \/>\n\t<meta property=\"og:image:width\" content=\"770\" \/>\n\t<meta property=\"og:image:height\" content=\"770\" \/>\n\t<meta property=\"og:image:type\" content=\"image\/png\" \/>\n<meta name=\"twitter:card\" content=\"summary_large_image\" \/>\n<meta name=\"twitter:label1\" content=\"Est. reading time\" \/>\n\t<meta name=\"twitter:data1\" content=\"1 minute\" \/>\n<script type=\"application\/ld+json\" class=\"yoast-schema-graph\">{\"@context\":\"https:\\\/\\\/schema.org\",\"@graph\":[{\"@type\":\"WebPage\",\"@id\":\"https:\\\/\\\/www.designradar.com\\\/product\\\/lampa-suspendata-flamingo-1550\\\/\",\"url\":\"https:\\\/\\\/www.designradar.com\\\/product\\\/lampa-suspendata-flamingo-1550\\\/\",\"name\":\"Lamp\u0103 suspendat\u0103 FLAMINGO 1550 - Design Radar\",\"isPartOf\":{\"@id\":\"https:\\\/\\\/www.designradar.com\\\/#website\"},\"primaryImageOfPage\":{\"@id\":\"https:\\\/\\\/www.designradar.com\\\/product\\\/lampa-suspendata-flamingo-1550\\\/#primaryimage\"},\"image\":{\"@id\":\"https:\\\/\\\/www.designradar.com\\\/product\\\/lampa-suspendata-flamingo-1550\\\/#primaryimage\"},\"thumbnailUrl\":\"https:\\\/\\\/www.designradar.com\\\/wp-content\\\/uploads\\\/2025\\\/11\\\/flamingo5.png\",\"datePublished\":\"2025-11-26T15:34:40+00:00\",\"dateModified\":\"2026-01-08T08:53:00+00:00\",\"breadcrumb\":{\"@id\":\"https:\\\/\\\/www.designradar.com\\\/product\\\/lampa-suspendata-flamingo-1550\\\/#breadcrumb\"},\"inLanguage\":\"en-US\",\"potentialAction\":[{\"@type\":\"ReadAction\",\"target\":[\"https:\\\/\\\/www.designradar.com\\\/product\\\/lampa-suspendata-flamingo-1550\\\/\"]}]},{\"@type\":\"ImageObject\",\"inLanguage\":\"en-US\",\"@id\":\"https:\\\/\\\/www.designradar.com\\\/product\\\/lampa-suspendata-flamingo-1550\\\/#primaryimage\",\"url\":\"https:\\\/\\\/www.designradar.com\\\/wp-content\\\/uploads\\\/2025\\\/11\\\/flamingo5.png\",\"contentUrl\":\"https:\\\/\\\/www.designradar.com\\\/wp-content\\\/uploads\\\/2025\\\/11\\\/flamingo5.png\",\"width\":770,\"height\":770},{\"@type\":\"BreadcrumbList\",\"@id\":\"https:\\\/\\\/www.designradar.com\\\/product\\\/lampa-suspendata-flamingo-1550\\\/#breadcrumb\",\"itemListElement\":[{\"@type\":\"ListItem\",\"position\":1,\"name\":\"Prima pagin\u0103\",\"item\":\"https:\\\/\\\/www.designradar.com\\\/\"},{\"@type\":\"ListItem\",\"position\":2,\"name\":\"Shop\",\"item\":\"https:\\\/\\\/www.designradar.com\\\/shop\\\/\"},{\"@type\":\"ListItem\",\"position\":3,\"name\":\"Lamp\u0103 suspendat\u0103 FLAMINGO 1550\"}]},{\"@type\":\"WebSite\",\"@id\":\"https:\\\/\\\/www.designradar.com\\\/#website\",\"url\":\"https:\\\/\\\/www.designradar.com\\\/\",\"name\":\"Design Radar\",\"description\":\"\ud835\udde2\ud835\uddfb\ud835\uddf2 \ud835\udde6\ud835\ude01\ud835\uddf2\ud835\uddfd \ud835\uddd4\ud835\uddf5\ud835\uddf2\ud835\uddee\ud835\uddf1.\",\"publisher\":{\"@id\":\"https:\\\/\\\/www.designradar.com\\\/#organization\"},\"potentialAction\":[{\"@type\":\"SearchAction\",\"target\":{\"@type\":\"EntryPoint\",\"urlTemplate\":\"https:\\\/\\\/www.designradar.com\\\/?s={search_term_string}\"},\"query-input\":{\"@type\":\"PropertyValueSpecification\",\"valueRequired\":true,\"valueName\":\"search_term_string\"}}],\"inLanguage\":\"en-US\"},{\"@type\":\"Organization\",\"@id\":\"https:\\\/\\\/www.designradar.com\\\/#organization\",\"name\":\"Design Radar\",\"url\":\"https:\\\/\\\/www.designradar.com\\\/\",\"logo\":{\"@type\":\"ImageObject\",\"inLanguage\":\"en-US\",\"@id\":\"https:\\\/\\\/www.designradar.com\\\/#\\\/schema\\\/logo\\\/image\\\/\",\"url\":\"https:\\\/\\\/www.designradar.com\\\/wp-content\\\/uploads\\\/2023\\\/02\\\/designRadar_logo_wide.svg\",\"contentUrl\":\"https:\\\/\\\/www.designradar.com\\\/wp-content\\\/uploads\\\/2023\\\/02\\\/designRadar_logo_wide.svg\",\"width\":200,\"height\":75,\"caption\":\"Design Radar\"},\"image\":{\"@id\":\"https:\\\/\\\/www.designradar.com\\\/#\\\/schema\\\/logo\\\/image\\\/\"},\"sameAs\":[\"https:\\\/\\\/www.facebook.com\\\/designradar\",\"https:\\\/\\\/www.instagram.com\\\/designradar.store\\\/\",\"https:\\\/\\\/www.tiktok.com\\\/@designradar\",\"https:\\\/\\\/www.youtube.com\\\/@designradar\",\"https:\\\/\\\/www.linkedin.com\\\/company\\\/designradar\\\/\",\"https:\\\/\\\/pinterest.com\\\/designradar_com\\\/\"]}]}<\/script>\n<!-- \/ Yoast SEO plugin. -->","yoast_head_json":{"title":"Lamp\u0103 suspendat\u0103 FLAMINGO 1550 - Design Radar","robots":{"index":"index","follow":"follow","max-snippet":"max-snippet:-1","max-image-preview":"max-image-preview:large","max-video-preview":"max-video-preview:-1"},"canonical":"https:\/\/www.designradar.com\/product\/lampa-suspendata-flamingo-1550\/","og_locale":"en_US","og_type":"article","og_title":"Lamp\u0103 suspendat\u0103 FLAMINGO 1550 - Design Radar","og_description":"Flamingo \u2013 lumin\u0103 poetic\u0103, difuz\u0103 \u0219i elegant\u0103, cu design contemporan.","og_url":"https:\/\/www.designradar.com\/product\/lampa-suspendata-flamingo-1550\/","og_site_name":"Design Radar","article_publisher":"https:\/\/www.facebook.com\/designradar","article_modified_time":"2026-01-08T08:53:00+00:00","og_image":[{"width":770,"height":770,"url":"https:\/\/www.designradar.com\/wp-content\/uploads\/2025\/11\/flamingo5.png","type":"image\/png"}],"twitter_card":"summary_large_image","twitter_misc":{"Est. reading time":"1 minute"},"schema":{"@context":"https:\/\/schema.org","@graph":[{"@type":"WebPage","@id":"https:\/\/www.designradar.com\/product\/lampa-suspendata-flamingo-1550\/","url":"https:\/\/www.designradar.com\/product\/lampa-suspendata-flamingo-1550\/","name":"Lamp\u0103 suspendat\u0103 FLAMINGO 1550 - Design Radar","isPartOf":{"@id":"https:\/\/www.designradar.com\/#website"},"primaryImageOfPage":{"@id":"https:\/\/www.designradar.com\/product\/lampa-suspendata-flamingo-1550\/#primaryimage"},"image":{"@id":"https:\/\/www.designradar.com\/product\/lampa-suspendata-flamingo-1550\/#primaryimage"},"thumbnailUrl":"https:\/\/www.designradar.com\/wp-content\/uploads\/2025\/11\/flamingo5.png","datePublished":"2025-11-26T15:34:40+00:00","dateModified":"2026-01-08T08:53:00+00:00","breadcrumb":{"@id":"https:\/\/www.designradar.com\/product\/lampa-suspendata-flamingo-1550\/#breadcrumb"},"inLanguage":"en-US","potentialAction":[{"@type":"ReadAction","target":["https:\/\/www.designradar.com\/product\/lampa-suspendata-flamingo-1550\/"]}]},{"@type":"ImageObject","inLanguage":"en-US","@id":"https:\/\/www.designradar.com\/product\/lampa-suspendata-flamingo-1550\/#primaryimage","url":"https:\/\/www.designradar.com\/wp-content\/uploads\/2025\/11\/flamingo5.png","contentUrl":"https:\/\/www.designradar.com\/wp-content\/uploads\/2025\/11\/flamingo5.png","width":770,"height":770},{"@type":"BreadcrumbList","@id":"https:\/\/www.designradar.com\/product\/lampa-suspendata-flamingo-1550\/#breadcrumb","itemListElement":[{"@type":"ListItem","position":1,"name":"Prima pagin\u0103","item":"https:\/\/www.designradar.com\/"},{"@type":"ListItem","position":2,"name":"Shop","item":"https:\/\/www.designradar.com\/shop\/"},{"@type":"ListItem","position":3,"name":"Lamp\u0103 suspendat\u0103 FLAMINGO 1550"}]},{"@type":"WebSite","@id":"https:\/\/www.designradar.com\/#website","url":"https:\/\/www.designradar.com\/","name":"Design Radar","description":"\ud835\udde2\ud835\uddfb\ud835\uddf2 \ud835\udde6\ud835\ude01\ud835\uddf2\ud835\uddfd \ud835\uddd4\ud835\uddf5\ud835\uddf2\ud835\uddee\ud835\uddf1.","publisher":{"@id":"https:\/\/www.designradar.com\/#organization"},"potentialAction":[{"@type":"SearchAction","target":{"@type":"EntryPoint","urlTemplate":"https:\/\/www.designradar.com\/?s={search_term_string}"},"query-input":{"@type":"PropertyValueSpecification","valueRequired":true,"valueName":"search_term_string"}}],"inLanguage":"en-US"},{"@type":"Organization","@id":"https:\/\/www.designradar.com\/#organization","name":"Design Radar","url":"https:\/\/www.designradar.com\/","logo":{"@type":"ImageObject","inLanguage":"en-US","@id":"https:\/\/www.designradar.com\/#\/schema\/logo\/image\/","url":"https:\/\/www.designradar.com\/wp-content\/uploads\/2023\/02\/designRadar_logo_wide.svg","contentUrl":"https:\/\/www.designradar.com\/wp-content\/uploads\/2023\/02\/designRadar_logo_wide.svg","width":200,"height":75,"caption":"Design Radar"},"image":{"@id":"https:\/\/www.designradar.com\/#\/schema\/logo\/image\/"},"sameAs":["https:\/\/www.facebook.com\/designradar","https:\/\/www.instagram.com\/designradar.store\/","https:\/\/www.tiktok.com\/@designradar","https:\/\/www.youtube.com\/@designradar","https:\/\/www.linkedin.com\/company\/designradar\/","https:\/\/pinterest.com\/designradar_com\/"]}]}},"_links":{"self":[{"href":"https:\/\/www.designradar.com\/en\/wp-json\/wp\/v2\/product\/26129","targetHints":{"allow":["GET"]}}],"collection":[{"href":"https:\/\/www.designradar.com\/en\/wp-json\/wp\/v2\/product"}],"about":[{"href":"https:\/\/www.designradar.com\/en\/wp-json\/wp\/v2\/types\/product"}],"version-history":[{"count":2,"href":"https:\/\/www.designradar.com\/en\/wp-json\/wp\/v2\/product\/26129\/revisions"}],"predecessor-version":[{"id":26387,"href":"https:\/\/www.designradar.com\/en\/wp-json\/wp\/v2\/product\/26129\/revisions\/26387"}],"wp:featuredmedia":[{"embeddable":true,"href":"https:\/\/www.designradar.com\/en\/wp-json\/wp\/v2\/media\/26186"}],"wp:attachment":[{"href":"https:\/\/www.designradar.com\/en\/wp-json\/wp\/v2\/media?parent=26129"}],"wp:term":[{"taxonomy":"product_cat","embeddable":true,"href":"https:\/\/www.designradar.com\/en\/wp-json\/wp\/v2\/product_cat?post=26129"},{"taxonomy":"product_tag","embeddable":true,"href":"https:\/\/www.designradar.com\/en\/wp-json\/wp\/v2\/product_tag?post=26129"}],"curies":[{"name":"wp","href":"https:\/\/api.w.org\/{rel}","templated":true}]}}