{"id":26131,"date":"2025-11-26T17:36:16","date_gmt":"2025-11-26T15:36:16","guid":{"rendered":"https:\/\/www.designradar.com\/?post_type=product&#038;p=26131"},"modified":"2025-11-28T12:50:25","modified_gmt":"2025-11-28T10:50:25","slug":"lampa-suspendata-opal-shape","status":"publish","type":"product","link":"https:\/\/www.designradar.com\/en\/product\/lampa-suspendata-opal-shape\/","title":{"rendered":"Lamp\u0103 suspendat\u0103 Opal Shape"},"content":{"rendered":"<p>Flex Strip Opal Shape este o lamp\u0103 LED suspendat\u0103 care permite configura\u021bii infinite datorit\u0103 flexibilit\u0103\u021bii sale, oferind libertate total\u0103 de design cu efort minim. PROLED Flex Strip Opal Shape invit\u0103 la utiliz\u0103ri creative \u0219i spectaculoase, pentru a accentua spa\u021biile \u0219i a crea efecte vizuale uimitoare. Poate fi suspendat\u0103 vertical, orizontal sau modelat\u0103 \u00een aproape orice form\u0103, av\u00e2nd o gam\u0103 larg\u0103 de accesorii de montaj, inclusiv tuburi din policarbonat \u0219i sisteme de prindere. Ofer\u0103 o lumin\u0103 omogen\u0103 la 360\u00b0, este disponibil\u0103 \u00een lungimi de p\u00e2n\u0103 la 5 m \u0219i este compatibil\u0103 cu dimmere PWM.<\/p>\n","protected":false},"excerpt":{"rendered":"<p>Libertate total\u0103 de design, lumin\u0103 360\u00b0 \u0219i flexibilitate f\u0103r\u0103 limite.<\/p>\n","protected":false},"featured_media":26287,"template":"","meta":{"_acf_changed":false},"product_cat":[174,219],"product_tag":[],"class_list":{"0":"post-26131","1":"product","2":"type-product","3":"status-publish","4":"has-post-thumbnail","6":"product_cat-iluminat","7":"product_cat-lumini-suspendate","8":"pa_product-brand-proled","10":"first","11":"onbackorder","12":"taxable","13":"shipping-taxable","14":"product-type-simple","swatches":"rey-swatches","show_selected":"","stretch_labels":"rey-swatches--stretch-labels"},"acf":[],"yoast_head":"<!-- This site is optimized with the Yoast SEO plugin v27.4 - https:\/\/yoast.com\/product\/yoast-seo-wordpress\/ -->\n<title>Lamp\u0103 suspendat\u0103 Opal Shape - Design Radar<\/title>\n<meta name=\"robots\" content=\"index, follow, max-snippet:-1, max-image-preview:large, max-video-preview:-1\" \/>\n<link rel=\"canonical\" href=\"https:\/\/www.designradar.com\/product\/lampa-suspendata-opal-shape\/\" \/>\n<meta property=\"og:locale\" content=\"en_US\" \/>\n<meta property=\"og:type\" content=\"article\" \/>\n<meta property=\"og:title\" content=\"Lamp\u0103 suspendat\u0103 Opal Shape - Design Radar\" \/>\n<meta property=\"og:description\" content=\"Libertate total\u0103 de design, lumin\u0103 360\u00b0 \u0219i flexibilitate f\u0103r\u0103 limite.\" \/>\n<meta property=\"og:url\" content=\"https:\/\/www.designradar.com\/product\/lampa-suspendata-opal-shape\/\" \/>\n<meta property=\"og:site_name\" content=\"Design Radar\" \/>\n<meta property=\"article:publisher\" content=\"https:\/\/www.facebook.com\/designradar\" \/>\n<meta property=\"article:modified_time\" content=\"2025-11-28T10:50:25+00:00\" \/>\n<meta property=\"og:image\" content=\"https:\/\/www.designradar.com\/wp-content\/uploads\/2025\/11\/2b_SHAPE-Proled-619757-rela58d1c0c.png\" \/>\n\t<meta property=\"og:image:width\" content=\"1024\" \/>\n\t<meta property=\"og:image:height\" content=\"1120\" \/>\n\t<meta property=\"og:image:type\" content=\"image\/png\" \/>\n<meta name=\"twitter:card\" content=\"summary_large_image\" \/>\n<meta name=\"twitter:label1\" content=\"Est. reading time\" \/>\n\t<meta name=\"twitter:data1\" content=\"1 minute\" \/>\n<script type=\"application\/ld+json\" class=\"yoast-schema-graph\">{\"@context\":\"https:\\\/\\\/schema.org\",\"@graph\":[{\"@type\":\"WebPage\",\"@id\":\"https:\\\/\\\/www.designradar.com\\\/product\\\/lampa-suspendata-opal-shape\\\/\",\"url\":\"https:\\\/\\\/www.designradar.com\\\/product\\\/lampa-suspendata-opal-shape\\\/\",\"name\":\"Lamp\u0103 suspendat\u0103 Opal Shape - Design Radar\",\"isPartOf\":{\"@id\":\"https:\\\/\\\/www.designradar.com\\\/#website\"},\"primaryImageOfPage\":{\"@id\":\"https:\\\/\\\/www.designradar.com\\\/product\\\/lampa-suspendata-opal-shape\\\/#primaryimage\"},\"image\":{\"@id\":\"https:\\\/\\\/www.designradar.com\\\/product\\\/lampa-suspendata-opal-shape\\\/#primaryimage\"},\"thumbnailUrl\":\"https:\\\/\\\/www.designradar.com\\\/wp-content\\\/uploads\\\/2025\\\/11\\\/2b_SHAPE-Proled-619757-rela58d1c0c.png\",\"datePublished\":\"2025-11-26T15:36:16+00:00\",\"dateModified\":\"2025-11-28T10:50:25+00:00\",\"breadcrumb\":{\"@id\":\"https:\\\/\\\/www.designradar.com\\\/product\\\/lampa-suspendata-opal-shape\\\/#breadcrumb\"},\"inLanguage\":\"en-US\",\"potentialAction\":[{\"@type\":\"ReadAction\",\"target\":[\"https:\\\/\\\/www.designradar.com\\\/product\\\/lampa-suspendata-opal-shape\\\/\"]}]},{\"@type\":\"ImageObject\",\"inLanguage\":\"en-US\",\"@id\":\"https:\\\/\\\/www.designradar.com\\\/product\\\/lampa-suspendata-opal-shape\\\/#primaryimage\",\"url\":\"https:\\\/\\\/www.designradar.com\\\/wp-content\\\/uploads\\\/2025\\\/11\\\/2b_SHAPE-Proled-619757-rela58d1c0c.png\",\"contentUrl\":\"https:\\\/\\\/www.designradar.com\\\/wp-content\\\/uploads\\\/2025\\\/11\\\/2b_SHAPE-Proled-619757-rela58d1c0c.png\",\"width\":1024,\"height\":1120},{\"@type\":\"BreadcrumbList\",\"@id\":\"https:\\\/\\\/www.designradar.com\\\/product\\\/lampa-suspendata-opal-shape\\\/#breadcrumb\",\"itemListElement\":[{\"@type\":\"ListItem\",\"position\":1,\"name\":\"Prima pagin\u0103\",\"item\":\"https:\\\/\\\/www.designradar.com\\\/\"},{\"@type\":\"ListItem\",\"position\":2,\"name\":\"Shop\",\"item\":\"https:\\\/\\\/www.designradar.com\\\/shop\\\/\"},{\"@type\":\"ListItem\",\"position\":3,\"name\":\"Lamp\u0103 suspendat\u0103 Opal Shape\"}]},{\"@type\":\"WebSite\",\"@id\":\"https:\\\/\\\/www.designradar.com\\\/#website\",\"url\":\"https:\\\/\\\/www.designradar.com\\\/\",\"name\":\"Design Radar\",\"description\":\"\ud835\udde2\ud835\uddfb\ud835\uddf2 \ud835\udde6\ud835\ude01\ud835\uddf2\ud835\uddfd \ud835\uddd4\ud835\uddf5\ud835\uddf2\ud835\uddee\ud835\uddf1.\",\"publisher\":{\"@id\":\"https:\\\/\\\/www.designradar.com\\\/#organization\"},\"potentialAction\":[{\"@type\":\"SearchAction\",\"target\":{\"@type\":\"EntryPoint\",\"urlTemplate\":\"https:\\\/\\\/www.designradar.com\\\/?s={search_term_string}\"},\"query-input\":{\"@type\":\"PropertyValueSpecification\",\"valueRequired\":true,\"valueName\":\"search_term_string\"}}],\"inLanguage\":\"en-US\"},{\"@type\":\"Organization\",\"@id\":\"https:\\\/\\\/www.designradar.com\\\/#organization\",\"name\":\"Design Radar\",\"url\":\"https:\\\/\\\/www.designradar.com\\\/\",\"logo\":{\"@type\":\"ImageObject\",\"inLanguage\":\"en-US\",\"@id\":\"https:\\\/\\\/www.designradar.com\\\/#\\\/schema\\\/logo\\\/image\\\/\",\"url\":\"https:\\\/\\\/www.designradar.com\\\/wp-content\\\/uploads\\\/2023\\\/02\\\/designRadar_logo_wide.svg\",\"contentUrl\":\"https:\\\/\\\/www.designradar.com\\\/wp-content\\\/uploads\\\/2023\\\/02\\\/designRadar_logo_wide.svg\",\"width\":200,\"height\":75,\"caption\":\"Design Radar\"},\"image\":{\"@id\":\"https:\\\/\\\/www.designradar.com\\\/#\\\/schema\\\/logo\\\/image\\\/\"},\"sameAs\":[\"https:\\\/\\\/www.facebook.com\\\/designradar\",\"https:\\\/\\\/www.instagram.com\\\/designradar.store\\\/\",\"https:\\\/\\\/www.tiktok.com\\\/@designradar\",\"https:\\\/\\\/www.youtube.com\\\/@designradar\",\"https:\\\/\\\/www.linkedin.com\\\/company\\\/designradar\\\/\",\"https:\\\/\\\/pinterest.com\\\/designradar_com\\\/\"]}]}<\/script>\n<!-- \/ Yoast SEO plugin. -->","yoast_head_json":{"title":"Lamp\u0103 suspendat\u0103 Opal Shape - Design Radar","robots":{"index":"index","follow":"follow","max-snippet":"max-snippet:-1","max-image-preview":"max-image-preview:large","max-video-preview":"max-video-preview:-1"},"canonical":"https:\/\/www.designradar.com\/product\/lampa-suspendata-opal-shape\/","og_locale":"en_US","og_type":"article","og_title":"Lamp\u0103 suspendat\u0103 Opal Shape - Design Radar","og_description":"Libertate total\u0103 de design, lumin\u0103 360\u00b0 \u0219i flexibilitate f\u0103r\u0103 limite.","og_url":"https:\/\/www.designradar.com\/product\/lampa-suspendata-opal-shape\/","og_site_name":"Design Radar","article_publisher":"https:\/\/www.facebook.com\/designradar","article_modified_time":"2025-11-28T10:50:25+00:00","og_image":[{"width":1024,"height":1120,"url":"https:\/\/www.designradar.com\/wp-content\/uploads\/2025\/11\/2b_SHAPE-Proled-619757-rela58d1c0c.png","type":"image\/png"}],"twitter_card":"summary_large_image","twitter_misc":{"Est. reading time":"1 minute"},"schema":{"@context":"https:\/\/schema.org","@graph":[{"@type":"WebPage","@id":"https:\/\/www.designradar.com\/product\/lampa-suspendata-opal-shape\/","url":"https:\/\/www.designradar.com\/product\/lampa-suspendata-opal-shape\/","name":"Lamp\u0103 suspendat\u0103 Opal Shape - Design Radar","isPartOf":{"@id":"https:\/\/www.designradar.com\/#website"},"primaryImageOfPage":{"@id":"https:\/\/www.designradar.com\/product\/lampa-suspendata-opal-shape\/#primaryimage"},"image":{"@id":"https:\/\/www.designradar.com\/product\/lampa-suspendata-opal-shape\/#primaryimage"},"thumbnailUrl":"https:\/\/www.designradar.com\/wp-content\/uploads\/2025\/11\/2b_SHAPE-Proled-619757-rela58d1c0c.png","datePublished":"2025-11-26T15:36:16+00:00","dateModified":"2025-11-28T10:50:25+00:00","breadcrumb":{"@id":"https:\/\/www.designradar.com\/product\/lampa-suspendata-opal-shape\/#breadcrumb"},"inLanguage":"en-US","potentialAction":[{"@type":"ReadAction","target":["https:\/\/www.designradar.com\/product\/lampa-suspendata-opal-shape\/"]}]},{"@type":"ImageObject","inLanguage":"en-US","@id":"https:\/\/www.designradar.com\/product\/lampa-suspendata-opal-shape\/#primaryimage","url":"https:\/\/www.designradar.com\/wp-content\/uploads\/2025\/11\/2b_SHAPE-Proled-619757-rela58d1c0c.png","contentUrl":"https:\/\/www.designradar.com\/wp-content\/uploads\/2025\/11\/2b_SHAPE-Proled-619757-rela58d1c0c.png","width":1024,"height":1120},{"@type":"BreadcrumbList","@id":"https:\/\/www.designradar.com\/product\/lampa-suspendata-opal-shape\/#breadcrumb","itemListElement":[{"@type":"ListItem","position":1,"name":"Prima pagin\u0103","item":"https:\/\/www.designradar.com\/"},{"@type":"ListItem","position":2,"name":"Shop","item":"https:\/\/www.designradar.com\/shop\/"},{"@type":"ListItem","position":3,"name":"Lamp\u0103 suspendat\u0103 Opal Shape"}]},{"@type":"WebSite","@id":"https:\/\/www.designradar.com\/#website","url":"https:\/\/www.designradar.com\/","name":"Design Radar","description":"\ud835\udde2\ud835\uddfb\ud835\uddf2 \ud835\udde6\ud835\ude01\ud835\uddf2\ud835\uddfd \ud835\uddd4\ud835\uddf5\ud835\uddf2\ud835\uddee\ud835\uddf1.","publisher":{"@id":"https:\/\/www.designradar.com\/#organization"},"potentialAction":[{"@type":"SearchAction","target":{"@type":"EntryPoint","urlTemplate":"https:\/\/www.designradar.com\/?s={search_term_string}"},"query-input":{"@type":"PropertyValueSpecification","valueRequired":true,"valueName":"search_term_string"}}],"inLanguage":"en-US"},{"@type":"Organization","@id":"https:\/\/www.designradar.com\/#organization","name":"Design Radar","url":"https:\/\/www.designradar.com\/","logo":{"@type":"ImageObject","inLanguage":"en-US","@id":"https:\/\/www.designradar.com\/#\/schema\/logo\/image\/","url":"https:\/\/www.designradar.com\/wp-content\/uploads\/2023\/02\/designRadar_logo_wide.svg","contentUrl":"https:\/\/www.designradar.com\/wp-content\/uploads\/2023\/02\/designRadar_logo_wide.svg","width":200,"height":75,"caption":"Design Radar"},"image":{"@id":"https:\/\/www.designradar.com\/#\/schema\/logo\/image\/"},"sameAs":["https:\/\/www.facebook.com\/designradar","https:\/\/www.instagram.com\/designradar.store\/","https:\/\/www.tiktok.com\/@designradar","https:\/\/www.youtube.com\/@designradar","https:\/\/www.linkedin.com\/company\/designradar\/","https:\/\/pinterest.com\/designradar_com\/"]}]}},"_links":{"self":[{"href":"https:\/\/www.designradar.com\/en\/wp-json\/wp\/v2\/product\/26131","targetHints":{"allow":["GET"]}}],"collection":[{"href":"https:\/\/www.designradar.com\/en\/wp-json\/wp\/v2\/product"}],"about":[{"href":"https:\/\/www.designradar.com\/en\/wp-json\/wp\/v2\/types\/product"}],"version-history":[{"count":4,"href":"https:\/\/www.designradar.com\/en\/wp-json\/wp\/v2\/product\/26131\/revisions"}],"predecessor-version":[{"id":26295,"href":"https:\/\/www.designradar.com\/en\/wp-json\/wp\/v2\/product\/26131\/revisions\/26295"}],"wp:featuredmedia":[{"embeddable":true,"href":"https:\/\/www.designradar.com\/en\/wp-json\/wp\/v2\/media\/26287"}],"wp:attachment":[{"href":"https:\/\/www.designradar.com\/en\/wp-json\/wp\/v2\/media?parent=26131"}],"wp:term":[{"taxonomy":"product_cat","embeddable":true,"href":"https:\/\/www.designradar.com\/en\/wp-json\/wp\/v2\/product_cat?post=26131"},{"taxonomy":"product_tag","embeddable":true,"href":"https:\/\/www.designradar.com\/en\/wp-json\/wp\/v2\/product_tag?post=26131"}],"curies":[{"name":"wp","href":"https:\/\/api.w.org\/{rel}","templated":true}]}}