{"id":2874,"date":"2023-05-15T12:20:21","date_gmt":"2023-05-15T09:20:21","guid":{"rendered":"https:\/\/www.designradar.com\/?post_type=product&#038;p=2874"},"modified":"2025-07-31T20:43:49","modified_gmt":"2025-07-31T17:43:49","slug":"dressing-total-opening-50","status":"publish","type":"product","link":"https:\/\/www.designradar.com\/en\/product\/dressing-total-opening-50\/","title":{"rendered":"Dressing Total Opening 50"},"content":{"rendered":"<p>Sistemul Total Opening, patentat de Caccaro, la poten\u021bialul s\u0103u maxim: odat\u0103 deschis\u0103, u\u0219a de 50 de centimetri se sprijin\u0103 de restul modulului \u0219i \u201edispare\u201d. Acces u\u0219or la garderob\u0103 \u0219i minimalism estetic de neegalat.<\/p>\n<p>Sistem: Freedhome\u00ae<\/p>\n<ul>\n<li>Se execut\u0103 pe comand\u0103<\/li>\n<li>Termen de produc\u021bie: 5-8 s\u0103pt\u0103m\u00e2ni de la procesarea comenzii<\/li>\n<li>Dimensiunile produsului din imagini: L 352,5 cm &#8211; A 62,7 cm &#8211; H 263,6 cm<\/li>\n<\/ul>\n<p>Pre\u021bul afi\u0219at include TVA \u0219i este valabil pentru compozi\u021bia de 2025 x 627 x H 2449mm, \u00een finisaj Lame.<br \/>\nPre\u021bul variaz\u0103 \u00een func\u021bie de dimensiuni, finisaje \u0219i accesorii. Pentru o ofert\u0103 personalizat\u0103, cere-ne o ofert\u0103!<\/p>\n","protected":false},"excerpt":{"rendered":"<p>Odat\u0103 deschis\u0103, u\u0219a de 50 de centimetri se sprijin\u0103 de restul modulului \u0219i \u201edispare\u201d. Sistemul Total Opening, patentat de Caccaro, la poten\u021bialul s\u0103u maxim. Acces u\u0219or la garderob\u0103 \u0219i minimalism estetic de neegalat.<\/p>\n","protected":false},"featured_media":2965,"template":"","meta":{"_acf_changed":false},"product_cat":[197,207,183],"product_tag":[],"class_list":{"0":"post-2874","1":"product","2":"type-product","3":"status-publish","4":"has-post-thumbnail","6":"product_cat-dressinguri","7":"product_cat-dulapuri-pe-comanda","8":"product_cat-mobilier","9":"pa_product-brand-caccaro","11":"first","12":"onbackorder","13":"taxable","14":"shipping-taxable","15":"product-type-simple","swatches":"rey-swatches","show_selected":"","stretch_labels":"rey-swatches--stretch-labels"},"acf":[],"yoast_head":"<!-- This site is optimized with the Yoast SEO plugin v27.4 - https:\/\/yoast.com\/product\/yoast-seo-wordpress\/ -->\n<title>Dressing Total Opening 50 - Design Radar<\/title>\n<meta name=\"robots\" content=\"index, follow, max-snippet:-1, max-image-preview:large, max-video-preview:-1\" \/>\n<link rel=\"canonical\" href=\"https:\/\/www.designradar.com\/product\/dressing-total-opening-50\/\" \/>\n<meta property=\"og:locale\" content=\"en_US\" \/>\n<meta property=\"og:type\" content=\"article\" \/>\n<meta property=\"og:title\" content=\"Dressing Total Opening 50 - Design Radar\" \/>\n<meta property=\"og:description\" content=\"Odat\u0103 deschis\u0103, u\u0219a de 50 de centimetri se sprijin\u0103 de restul modulului \u0219i \u201edispare\u201d. Sistemul Total Opening, patentat de Caccaro, la poten\u021bialul s\u0103u maxim. Acces u\u0219or la garderob\u0103 \u0219i minimalism estetic de neegalat.\" \/>\n<meta property=\"og:url\" content=\"https:\/\/www.designradar.com\/product\/dressing-total-opening-50\/\" \/>\n<meta property=\"og:site_name\" content=\"Design Radar\" \/>\n<meta property=\"article:publisher\" content=\"https:\/\/www.facebook.com\/designradar\" \/>\n<meta property=\"article:modified_time\" content=\"2025-07-31T17:43:49+00:00\" \/>\n<meta property=\"og:image\" content=\"https:\/\/www.designradar.com\/wp-content\/uploads\/2023\/05\/69.jpg\" \/>\n\t<meta property=\"og:image:width\" content=\"1024\" \/>\n\t<meta property=\"og:image:height\" content=\"1120\" \/>\n\t<meta property=\"og:image:type\" content=\"image\/jpeg\" \/>\n<meta name=\"twitter:card\" content=\"summary_large_image\" \/>\n<meta name=\"twitter:label1\" content=\"Est. reading time\" \/>\n\t<meta name=\"twitter:data1\" content=\"1 minute\" \/>\n<script type=\"application\/ld+json\" class=\"yoast-schema-graph\">{\"@context\":\"https:\\\/\\\/schema.org\",\"@graph\":[{\"@type\":\"WebPage\",\"@id\":\"https:\\\/\\\/www.designradar.com\\\/product\\\/dressing-total-opening-50\\\/\",\"url\":\"https:\\\/\\\/www.designradar.com\\\/product\\\/dressing-total-opening-50\\\/\",\"name\":\"Dressing Total Opening 50 - Design Radar\",\"isPartOf\":{\"@id\":\"https:\\\/\\\/www.designradar.com\\\/#website\"},\"primaryImageOfPage\":{\"@id\":\"https:\\\/\\\/www.designradar.com\\\/product\\\/dressing-total-opening-50\\\/#primaryimage\"},\"image\":{\"@id\":\"https:\\\/\\\/www.designradar.com\\\/product\\\/dressing-total-opening-50\\\/#primaryimage\"},\"thumbnailUrl\":\"https:\\\/\\\/www.designradar.com\\\/wp-content\\\/uploads\\\/2023\\\/05\\\/69.jpg\",\"datePublished\":\"2023-05-15T09:20:21+00:00\",\"dateModified\":\"2025-07-31T17:43:49+00:00\",\"breadcrumb\":{\"@id\":\"https:\\\/\\\/www.designradar.com\\\/product\\\/dressing-total-opening-50\\\/#breadcrumb\"},\"inLanguage\":\"en-US\",\"potentialAction\":[{\"@type\":\"ReadAction\",\"target\":[\"https:\\\/\\\/www.designradar.com\\\/product\\\/dressing-total-opening-50\\\/\"]}]},{\"@type\":\"ImageObject\",\"inLanguage\":\"en-US\",\"@id\":\"https:\\\/\\\/www.designradar.com\\\/product\\\/dressing-total-opening-50\\\/#primaryimage\",\"url\":\"https:\\\/\\\/www.designradar.com\\\/wp-content\\\/uploads\\\/2023\\\/05\\\/69.jpg\",\"contentUrl\":\"https:\\\/\\\/www.designradar.com\\\/wp-content\\\/uploads\\\/2023\\\/05\\\/69.jpg\",\"width\":1024,\"height\":1120},{\"@type\":\"BreadcrumbList\",\"@id\":\"https:\\\/\\\/www.designradar.com\\\/product\\\/dressing-total-opening-50\\\/#breadcrumb\",\"itemListElement\":[{\"@type\":\"ListItem\",\"position\":1,\"name\":\"Prima pagin\u0103\",\"item\":\"https:\\\/\\\/www.designradar.com\\\/\"},{\"@type\":\"ListItem\",\"position\":2,\"name\":\"Shop\",\"item\":\"https:\\\/\\\/www.designradar.com\\\/shop\\\/\"},{\"@type\":\"ListItem\",\"position\":3,\"name\":\"Dressing Total Opening 50\"}]},{\"@type\":\"WebSite\",\"@id\":\"https:\\\/\\\/www.designradar.com\\\/#website\",\"url\":\"https:\\\/\\\/www.designradar.com\\\/\",\"name\":\"Design Radar\",\"description\":\"\ud835\udde2\ud835\uddfb\ud835\uddf2 \ud835\udde6\ud835\ude01\ud835\uddf2\ud835\uddfd \ud835\uddd4\ud835\uddf5\ud835\uddf2\ud835\uddee\ud835\uddf1.\",\"publisher\":{\"@id\":\"https:\\\/\\\/www.designradar.com\\\/#organization\"},\"potentialAction\":[{\"@type\":\"SearchAction\",\"target\":{\"@type\":\"EntryPoint\",\"urlTemplate\":\"https:\\\/\\\/www.designradar.com\\\/?s={search_term_string}\"},\"query-input\":{\"@type\":\"PropertyValueSpecification\",\"valueRequired\":true,\"valueName\":\"search_term_string\"}}],\"inLanguage\":\"en-US\"},{\"@type\":\"Organization\",\"@id\":\"https:\\\/\\\/www.designradar.com\\\/#organization\",\"name\":\"Design Radar\",\"url\":\"https:\\\/\\\/www.designradar.com\\\/\",\"logo\":{\"@type\":\"ImageObject\",\"inLanguage\":\"en-US\",\"@id\":\"https:\\\/\\\/www.designradar.com\\\/#\\\/schema\\\/logo\\\/image\\\/\",\"url\":\"https:\\\/\\\/www.designradar.com\\\/wp-content\\\/uploads\\\/2023\\\/02\\\/designRadar_logo_wide.svg\",\"contentUrl\":\"https:\\\/\\\/www.designradar.com\\\/wp-content\\\/uploads\\\/2023\\\/02\\\/designRadar_logo_wide.svg\",\"width\":200,\"height\":75,\"caption\":\"Design Radar\"},\"image\":{\"@id\":\"https:\\\/\\\/www.designradar.com\\\/#\\\/schema\\\/logo\\\/image\\\/\"},\"sameAs\":[\"https:\\\/\\\/www.facebook.com\\\/designradar\",\"https:\\\/\\\/www.instagram.com\\\/designradar.store\\\/\",\"https:\\\/\\\/www.tiktok.com\\\/@designradar\",\"https:\\\/\\\/www.youtube.com\\\/@designradar\",\"https:\\\/\\\/www.linkedin.com\\\/company\\\/designradar\\\/\",\"https:\\\/\\\/pinterest.com\\\/designradar_com\\\/\"]}]}<\/script>\n<!-- \/ Yoast SEO plugin. -->","yoast_head_json":{"title":"Dressing Total Opening 50 - Design Radar","robots":{"index":"index","follow":"follow","max-snippet":"max-snippet:-1","max-image-preview":"max-image-preview:large","max-video-preview":"max-video-preview:-1"},"canonical":"https:\/\/www.designradar.com\/product\/dressing-total-opening-50\/","og_locale":"en_US","og_type":"article","og_title":"Dressing Total Opening 50 - Design Radar","og_description":"Odat\u0103 deschis\u0103, u\u0219a de 50 de centimetri se sprijin\u0103 de restul modulului \u0219i \u201edispare\u201d. Sistemul Total Opening, patentat de Caccaro, la poten\u021bialul s\u0103u maxim. Acces u\u0219or la garderob\u0103 \u0219i minimalism estetic de neegalat.","og_url":"https:\/\/www.designradar.com\/product\/dressing-total-opening-50\/","og_site_name":"Design Radar","article_publisher":"https:\/\/www.facebook.com\/designradar","article_modified_time":"2025-07-31T17:43:49+00:00","og_image":[{"width":1024,"height":1120,"url":"https:\/\/www.designradar.com\/wp-content\/uploads\/2023\/05\/69.jpg","type":"image\/jpeg"}],"twitter_card":"summary_large_image","twitter_misc":{"Est. reading time":"1 minute"},"schema":{"@context":"https:\/\/schema.org","@graph":[{"@type":"WebPage","@id":"https:\/\/www.designradar.com\/product\/dressing-total-opening-50\/","url":"https:\/\/www.designradar.com\/product\/dressing-total-opening-50\/","name":"Dressing Total Opening 50 - Design Radar","isPartOf":{"@id":"https:\/\/www.designradar.com\/#website"},"primaryImageOfPage":{"@id":"https:\/\/www.designradar.com\/product\/dressing-total-opening-50\/#primaryimage"},"image":{"@id":"https:\/\/www.designradar.com\/product\/dressing-total-opening-50\/#primaryimage"},"thumbnailUrl":"https:\/\/www.designradar.com\/wp-content\/uploads\/2023\/05\/69.jpg","datePublished":"2023-05-15T09:20:21+00:00","dateModified":"2025-07-31T17:43:49+00:00","breadcrumb":{"@id":"https:\/\/www.designradar.com\/product\/dressing-total-opening-50\/#breadcrumb"},"inLanguage":"en-US","potentialAction":[{"@type":"ReadAction","target":["https:\/\/www.designradar.com\/product\/dressing-total-opening-50\/"]}]},{"@type":"ImageObject","inLanguage":"en-US","@id":"https:\/\/www.designradar.com\/product\/dressing-total-opening-50\/#primaryimage","url":"https:\/\/www.designradar.com\/wp-content\/uploads\/2023\/05\/69.jpg","contentUrl":"https:\/\/www.designradar.com\/wp-content\/uploads\/2023\/05\/69.jpg","width":1024,"height":1120},{"@type":"BreadcrumbList","@id":"https:\/\/www.designradar.com\/product\/dressing-total-opening-50\/#breadcrumb","itemListElement":[{"@type":"ListItem","position":1,"name":"Prima pagin\u0103","item":"https:\/\/www.designradar.com\/"},{"@type":"ListItem","position":2,"name":"Shop","item":"https:\/\/www.designradar.com\/shop\/"},{"@type":"ListItem","position":3,"name":"Dressing Total Opening 50"}]},{"@type":"WebSite","@id":"https:\/\/www.designradar.com\/#website","url":"https:\/\/www.designradar.com\/","name":"Design Radar","description":"\ud835\udde2\ud835\uddfb\ud835\uddf2 \ud835\udde6\ud835\ude01\ud835\uddf2\ud835\uddfd \ud835\uddd4\ud835\uddf5\ud835\uddf2\ud835\uddee\ud835\uddf1.","publisher":{"@id":"https:\/\/www.designradar.com\/#organization"},"potentialAction":[{"@type":"SearchAction","target":{"@type":"EntryPoint","urlTemplate":"https:\/\/www.designradar.com\/?s={search_term_string}"},"query-input":{"@type":"PropertyValueSpecification","valueRequired":true,"valueName":"search_term_string"}}],"inLanguage":"en-US"},{"@type":"Organization","@id":"https:\/\/www.designradar.com\/#organization","name":"Design Radar","url":"https:\/\/www.designradar.com\/","logo":{"@type":"ImageObject","inLanguage":"en-US","@id":"https:\/\/www.designradar.com\/#\/schema\/logo\/image\/","url":"https:\/\/www.designradar.com\/wp-content\/uploads\/2023\/02\/designRadar_logo_wide.svg","contentUrl":"https:\/\/www.designradar.com\/wp-content\/uploads\/2023\/02\/designRadar_logo_wide.svg","width":200,"height":75,"caption":"Design Radar"},"image":{"@id":"https:\/\/www.designradar.com\/#\/schema\/logo\/image\/"},"sameAs":["https:\/\/www.facebook.com\/designradar","https:\/\/www.instagram.com\/designradar.store\/","https:\/\/www.tiktok.com\/@designradar","https:\/\/www.youtube.com\/@designradar","https:\/\/www.linkedin.com\/company\/designradar\/","https:\/\/pinterest.com\/designradar_com\/"]}]}},"_links":{"self":[{"href":"https:\/\/www.designradar.com\/en\/wp-json\/wp\/v2\/product\/2874","targetHints":{"allow":["GET"]}}],"collection":[{"href":"https:\/\/www.designradar.com\/en\/wp-json\/wp\/v2\/product"}],"about":[{"href":"https:\/\/www.designradar.com\/en\/wp-json\/wp\/v2\/types\/product"}],"version-history":[{"count":15,"href":"https:\/\/www.designradar.com\/en\/wp-json\/wp\/v2\/product\/2874\/revisions"}],"predecessor-version":[{"id":21653,"href":"https:\/\/www.designradar.com\/en\/wp-json\/wp\/v2\/product\/2874\/revisions\/21653"}],"wp:featuredmedia":[{"embeddable":true,"href":"https:\/\/www.designradar.com\/en\/wp-json\/wp\/v2\/media\/2965"}],"wp:attachment":[{"href":"https:\/\/www.designradar.com\/en\/wp-json\/wp\/v2\/media?parent=2874"}],"wp:term":[{"taxonomy":"product_cat","embeddable":true,"href":"https:\/\/www.designradar.com\/en\/wp-json\/wp\/v2\/product_cat?post=2874"},{"taxonomy":"product_tag","embeddable":true,"href":"https:\/\/www.designradar.com\/en\/wp-json\/wp\/v2\/product_tag?post=2874"}],"curies":[{"name":"wp","href":"https:\/\/api.w.org\/{rel}","templated":true}]}}