{"id":3006,"date":"2023-05-15T19:21:29","date_gmt":"2023-05-15T16:21:29","guid":{"rendered":"https:\/\/www.designradar.com\/?post_type=product&#038;p=3006"},"modified":"2025-07-31T20:44:14","modified_gmt":"2025-07-31T17:44:14","slug":"dressing-walk-in-deschis-cabina","status":"publish","type":"product","link":"https:\/\/www.designradar.com\/en\/product\/dressing-walk-in-deschis-cabina\/","title":{"rendered":"Dressing walk-in deschis Cabina"},"content":{"rendered":"<p>Pentru cei care vor s\u0103 aib\u0103 totul la vedere: Cabina este modulul de dressing f\u0103r\u0103 u\u0219i care nu las\u0103 nimic ascuns. Structura \u00eemp\u0103r\u021bit\u0103 de montan\u021bi ofer\u0103 o senza\u021bie de deschidere total\u0103. La fel ca celelalte module din sistemul Freedhome\u00ae, Cabina poate fi echipat\u0103 cu rafturi, umera\u0219e \u0219i sertare.<\/p>\n<ul>\n<li>\u00a0Se execut\u0103 pe comand\u0103<\/li>\n<li>Pre\u021bul variaz\u0103 \u00een func\u021bie de dimensiuni, configura\u021bie, sisteme, accesorii \u0219i finisaje<\/li>\n<li>Termen de produc\u021bie: 5-8 s\u0103pt\u0103m\u00e2ni de la procesarea comenzii<\/li>\n<li>Dimensiunile produsului din imagini: L 452,5 cm &#8211; P 57,5 cm &#8211; H 263,6 cm<\/li>\n<\/ul>\n<p>Pre\u021bul afi\u0219at include TVA \u0219i este valabil pentru compozi\u021bia de 2025 x 400 x H 2449mm, \u00een finisaj Lame.<br \/>\nPre\u021bul variaz\u0103 \u00een func\u021bie de dimensiuni, finisaje \u0219i accesorii. Pentru o ofert\u0103 personalizat\u0103, cere-ne o ofert\u0103!<\/p>\n","protected":false},"excerpt":{"rendered":"<p>Pentru cei care vor s\u0103 aib\u0103 totul la vedere: Cabina este modulul de dressing f\u0103r\u0103 u\u0219i care nu las\u0103 nimic ascuns. Structura \u00eemp\u0103r\u021bit\u0103 de montan\u021bi ofer\u0103 o senza\u021bie de deschidere total\u0103. La fel ca celelalte module din sistemul Freedhome\u00ae, Cabina poate fi echipat\u0103 cu rafturi, umera\u0219e \u0219i sertare. \u00a0Se execut\u0103 pe comand\u0103 Pre\u021bul variaz\u0103 \u00een [&hellip;]<\/p>\n","protected":false},"featured_media":3011,"template":"","meta":{"_acf_changed":false},"product_cat":[197,183,206],"product_tag":[],"class_list":{"0":"post-3006","1":"product","2":"type-product","3":"status-publish","4":"has-post-thumbnail","6":"product_cat-dressinguri","7":"product_cat-mobilier","8":"product_cat-walk-in","9":"pa_product-brand-caccaro","11":"first","12":"onbackorder","13":"taxable","14":"shipping-taxable","15":"product-type-simple","swatches":"rey-swatches","show_selected":"","stretch_labels":"rey-swatches--stretch-labels"},"acf":[],"yoast_head":"<!-- This site is optimized with the Yoast SEO plugin v27.4 - https:\/\/yoast.com\/product\/yoast-seo-wordpress\/ -->\n<title>Dressing walk-in deschis Cabina - Design Radar<\/title>\n<meta name=\"robots\" content=\"index, follow, max-snippet:-1, max-image-preview:large, max-video-preview:-1\" \/>\n<link rel=\"canonical\" href=\"https:\/\/www.designradar.com\/product\/dressing-walk-in-deschis-cabina\/\" \/>\n<meta property=\"og:locale\" content=\"en_US\" \/>\n<meta property=\"og:type\" content=\"article\" \/>\n<meta property=\"og:title\" content=\"Dressing walk-in deschis Cabina - Design Radar\" \/>\n<meta property=\"og:description\" content=\"Pentru cei care vor s\u0103 aib\u0103 totul la vedere: Cabina este modulul de dressing f\u0103r\u0103 u\u0219i care nu las\u0103 nimic ascuns. Structura \u00eemp\u0103r\u021bit\u0103 de montan\u021bi ofer\u0103 o senza\u021bie de deschidere total\u0103. La fel ca celelalte module din sistemul Freedhome\u00ae, Cabina poate fi echipat\u0103 cu rafturi, umera\u0219e \u0219i sertare. \u00a0Se execut\u0103 pe comand\u0103 Pre\u021bul variaz\u0103 \u00een [&hellip;]\" \/>\n<meta property=\"og:url\" content=\"https:\/\/www.designradar.com\/product\/dressing-walk-in-deschis-cabina\/\" \/>\n<meta property=\"og:site_name\" content=\"Design Radar\" \/>\n<meta property=\"article:publisher\" content=\"https:\/\/www.facebook.com\/designradar\" \/>\n<meta property=\"article:modified_time\" content=\"2025-07-31T17:44:14+00:00\" \/>\n<meta property=\"og:image\" content=\"https:\/\/www.designradar.com\/wp-content\/uploads\/2023\/05\/67-1.jpg\" \/>\n\t<meta property=\"og:image:width\" content=\"1024\" \/>\n\t<meta property=\"og:image:height\" content=\"1120\" \/>\n\t<meta property=\"og:image:type\" content=\"image\/jpeg\" \/>\n<meta name=\"twitter:card\" content=\"summary_large_image\" \/>\n<meta name=\"twitter:label1\" content=\"Est. reading time\" \/>\n\t<meta name=\"twitter:data1\" content=\"1 minute\" \/>\n<script type=\"application\/ld+json\" class=\"yoast-schema-graph\">{\"@context\":\"https:\\\/\\\/schema.org\",\"@graph\":[{\"@type\":\"WebPage\",\"@id\":\"https:\\\/\\\/www.designradar.com\\\/product\\\/dressing-walk-in-deschis-cabina\\\/\",\"url\":\"https:\\\/\\\/www.designradar.com\\\/product\\\/dressing-walk-in-deschis-cabina\\\/\",\"name\":\"Dressing walk-in deschis Cabina - Design Radar\",\"isPartOf\":{\"@id\":\"https:\\\/\\\/www.designradar.com\\\/#website\"},\"primaryImageOfPage\":{\"@id\":\"https:\\\/\\\/www.designradar.com\\\/product\\\/dressing-walk-in-deschis-cabina\\\/#primaryimage\"},\"image\":{\"@id\":\"https:\\\/\\\/www.designradar.com\\\/product\\\/dressing-walk-in-deschis-cabina\\\/#primaryimage\"},\"thumbnailUrl\":\"https:\\\/\\\/www.designradar.com\\\/wp-content\\\/uploads\\\/2023\\\/05\\\/67-1.jpg\",\"datePublished\":\"2023-05-15T16:21:29+00:00\",\"dateModified\":\"2025-07-31T17:44:14+00:00\",\"breadcrumb\":{\"@id\":\"https:\\\/\\\/www.designradar.com\\\/product\\\/dressing-walk-in-deschis-cabina\\\/#breadcrumb\"},\"inLanguage\":\"en-US\",\"potentialAction\":[{\"@type\":\"ReadAction\",\"target\":[\"https:\\\/\\\/www.designradar.com\\\/product\\\/dressing-walk-in-deschis-cabina\\\/\"]}]},{\"@type\":\"ImageObject\",\"inLanguage\":\"en-US\",\"@id\":\"https:\\\/\\\/www.designradar.com\\\/product\\\/dressing-walk-in-deschis-cabina\\\/#primaryimage\",\"url\":\"https:\\\/\\\/www.designradar.com\\\/wp-content\\\/uploads\\\/2023\\\/05\\\/67-1.jpg\",\"contentUrl\":\"https:\\\/\\\/www.designradar.com\\\/wp-content\\\/uploads\\\/2023\\\/05\\\/67-1.jpg\",\"width\":1024,\"height\":1120},{\"@type\":\"BreadcrumbList\",\"@id\":\"https:\\\/\\\/www.designradar.com\\\/product\\\/dressing-walk-in-deschis-cabina\\\/#breadcrumb\",\"itemListElement\":[{\"@type\":\"ListItem\",\"position\":1,\"name\":\"Prima pagin\u0103\",\"item\":\"https:\\\/\\\/www.designradar.com\\\/\"},{\"@type\":\"ListItem\",\"position\":2,\"name\":\"Shop\",\"item\":\"https:\\\/\\\/www.designradar.com\\\/shop\\\/\"},{\"@type\":\"ListItem\",\"position\":3,\"name\":\"Dressing walk-in deschis Cabina\"}]},{\"@type\":\"WebSite\",\"@id\":\"https:\\\/\\\/www.designradar.com\\\/#website\",\"url\":\"https:\\\/\\\/www.designradar.com\\\/\",\"name\":\"Design Radar\",\"description\":\"\ud835\udde2\ud835\uddfb\ud835\uddf2 \ud835\udde6\ud835\ude01\ud835\uddf2\ud835\uddfd \ud835\uddd4\ud835\uddf5\ud835\uddf2\ud835\uddee\ud835\uddf1.\",\"publisher\":{\"@id\":\"https:\\\/\\\/www.designradar.com\\\/#organization\"},\"potentialAction\":[{\"@type\":\"SearchAction\",\"target\":{\"@type\":\"EntryPoint\",\"urlTemplate\":\"https:\\\/\\\/www.designradar.com\\\/?s={search_term_string}\"},\"query-input\":{\"@type\":\"PropertyValueSpecification\",\"valueRequired\":true,\"valueName\":\"search_term_string\"}}],\"inLanguage\":\"en-US\"},{\"@type\":\"Organization\",\"@id\":\"https:\\\/\\\/www.designradar.com\\\/#organization\",\"name\":\"Design Radar\",\"url\":\"https:\\\/\\\/www.designradar.com\\\/\",\"logo\":{\"@type\":\"ImageObject\",\"inLanguage\":\"en-US\",\"@id\":\"https:\\\/\\\/www.designradar.com\\\/#\\\/schema\\\/logo\\\/image\\\/\",\"url\":\"https:\\\/\\\/www.designradar.com\\\/wp-content\\\/uploads\\\/2023\\\/02\\\/designRadar_logo_wide.svg\",\"contentUrl\":\"https:\\\/\\\/www.designradar.com\\\/wp-content\\\/uploads\\\/2023\\\/02\\\/designRadar_logo_wide.svg\",\"width\":200,\"height\":75,\"caption\":\"Design Radar\"},\"image\":{\"@id\":\"https:\\\/\\\/www.designradar.com\\\/#\\\/schema\\\/logo\\\/image\\\/\"},\"sameAs\":[\"https:\\\/\\\/www.facebook.com\\\/designradar\",\"https:\\\/\\\/www.instagram.com\\\/designradar.store\\\/\",\"https:\\\/\\\/www.tiktok.com\\\/@designradar\",\"https:\\\/\\\/www.youtube.com\\\/@designradar\",\"https:\\\/\\\/www.linkedin.com\\\/company\\\/designradar\\\/\",\"https:\\\/\\\/pinterest.com\\\/designradar_com\\\/\"]}]}<\/script>\n<!-- \/ Yoast SEO plugin. -->","yoast_head_json":{"title":"Dressing walk-in deschis Cabina - Design Radar","robots":{"index":"index","follow":"follow","max-snippet":"max-snippet:-1","max-image-preview":"max-image-preview:large","max-video-preview":"max-video-preview:-1"},"canonical":"https:\/\/www.designradar.com\/product\/dressing-walk-in-deschis-cabina\/","og_locale":"en_US","og_type":"article","og_title":"Dressing walk-in deschis Cabina - Design Radar","og_description":"Pentru cei care vor s\u0103 aib\u0103 totul la vedere: Cabina este modulul de dressing f\u0103r\u0103 u\u0219i care nu las\u0103 nimic ascuns. Structura \u00eemp\u0103r\u021bit\u0103 de montan\u021bi ofer\u0103 o senza\u021bie de deschidere total\u0103. La fel ca celelalte module din sistemul Freedhome\u00ae, Cabina poate fi echipat\u0103 cu rafturi, umera\u0219e \u0219i sertare. \u00a0Se execut\u0103 pe comand\u0103 Pre\u021bul variaz\u0103 \u00een [&hellip;]","og_url":"https:\/\/www.designradar.com\/product\/dressing-walk-in-deschis-cabina\/","og_site_name":"Design Radar","article_publisher":"https:\/\/www.facebook.com\/designradar","article_modified_time":"2025-07-31T17:44:14+00:00","og_image":[{"width":1024,"height":1120,"url":"https:\/\/www.designradar.com\/wp-content\/uploads\/2023\/05\/67-1.jpg","type":"image\/jpeg"}],"twitter_card":"summary_large_image","twitter_misc":{"Est. reading time":"1 minute"},"schema":{"@context":"https:\/\/schema.org","@graph":[{"@type":"WebPage","@id":"https:\/\/www.designradar.com\/product\/dressing-walk-in-deschis-cabina\/","url":"https:\/\/www.designradar.com\/product\/dressing-walk-in-deschis-cabina\/","name":"Dressing walk-in deschis Cabina - Design Radar","isPartOf":{"@id":"https:\/\/www.designradar.com\/#website"},"primaryImageOfPage":{"@id":"https:\/\/www.designradar.com\/product\/dressing-walk-in-deschis-cabina\/#primaryimage"},"image":{"@id":"https:\/\/www.designradar.com\/product\/dressing-walk-in-deschis-cabina\/#primaryimage"},"thumbnailUrl":"https:\/\/www.designradar.com\/wp-content\/uploads\/2023\/05\/67-1.jpg","datePublished":"2023-05-15T16:21:29+00:00","dateModified":"2025-07-31T17:44:14+00:00","breadcrumb":{"@id":"https:\/\/www.designradar.com\/product\/dressing-walk-in-deschis-cabina\/#breadcrumb"},"inLanguage":"en-US","potentialAction":[{"@type":"ReadAction","target":["https:\/\/www.designradar.com\/product\/dressing-walk-in-deschis-cabina\/"]}]},{"@type":"ImageObject","inLanguage":"en-US","@id":"https:\/\/www.designradar.com\/product\/dressing-walk-in-deschis-cabina\/#primaryimage","url":"https:\/\/www.designradar.com\/wp-content\/uploads\/2023\/05\/67-1.jpg","contentUrl":"https:\/\/www.designradar.com\/wp-content\/uploads\/2023\/05\/67-1.jpg","width":1024,"height":1120},{"@type":"BreadcrumbList","@id":"https:\/\/www.designradar.com\/product\/dressing-walk-in-deschis-cabina\/#breadcrumb","itemListElement":[{"@type":"ListItem","position":1,"name":"Prima pagin\u0103","item":"https:\/\/www.designradar.com\/"},{"@type":"ListItem","position":2,"name":"Shop","item":"https:\/\/www.designradar.com\/shop\/"},{"@type":"ListItem","position":3,"name":"Dressing walk-in deschis Cabina"}]},{"@type":"WebSite","@id":"https:\/\/www.designradar.com\/#website","url":"https:\/\/www.designradar.com\/","name":"Design Radar","description":"\ud835\udde2\ud835\uddfb\ud835\uddf2 \ud835\udde6\ud835\ude01\ud835\uddf2\ud835\uddfd \ud835\uddd4\ud835\uddf5\ud835\uddf2\ud835\uddee\ud835\uddf1.","publisher":{"@id":"https:\/\/www.designradar.com\/#organization"},"potentialAction":[{"@type":"SearchAction","target":{"@type":"EntryPoint","urlTemplate":"https:\/\/www.designradar.com\/?s={search_term_string}"},"query-input":{"@type":"PropertyValueSpecification","valueRequired":true,"valueName":"search_term_string"}}],"inLanguage":"en-US"},{"@type":"Organization","@id":"https:\/\/www.designradar.com\/#organization","name":"Design Radar","url":"https:\/\/www.designradar.com\/","logo":{"@type":"ImageObject","inLanguage":"en-US","@id":"https:\/\/www.designradar.com\/#\/schema\/logo\/image\/","url":"https:\/\/www.designradar.com\/wp-content\/uploads\/2023\/02\/designRadar_logo_wide.svg","contentUrl":"https:\/\/www.designradar.com\/wp-content\/uploads\/2023\/02\/designRadar_logo_wide.svg","width":200,"height":75,"caption":"Design Radar"},"image":{"@id":"https:\/\/www.designradar.com\/#\/schema\/logo\/image\/"},"sameAs":["https:\/\/www.facebook.com\/designradar","https:\/\/www.instagram.com\/designradar.store\/","https:\/\/www.tiktok.com\/@designradar","https:\/\/www.youtube.com\/@designradar","https:\/\/www.linkedin.com\/company\/designradar\/","https:\/\/pinterest.com\/designradar_com\/"]}]}},"_links":{"self":[{"href":"https:\/\/www.designradar.com\/en\/wp-json\/wp\/v2\/product\/3006","targetHints":{"allow":["GET"]}}],"collection":[{"href":"https:\/\/www.designradar.com\/en\/wp-json\/wp\/v2\/product"}],"about":[{"href":"https:\/\/www.designradar.com\/en\/wp-json\/wp\/v2\/types\/product"}],"version-history":[{"count":24,"href":"https:\/\/www.designradar.com\/en\/wp-json\/wp\/v2\/product\/3006\/revisions"}],"predecessor-version":[{"id":21658,"href":"https:\/\/www.designradar.com\/en\/wp-json\/wp\/v2\/product\/3006\/revisions\/21658"}],"wp:featuredmedia":[{"embeddable":true,"href":"https:\/\/www.designradar.com\/en\/wp-json\/wp\/v2\/media\/3011"}],"wp:attachment":[{"href":"https:\/\/www.designradar.com\/en\/wp-json\/wp\/v2\/media?parent=3006"}],"wp:term":[{"taxonomy":"product_cat","embeddable":true,"href":"https:\/\/www.designradar.com\/en\/wp-json\/wp\/v2\/product_cat?post=3006"},{"taxonomy":"product_tag","embeddable":true,"href":"https:\/\/www.designradar.com\/en\/wp-json\/wp\/v2\/product_tag?post=3006"}],"curies":[{"name":"wp","href":"https:\/\/api.w.org\/{rel}","templated":true}]}}