{"id":5818,"date":"2023-07-24T21:20:12","date_gmt":"2023-07-24T18:20:12","guid":{"rendered":"https:\/\/www.designradar.com\/?post_type=product&#038;p=5818"},"modified":"2025-01-27T22:17:43","modified_gmt":"2025-01-27T20:17:43","slug":"partitie-sticla-all-ways","status":"publish","type":"product","link":"https:\/\/www.designradar.com\/en\/product\/partitie-sticla-all-ways\/","title":{"rendered":"Parti\u021bie sticl\u0103 All Ways"},"content":{"rendered":"<p>All Ways este o solu\u021bie de perete desp\u0103r\u021bitor \u00een sistem continuu care poate fi utilizat\u0103 pentru a defini spa\u021bii arhitecturale cu suprafe\u021be transparente, inclusiv de mari dimensiuni, f\u0103r\u0103 bariere vizuale. Sistemul All Ways este caracterizat printr-un singur ansamblu de profil din aluminiu care poate fi pozi\u021bionat at\u00e2t pe orizontal\u0103 c\u00e2t \u0219i pe vertical\u0103, pentru a permite o foarte mare libertate de configurare.<\/p>\n<p>Colec\u021bia de parti\u021bii de sticl\u0103 All Ways permite cea mai bun\u0103 integrare, cu cele mai exigente linii interioare \u0219i un echilibru atent \u00eentre func\u021bionalitate, eficien\u021b\u0103 \u0219i u\u0219urin\u021ba de instalare. O colec\u021bie cu variate posibilit\u0103\u021bi de personalizare \u0219i accesorizare.<\/p>\n","protected":false},"excerpt":{"rendered":"<p>Solu\u021bia ideal\u0103 pentru compartimentare<\/p>\n","protected":false},"featured_media":8150,"template":"","meta":{"_acf_changed":false},"product_cat":[182,175,146],"product_tag":[],"class_list":{"0":"post-5818","1":"product","2":"type-product","3":"status-publish","4":"has-post-thumbnail","6":"product_cat-partitii-din-sticla","7":"product_cat-usi-de-interior","8":"product_cat-usi-si-partitii","9":"pa_product-brand-albed","11":"first","12":"onbackorder","13":"taxable","14":"shipping-taxable","15":"product-type-simple","swatches":"rey-swatches","show_selected":"","stretch_labels":"rey-swatches--stretch-labels"},"acf":[],"yoast_head":"<!-- This site is optimized with the Yoast SEO plugin v27.4 - https:\/\/yoast.com\/product\/yoast-seo-wordpress\/ -->\n<title>Parti\u021bie sticl\u0103 All Ways - Design Radar<\/title>\n<meta name=\"robots\" content=\"index, follow, max-snippet:-1, max-image-preview:large, max-video-preview:-1\" \/>\n<link rel=\"canonical\" href=\"https:\/\/www.designradar.com\/product\/partitie-sticla-all-ways\/\" \/>\n<meta property=\"og:locale\" content=\"en_US\" \/>\n<meta property=\"og:type\" content=\"article\" \/>\n<meta property=\"og:title\" content=\"Parti\u021bie sticl\u0103 All Ways - Design Radar\" \/>\n<meta property=\"og:description\" content=\"Solu\u021bia ideal\u0103 pentru compartimentare\" \/>\n<meta property=\"og:url\" content=\"https:\/\/www.designradar.com\/product\/partitie-sticla-all-ways\/\" \/>\n<meta property=\"og:site_name\" content=\"Design Radar\" \/>\n<meta property=\"article:publisher\" content=\"https:\/\/www.facebook.com\/designradar\" \/>\n<meta property=\"article:modified_time\" content=\"2025-01-27T20:17:43+00:00\" \/>\n<meta property=\"og:image\" content=\"https:\/\/www.designradar.com\/wp-content\/uploads\/2023\/07\/Partitie-sticla-All-Ways-1.jpg\" \/>\n\t<meta property=\"og:image:width\" content=\"1024\" \/>\n\t<meta property=\"og:image:height\" content=\"1120\" \/>\n\t<meta property=\"og:image:type\" content=\"image\/jpeg\" \/>\n<meta name=\"twitter:card\" content=\"summary_large_image\" \/>\n<meta name=\"twitter:label1\" content=\"Est. reading time\" \/>\n\t<meta name=\"twitter:data1\" content=\"1 minute\" \/>\n<script type=\"application\/ld+json\" class=\"yoast-schema-graph\">{\"@context\":\"https:\\\/\\\/schema.org\",\"@graph\":[{\"@type\":\"WebPage\",\"@id\":\"https:\\\/\\\/www.designradar.com\\\/product\\\/partitie-sticla-all-ways\\\/\",\"url\":\"https:\\\/\\\/www.designradar.com\\\/product\\\/partitie-sticla-all-ways\\\/\",\"name\":\"Parti\u021bie sticl\u0103 All Ways - Design Radar\",\"isPartOf\":{\"@id\":\"https:\\\/\\\/www.designradar.com\\\/#website\"},\"primaryImageOfPage\":{\"@id\":\"https:\\\/\\\/www.designradar.com\\\/product\\\/partitie-sticla-all-ways\\\/#primaryimage\"},\"image\":{\"@id\":\"https:\\\/\\\/www.designradar.com\\\/product\\\/partitie-sticla-all-ways\\\/#primaryimage\"},\"thumbnailUrl\":\"https:\\\/\\\/www.designradar.com\\\/wp-content\\\/uploads\\\/2023\\\/07\\\/Partitie-sticla-All-Ways-1.jpg\",\"datePublished\":\"2023-07-24T18:20:12+00:00\",\"dateModified\":\"2025-01-27T20:17:43+00:00\",\"breadcrumb\":{\"@id\":\"https:\\\/\\\/www.designradar.com\\\/product\\\/partitie-sticla-all-ways\\\/#breadcrumb\"},\"inLanguage\":\"en-US\",\"potentialAction\":[{\"@type\":\"ReadAction\",\"target\":[\"https:\\\/\\\/www.designradar.com\\\/product\\\/partitie-sticla-all-ways\\\/\"]}]},{\"@type\":\"ImageObject\",\"inLanguage\":\"en-US\",\"@id\":\"https:\\\/\\\/www.designradar.com\\\/product\\\/partitie-sticla-all-ways\\\/#primaryimage\",\"url\":\"https:\\\/\\\/www.designradar.com\\\/wp-content\\\/uploads\\\/2023\\\/07\\\/Partitie-sticla-All-Ways-1.jpg\",\"contentUrl\":\"https:\\\/\\\/www.designradar.com\\\/wp-content\\\/uploads\\\/2023\\\/07\\\/Partitie-sticla-All-Ways-1.jpg\",\"width\":1024,\"height\":1120},{\"@type\":\"BreadcrumbList\",\"@id\":\"https:\\\/\\\/www.designradar.com\\\/product\\\/partitie-sticla-all-ways\\\/#breadcrumb\",\"itemListElement\":[{\"@type\":\"ListItem\",\"position\":1,\"name\":\"Prima pagin\u0103\",\"item\":\"https:\\\/\\\/www.designradar.com\\\/\"},{\"@type\":\"ListItem\",\"position\":2,\"name\":\"Shop\",\"item\":\"https:\\\/\\\/www.designradar.com\\\/shop\\\/\"},{\"@type\":\"ListItem\",\"position\":3,\"name\":\"Parti\u021bie sticl\u0103 All Ways\"}]},{\"@type\":\"WebSite\",\"@id\":\"https:\\\/\\\/www.designradar.com\\\/#website\",\"url\":\"https:\\\/\\\/www.designradar.com\\\/\",\"name\":\"Design Radar\",\"description\":\"\ud835\udde2\ud835\uddfb\ud835\uddf2 \ud835\udde6\ud835\ude01\ud835\uddf2\ud835\uddfd \ud835\uddd4\ud835\uddf5\ud835\uddf2\ud835\uddee\ud835\uddf1.\",\"publisher\":{\"@id\":\"https:\\\/\\\/www.designradar.com\\\/#organization\"},\"potentialAction\":[{\"@type\":\"SearchAction\",\"target\":{\"@type\":\"EntryPoint\",\"urlTemplate\":\"https:\\\/\\\/www.designradar.com\\\/?s={search_term_string}\"},\"query-input\":{\"@type\":\"PropertyValueSpecification\",\"valueRequired\":true,\"valueName\":\"search_term_string\"}}],\"inLanguage\":\"en-US\"},{\"@type\":\"Organization\",\"@id\":\"https:\\\/\\\/www.designradar.com\\\/#organization\",\"name\":\"Design Radar\",\"url\":\"https:\\\/\\\/www.designradar.com\\\/\",\"logo\":{\"@type\":\"ImageObject\",\"inLanguage\":\"en-US\",\"@id\":\"https:\\\/\\\/www.designradar.com\\\/#\\\/schema\\\/logo\\\/image\\\/\",\"url\":\"https:\\\/\\\/www.designradar.com\\\/wp-content\\\/uploads\\\/2023\\\/02\\\/designRadar_logo_wide.svg\",\"contentUrl\":\"https:\\\/\\\/www.designradar.com\\\/wp-content\\\/uploads\\\/2023\\\/02\\\/designRadar_logo_wide.svg\",\"width\":200,\"height\":75,\"caption\":\"Design Radar\"},\"image\":{\"@id\":\"https:\\\/\\\/www.designradar.com\\\/#\\\/schema\\\/logo\\\/image\\\/\"},\"sameAs\":[\"https:\\\/\\\/www.facebook.com\\\/designradar\",\"https:\\\/\\\/www.instagram.com\\\/designradar.store\\\/\",\"https:\\\/\\\/www.tiktok.com\\\/@designradar\",\"https:\\\/\\\/www.youtube.com\\\/@designradar\",\"https:\\\/\\\/www.linkedin.com\\\/company\\\/designradar\\\/\",\"https:\\\/\\\/pinterest.com\\\/designradar_com\\\/\"]}]}<\/script>\n<!-- \/ Yoast SEO plugin. -->","yoast_head_json":{"title":"Parti\u021bie sticl\u0103 All Ways - Design Radar","robots":{"index":"index","follow":"follow","max-snippet":"max-snippet:-1","max-image-preview":"max-image-preview:large","max-video-preview":"max-video-preview:-1"},"canonical":"https:\/\/www.designradar.com\/product\/partitie-sticla-all-ways\/","og_locale":"en_US","og_type":"article","og_title":"Parti\u021bie sticl\u0103 All Ways - Design Radar","og_description":"Solu\u021bia ideal\u0103 pentru compartimentare","og_url":"https:\/\/www.designradar.com\/product\/partitie-sticla-all-ways\/","og_site_name":"Design Radar","article_publisher":"https:\/\/www.facebook.com\/designradar","article_modified_time":"2025-01-27T20:17:43+00:00","og_image":[{"width":1024,"height":1120,"url":"https:\/\/www.designradar.com\/wp-content\/uploads\/2023\/07\/Partitie-sticla-All-Ways-1.jpg","type":"image\/jpeg"}],"twitter_card":"summary_large_image","twitter_misc":{"Est. reading time":"1 minute"},"schema":{"@context":"https:\/\/schema.org","@graph":[{"@type":"WebPage","@id":"https:\/\/www.designradar.com\/product\/partitie-sticla-all-ways\/","url":"https:\/\/www.designradar.com\/product\/partitie-sticla-all-ways\/","name":"Parti\u021bie sticl\u0103 All Ways - Design Radar","isPartOf":{"@id":"https:\/\/www.designradar.com\/#website"},"primaryImageOfPage":{"@id":"https:\/\/www.designradar.com\/product\/partitie-sticla-all-ways\/#primaryimage"},"image":{"@id":"https:\/\/www.designradar.com\/product\/partitie-sticla-all-ways\/#primaryimage"},"thumbnailUrl":"https:\/\/www.designradar.com\/wp-content\/uploads\/2023\/07\/Partitie-sticla-All-Ways-1.jpg","datePublished":"2023-07-24T18:20:12+00:00","dateModified":"2025-01-27T20:17:43+00:00","breadcrumb":{"@id":"https:\/\/www.designradar.com\/product\/partitie-sticla-all-ways\/#breadcrumb"},"inLanguage":"en-US","potentialAction":[{"@type":"ReadAction","target":["https:\/\/www.designradar.com\/product\/partitie-sticla-all-ways\/"]}]},{"@type":"ImageObject","inLanguage":"en-US","@id":"https:\/\/www.designradar.com\/product\/partitie-sticla-all-ways\/#primaryimage","url":"https:\/\/www.designradar.com\/wp-content\/uploads\/2023\/07\/Partitie-sticla-All-Ways-1.jpg","contentUrl":"https:\/\/www.designradar.com\/wp-content\/uploads\/2023\/07\/Partitie-sticla-All-Ways-1.jpg","width":1024,"height":1120},{"@type":"BreadcrumbList","@id":"https:\/\/www.designradar.com\/product\/partitie-sticla-all-ways\/#breadcrumb","itemListElement":[{"@type":"ListItem","position":1,"name":"Prima pagin\u0103","item":"https:\/\/www.designradar.com\/"},{"@type":"ListItem","position":2,"name":"Shop","item":"https:\/\/www.designradar.com\/shop\/"},{"@type":"ListItem","position":3,"name":"Parti\u021bie sticl\u0103 All Ways"}]},{"@type":"WebSite","@id":"https:\/\/www.designradar.com\/#website","url":"https:\/\/www.designradar.com\/","name":"Design Radar","description":"\ud835\udde2\ud835\uddfb\ud835\uddf2 \ud835\udde6\ud835\ude01\ud835\uddf2\ud835\uddfd \ud835\uddd4\ud835\uddf5\ud835\uddf2\ud835\uddee\ud835\uddf1.","publisher":{"@id":"https:\/\/www.designradar.com\/#organization"},"potentialAction":[{"@type":"SearchAction","target":{"@type":"EntryPoint","urlTemplate":"https:\/\/www.designradar.com\/?s={search_term_string}"},"query-input":{"@type":"PropertyValueSpecification","valueRequired":true,"valueName":"search_term_string"}}],"inLanguage":"en-US"},{"@type":"Organization","@id":"https:\/\/www.designradar.com\/#organization","name":"Design Radar","url":"https:\/\/www.designradar.com\/","logo":{"@type":"ImageObject","inLanguage":"en-US","@id":"https:\/\/www.designradar.com\/#\/schema\/logo\/image\/","url":"https:\/\/www.designradar.com\/wp-content\/uploads\/2023\/02\/designRadar_logo_wide.svg","contentUrl":"https:\/\/www.designradar.com\/wp-content\/uploads\/2023\/02\/designRadar_logo_wide.svg","width":200,"height":75,"caption":"Design Radar"},"image":{"@id":"https:\/\/www.designradar.com\/#\/schema\/logo\/image\/"},"sameAs":["https:\/\/www.facebook.com\/designradar","https:\/\/www.instagram.com\/designradar.store\/","https:\/\/www.tiktok.com\/@designradar","https:\/\/www.youtube.com\/@designradar","https:\/\/www.linkedin.com\/company\/designradar\/","https:\/\/pinterest.com\/designradar_com\/"]}]}},"_links":{"self":[{"href":"https:\/\/www.designradar.com\/en\/wp-json\/wp\/v2\/product\/5818","targetHints":{"allow":["GET"]}}],"collection":[{"href":"https:\/\/www.designradar.com\/en\/wp-json\/wp\/v2\/product"}],"about":[{"href":"https:\/\/www.designradar.com\/en\/wp-json\/wp\/v2\/types\/product"}],"version-history":[{"count":6,"href":"https:\/\/www.designradar.com\/en\/wp-json\/wp\/v2\/product\/5818\/revisions"}],"predecessor-version":[{"id":6756,"href":"https:\/\/www.designradar.com\/en\/wp-json\/wp\/v2\/product\/5818\/revisions\/6756"}],"wp:featuredmedia":[{"embeddable":true,"href":"https:\/\/www.designradar.com\/en\/wp-json\/wp\/v2\/media\/8150"}],"wp:attachment":[{"href":"https:\/\/www.designradar.com\/en\/wp-json\/wp\/v2\/media?parent=5818"}],"wp:term":[{"taxonomy":"product_cat","embeddable":true,"href":"https:\/\/www.designradar.com\/en\/wp-json\/wp\/v2\/product_cat?post=5818"},{"taxonomy":"product_tag","embeddable":true,"href":"https:\/\/www.designradar.com\/en\/wp-json\/wp\/v2\/product_tag?post=5818"}],"curies":[{"name":"wp","href":"https:\/\/api.w.org\/{rel}","templated":true}]}}