{"id":8497,"date":"2023-09-08T16:35:07","date_gmt":"2023-09-08T13:35:07","guid":{"rendered":"https:\/\/www.designradar.com\/?post_type=product&#038;p=8497"},"modified":"2026-04-09T12:47:46","modified_gmt":"2026-04-09T09:47:46","slug":"usa-cu-toc-ascuns-filomuro-suit","status":"publish","type":"product","link":"https:\/\/www.designradar.com\/en\/product\/usa-cu-toc-ascuns-filomuro-suit\/","title":{"rendered":"U\u0219\u0103 cu toc ascuns (filomuro) Suit"},"content":{"rendered":"<p>Suit este un sistem de u\u0219i caracterizat printr-un cadru de aluminiu aproape invizibil, care permite placarea foii de u\u0219\u0103 cu lemn, ceramic\u0103 sau alte materiale grele, cu o grosime de p\u00e2n\u0103 la 6mm.<\/p>\n<p>Suit este tot ceea ce au visat designerii de interior: u\u0219a poate fi integrat\u0103 \u00eentr-o boiserie sau instalat\u0103 \u00een zid\u0103rie, coplanar\u0103 cu peretele, folosind cele mai diverse materiale, de la lemn la sticl\u0103 \u0219i ceramic\u0103.<\/p>\n<p>Colec\u021bia Suit este disponibil\u0103 \u00een varianta de u\u0219\u0103 filomuro batant\u0103 simpl\u0103 sau dubl\u0103, pivotant\u0103, pivotant\u0103 f\u0103r\u0103 toc. Designer: CRS Albed<\/p>\n<p>Pre\u021bul afi\u0219at este valabil pentru modelul cu foaie de u\u0219\u0103 standard, finisaj preg\u0103tit pentru placare cu 6mm pe ambele p\u0103r\u021bi, dimensiuni 700\/800\/900 mm l\u0103\u021bime x 2100 mm H, cu rozet\u0103 inclus\u0103. Pre\u021bul include TVA. M\u00e2nerul se comand\u0103 separat.<\/p>\n<p>Pentru dimensiuni custom, cere-ne o ofert\u0103 personalizat\u0103!<\/p>\n","protected":false},"excerpt":{"rendered":"<p>Creat\u0103 cu g\u00e2ndul la designerii de interior<\/p>\n","protected":false},"featured_media":8503,"template":"","meta":{"_acf_changed":false},"product_cat":[161,175,191,146],"product_tag":[],"class_list":{"0":"post-8497","1":"product","2":"type-product","3":"status-publish","4":"has-post-thumbnail","6":"product_cat-usi-cu-toc-ascuns-filomuro","7":"product_cat-usi-de-interior","8":"product_cat-usi-filomuro-cu-toc-ascuns","9":"product_cat-usi-si-partitii","10":"pa_product-brand-albed","12":"first","13":"onbackorder","14":"taxable","15":"shipping-taxable","16":"purchasable","17":"product-type-simple","swatches":"rey-swatches","show_selected":"","stretch_labels":"rey-swatches--stretch-labels"},"acf":[],"yoast_head":"<!-- This site is optimized with the Yoast SEO plugin v27.4 - https:\/\/yoast.com\/product\/yoast-seo-wordpress\/ -->\n<title>U\u0219\u0103 cu toc ascuns (filomuro) Suit - Design Radar<\/title>\n<meta name=\"robots\" content=\"index, follow, max-snippet:-1, max-image-preview:large, max-video-preview:-1\" \/>\n<link rel=\"canonical\" href=\"https:\/\/www.designradar.com\/product\/usa-cu-toc-ascuns-filomuro-suit\/\" \/>\n<meta property=\"og:locale\" content=\"en_US\" \/>\n<meta property=\"og:type\" content=\"article\" \/>\n<meta property=\"og:title\" content=\"U\u0219\u0103 cu toc ascuns (filomuro) Suit - Design Radar\" \/>\n<meta property=\"og:description\" content=\"Creat\u0103 cu g\u00e2ndul la designerii de interior\" \/>\n<meta property=\"og:url\" content=\"https:\/\/www.designradar.com\/product\/usa-cu-toc-ascuns-filomuro-suit\/\" \/>\n<meta property=\"og:site_name\" content=\"Design Radar\" \/>\n<meta property=\"article:publisher\" content=\"https:\/\/www.facebook.com\/designradar\" \/>\n<meta property=\"article:modified_time\" content=\"2026-04-09T09:47:46+00:00\" \/>\n<meta property=\"og:image\" content=\"https:\/\/www.designradar.com\/wp-content\/uploads\/2023\/09\/Usa-filomuro-pentru-placare-Suit-Albed3.jpg\" \/>\n\t<meta property=\"og:image:width\" content=\"1024\" \/>\n\t<meta property=\"og:image:height\" content=\"1120\" \/>\n\t<meta property=\"og:image:type\" content=\"image\/jpeg\" \/>\n<meta name=\"twitter:card\" content=\"summary_large_image\" \/>\n<meta name=\"twitter:label1\" content=\"Est. reading time\" \/>\n\t<meta name=\"twitter:data1\" content=\"1 minute\" \/>\n<script type=\"application\/ld+json\" class=\"yoast-schema-graph\">{\"@context\":\"https:\\\/\\\/schema.org\",\"@graph\":[{\"@type\":\"WebPage\",\"@id\":\"https:\\\/\\\/www.designradar.com\\\/product\\\/usa-cu-toc-ascuns-filomuro-suit\\\/\",\"url\":\"https:\\\/\\\/www.designradar.com\\\/product\\\/usa-cu-toc-ascuns-filomuro-suit\\\/\",\"name\":\"U\u0219\u0103 cu toc ascuns (filomuro) Suit - Design Radar\",\"isPartOf\":{\"@id\":\"https:\\\/\\\/www.designradar.com\\\/#website\"},\"primaryImageOfPage\":{\"@id\":\"https:\\\/\\\/www.designradar.com\\\/product\\\/usa-cu-toc-ascuns-filomuro-suit\\\/#primaryimage\"},\"image\":{\"@id\":\"https:\\\/\\\/www.designradar.com\\\/product\\\/usa-cu-toc-ascuns-filomuro-suit\\\/#primaryimage\"},\"thumbnailUrl\":\"https:\\\/\\\/www.designradar.com\\\/wp-content\\\/uploads\\\/2023\\\/09\\\/Usa-filomuro-pentru-placare-Suit-Albed3.jpg\",\"datePublished\":\"2023-09-08T13:35:07+00:00\",\"dateModified\":\"2026-04-09T09:47:46+00:00\",\"breadcrumb\":{\"@id\":\"https:\\\/\\\/www.designradar.com\\\/product\\\/usa-cu-toc-ascuns-filomuro-suit\\\/#breadcrumb\"},\"inLanguage\":\"en-US\",\"potentialAction\":[{\"@type\":\"ReadAction\",\"target\":[\"https:\\\/\\\/www.designradar.com\\\/product\\\/usa-cu-toc-ascuns-filomuro-suit\\\/\"]}]},{\"@type\":\"ImageObject\",\"inLanguage\":\"en-US\",\"@id\":\"https:\\\/\\\/www.designradar.com\\\/product\\\/usa-cu-toc-ascuns-filomuro-suit\\\/#primaryimage\",\"url\":\"https:\\\/\\\/www.designradar.com\\\/wp-content\\\/uploads\\\/2023\\\/09\\\/Usa-filomuro-pentru-placare-Suit-Albed3.jpg\",\"contentUrl\":\"https:\\\/\\\/www.designradar.com\\\/wp-content\\\/uploads\\\/2023\\\/09\\\/Usa-filomuro-pentru-placare-Suit-Albed3.jpg\",\"width\":1024,\"height\":1120},{\"@type\":\"BreadcrumbList\",\"@id\":\"https:\\\/\\\/www.designradar.com\\\/product\\\/usa-cu-toc-ascuns-filomuro-suit\\\/#breadcrumb\",\"itemListElement\":[{\"@type\":\"ListItem\",\"position\":1,\"name\":\"Prima pagin\u0103\",\"item\":\"https:\\\/\\\/www.designradar.com\\\/\"},{\"@type\":\"ListItem\",\"position\":2,\"name\":\"Shop\",\"item\":\"https:\\\/\\\/www.designradar.com\\\/shop\\\/\"},{\"@type\":\"ListItem\",\"position\":3,\"name\":\"U\u0219\u0103 cu toc ascuns (filomuro) Suit\"}]},{\"@type\":\"WebSite\",\"@id\":\"https:\\\/\\\/www.designradar.com\\\/#website\",\"url\":\"https:\\\/\\\/www.designradar.com\\\/\",\"name\":\"Design Radar\",\"description\":\"\ud835\udde2\ud835\uddfb\ud835\uddf2 \ud835\udde6\ud835\ude01\ud835\uddf2\ud835\uddfd \ud835\uddd4\ud835\uddf5\ud835\uddf2\ud835\uddee\ud835\uddf1.\",\"publisher\":{\"@id\":\"https:\\\/\\\/www.designradar.com\\\/#organization\"},\"potentialAction\":[{\"@type\":\"SearchAction\",\"target\":{\"@type\":\"EntryPoint\",\"urlTemplate\":\"https:\\\/\\\/www.designradar.com\\\/?s={search_term_string}\"},\"query-input\":{\"@type\":\"PropertyValueSpecification\",\"valueRequired\":true,\"valueName\":\"search_term_string\"}}],\"inLanguage\":\"en-US\"},{\"@type\":\"Organization\",\"@id\":\"https:\\\/\\\/www.designradar.com\\\/#organization\",\"name\":\"Design Radar\",\"url\":\"https:\\\/\\\/www.designradar.com\\\/\",\"logo\":{\"@type\":\"ImageObject\",\"inLanguage\":\"en-US\",\"@id\":\"https:\\\/\\\/www.designradar.com\\\/#\\\/schema\\\/logo\\\/image\\\/\",\"url\":\"https:\\\/\\\/www.designradar.com\\\/wp-content\\\/uploads\\\/2023\\\/02\\\/designRadar_logo_wide.svg\",\"contentUrl\":\"https:\\\/\\\/www.designradar.com\\\/wp-content\\\/uploads\\\/2023\\\/02\\\/designRadar_logo_wide.svg\",\"width\":200,\"height\":75,\"caption\":\"Design Radar\"},\"image\":{\"@id\":\"https:\\\/\\\/www.designradar.com\\\/#\\\/schema\\\/logo\\\/image\\\/\"},\"sameAs\":[\"https:\\\/\\\/www.facebook.com\\\/designradar\",\"https:\\\/\\\/www.instagram.com\\\/designradar.store\\\/\",\"https:\\\/\\\/www.tiktok.com\\\/@designradar\",\"https:\\\/\\\/www.youtube.com\\\/@designradar\",\"https:\\\/\\\/www.linkedin.com\\\/company\\\/designradar\\\/\",\"https:\\\/\\\/pinterest.com\\\/designradar_com\\\/\"]}]}<\/script>\n<!-- \/ Yoast SEO plugin. -->","yoast_head_json":{"title":"U\u0219\u0103 cu toc ascuns (filomuro) Suit - Design Radar","robots":{"index":"index","follow":"follow","max-snippet":"max-snippet:-1","max-image-preview":"max-image-preview:large","max-video-preview":"max-video-preview:-1"},"canonical":"https:\/\/www.designradar.com\/product\/usa-cu-toc-ascuns-filomuro-suit\/","og_locale":"en_US","og_type":"article","og_title":"U\u0219\u0103 cu toc ascuns (filomuro) Suit - Design Radar","og_description":"Creat\u0103 cu g\u00e2ndul la designerii de interior","og_url":"https:\/\/www.designradar.com\/product\/usa-cu-toc-ascuns-filomuro-suit\/","og_site_name":"Design Radar","article_publisher":"https:\/\/www.facebook.com\/designradar","article_modified_time":"2026-04-09T09:47:46+00:00","og_image":[{"width":1024,"height":1120,"url":"https:\/\/www.designradar.com\/wp-content\/uploads\/2023\/09\/Usa-filomuro-pentru-placare-Suit-Albed3.jpg","type":"image\/jpeg"}],"twitter_card":"summary_large_image","twitter_misc":{"Est. reading time":"1 minute"},"schema":{"@context":"https:\/\/schema.org","@graph":[{"@type":"WebPage","@id":"https:\/\/www.designradar.com\/product\/usa-cu-toc-ascuns-filomuro-suit\/","url":"https:\/\/www.designradar.com\/product\/usa-cu-toc-ascuns-filomuro-suit\/","name":"U\u0219\u0103 cu toc ascuns (filomuro) Suit - Design Radar","isPartOf":{"@id":"https:\/\/www.designradar.com\/#website"},"primaryImageOfPage":{"@id":"https:\/\/www.designradar.com\/product\/usa-cu-toc-ascuns-filomuro-suit\/#primaryimage"},"image":{"@id":"https:\/\/www.designradar.com\/product\/usa-cu-toc-ascuns-filomuro-suit\/#primaryimage"},"thumbnailUrl":"https:\/\/www.designradar.com\/wp-content\/uploads\/2023\/09\/Usa-filomuro-pentru-placare-Suit-Albed3.jpg","datePublished":"2023-09-08T13:35:07+00:00","dateModified":"2026-04-09T09:47:46+00:00","breadcrumb":{"@id":"https:\/\/www.designradar.com\/product\/usa-cu-toc-ascuns-filomuro-suit\/#breadcrumb"},"inLanguage":"en-US","potentialAction":[{"@type":"ReadAction","target":["https:\/\/www.designradar.com\/product\/usa-cu-toc-ascuns-filomuro-suit\/"]}]},{"@type":"ImageObject","inLanguage":"en-US","@id":"https:\/\/www.designradar.com\/product\/usa-cu-toc-ascuns-filomuro-suit\/#primaryimage","url":"https:\/\/www.designradar.com\/wp-content\/uploads\/2023\/09\/Usa-filomuro-pentru-placare-Suit-Albed3.jpg","contentUrl":"https:\/\/www.designradar.com\/wp-content\/uploads\/2023\/09\/Usa-filomuro-pentru-placare-Suit-Albed3.jpg","width":1024,"height":1120},{"@type":"BreadcrumbList","@id":"https:\/\/www.designradar.com\/product\/usa-cu-toc-ascuns-filomuro-suit\/#breadcrumb","itemListElement":[{"@type":"ListItem","position":1,"name":"Prima pagin\u0103","item":"https:\/\/www.designradar.com\/"},{"@type":"ListItem","position":2,"name":"Shop","item":"https:\/\/www.designradar.com\/shop\/"},{"@type":"ListItem","position":3,"name":"U\u0219\u0103 cu toc ascuns (filomuro) Suit"}]},{"@type":"WebSite","@id":"https:\/\/www.designradar.com\/#website","url":"https:\/\/www.designradar.com\/","name":"Design Radar","description":"\ud835\udde2\ud835\uddfb\ud835\uddf2 \ud835\udde6\ud835\ude01\ud835\uddf2\ud835\uddfd \ud835\uddd4\ud835\uddf5\ud835\uddf2\ud835\uddee\ud835\uddf1.","publisher":{"@id":"https:\/\/www.designradar.com\/#organization"},"potentialAction":[{"@type":"SearchAction","target":{"@type":"EntryPoint","urlTemplate":"https:\/\/www.designradar.com\/?s={search_term_string}"},"query-input":{"@type":"PropertyValueSpecification","valueRequired":true,"valueName":"search_term_string"}}],"inLanguage":"en-US"},{"@type":"Organization","@id":"https:\/\/www.designradar.com\/#organization","name":"Design Radar","url":"https:\/\/www.designradar.com\/","logo":{"@type":"ImageObject","inLanguage":"en-US","@id":"https:\/\/www.designradar.com\/#\/schema\/logo\/image\/","url":"https:\/\/www.designradar.com\/wp-content\/uploads\/2023\/02\/designRadar_logo_wide.svg","contentUrl":"https:\/\/www.designradar.com\/wp-content\/uploads\/2023\/02\/designRadar_logo_wide.svg","width":200,"height":75,"caption":"Design Radar"},"image":{"@id":"https:\/\/www.designradar.com\/#\/schema\/logo\/image\/"},"sameAs":["https:\/\/www.facebook.com\/designradar","https:\/\/www.instagram.com\/designradar.store\/","https:\/\/www.tiktok.com\/@designradar","https:\/\/www.youtube.com\/@designradar","https:\/\/www.linkedin.com\/company\/designradar\/","https:\/\/pinterest.com\/designradar_com\/"]}]}},"_links":{"self":[{"href":"https:\/\/www.designradar.com\/en\/wp-json\/wp\/v2\/product\/8497","targetHints":{"allow":["GET"]}}],"collection":[{"href":"https:\/\/www.designradar.com\/en\/wp-json\/wp\/v2\/product"}],"about":[{"href":"https:\/\/www.designradar.com\/en\/wp-json\/wp\/v2\/types\/product"}],"version-history":[{"count":13,"href":"https:\/\/www.designradar.com\/en\/wp-json\/wp\/v2\/product\/8497\/revisions"}],"predecessor-version":[{"id":25991,"href":"https:\/\/www.designradar.com\/en\/wp-json\/wp\/v2\/product\/8497\/revisions\/25991"}],"wp:featuredmedia":[{"embeddable":true,"href":"https:\/\/www.designradar.com\/en\/wp-json\/wp\/v2\/media\/8503"}],"wp:attachment":[{"href":"https:\/\/www.designradar.com\/en\/wp-json\/wp\/v2\/media?parent=8497"}],"wp:term":[{"taxonomy":"product_cat","embeddable":true,"href":"https:\/\/www.designradar.com\/en\/wp-json\/wp\/v2\/product_cat?post=8497"},{"taxonomy":"product_tag","embeddable":true,"href":"https:\/\/www.designradar.com\/en\/wp-json\/wp\/v2\/product_tag?post=8497"}],"curies":[{"name":"wp","href":"https:\/\/api.w.org\/{rel}","templated":true}]}}