{"id":9192,"date":"2023-09-17T19:19:06","date_gmt":"2023-09-17T16:19:06","guid":{"rendered":"https:\/\/www.designradar.com\/?post_type=product&#038;p=9192"},"modified":"2025-01-27T23:44:38","modified_gmt":"2025-01-27T21:44:38","slug":"usa-blindata-intrare-monolite-rm","status":"publish","type":"product","link":"https:\/\/www.designradar.com\/en\/product\/usa-blindata-intrare-monolite-rm\/","title":{"rendered":"U\u0219\u0103 blindat\u0103 intrare Monolite RM"},"content":{"rendered":"<p><span data-sheets-value=\"{&quot;1&quot;:2,&quot;2&quot;:&quot;C\u0103utarea simplit\u0103\u021bii formei \u00ee\u0219i atinge expresia maxim\u0103: \\nUltra-minimalism: u\u0219a blindat\u0103 Monolite RM r\u0103m\u00e2ne perfect la nivelul peretelui, f\u0103r\u0103 suprafe\u021be vizibile ridicate. Foaia de u\u0219\u0103 poate fi tencuit\u0103 \u00een acela\u0219i finisaj cu cel al peretelui pentru a deveni aproape invizibil\u0103, sau poate fi \u00eencadrat\u0103 \u00eentr-un finisaj contrastant. U\u0219ile Monolite RM folosesc \u0219i balamale ascunse Rond\u00f2, oferind o potrivire perfect\u0103, unghi de deschidere de 180\u00b0 \u0219i reglare pe trei axe.\\n&quot;}\" data-sheets-userformat=\"{&quot;2&quot;:961,&quot;3&quot;:{&quot;1&quot;:0},&quot;9&quot;:0,&quot;10&quot;:1,&quot;11&quot;:4,&quot;12&quot;:0}\">C\u0103utarea simplit\u0103\u021bii formei \u00ee\u0219i atinge expresia maxim\u0103:<br \/>\nUltra-minimalism: u\u0219a blindat\u0103 Monolite RM r\u0103m\u00e2ne perfect la nivelul peretelui, f\u0103r\u0103 suprafe\u021be vizibile ridicate. Foaia de u\u0219\u0103 poate fi tencuit\u0103 \u00een acela\u0219i finisaj cu cel al peretelui pentru a deveni aproape invizibil\u0103, sau poate fi \u00eencadrat\u0103 \u00eentr-un finisaj contrastant. U\u0219ile Monolite RM folosesc \u0219i balamale ascunse Rond\u00f2, oferind o potrivire perfect\u0103, unghi de deschidere de 180\u00b0 \u0219i reglare pe trei axe.<br \/>\n<\/span><\/p>\n","protected":false},"excerpt":{"rendered":"<p>U\u0219a ta invizibil\u0103<\/p>\n","protected":false},"featured_media":9194,"template":"","meta":{"_acf_changed":false},"product_cat":[176,146],"product_tag":[],"class_list":{"0":"post-9192","1":"product","2":"type-product","3":"status-publish","4":"has-post-thumbnail","6":"product_cat-usi-de-exterior","7":"product_cat-usi-si-partitii","8":"pa_product-brand-bauxt","10":"first","11":"onbackorder","12":"taxable","13":"shipping-taxable","14":"product-type-simple","swatches":"rey-swatches","show_selected":"","stretch_labels":"rey-swatches--stretch-labels"},"acf":[],"yoast_head":"<!-- This site is optimized with the Yoast SEO plugin v27.4 - https:\/\/yoast.com\/product\/yoast-seo-wordpress\/ -->\n<title>U\u0219\u0103 blindat\u0103 intrare Monolite RM - Design Radar<\/title>\n<meta name=\"robots\" content=\"index, follow, max-snippet:-1, max-image-preview:large, max-video-preview:-1\" \/>\n<link rel=\"canonical\" href=\"https:\/\/www.designradar.com\/product\/usa-blindata-intrare-monolite-rm\/\" \/>\n<meta property=\"og:locale\" content=\"en_US\" \/>\n<meta property=\"og:type\" content=\"article\" \/>\n<meta property=\"og:title\" content=\"U\u0219\u0103 blindat\u0103 intrare Monolite RM - Design Radar\" \/>\n<meta property=\"og:description\" content=\"U\u0219a ta invizibil\u0103\" \/>\n<meta property=\"og:url\" content=\"https:\/\/www.designradar.com\/product\/usa-blindata-intrare-monolite-rm\/\" \/>\n<meta property=\"og:site_name\" content=\"Design Radar\" \/>\n<meta property=\"article:publisher\" content=\"https:\/\/www.facebook.com\/designradar\" \/>\n<meta property=\"article:modified_time\" content=\"2025-01-27T21:44:38+00:00\" \/>\n<meta property=\"og:image\" content=\"https:\/\/www.designradar.com\/wp-content\/uploads\/2023\/09\/Usa-exterior-blindata-Monolite-Italia1.jpg\" \/>\n\t<meta property=\"og:image:width\" content=\"1024\" \/>\n\t<meta property=\"og:image:height\" content=\"1120\" \/>\n\t<meta property=\"og:image:type\" content=\"image\/jpeg\" \/>\n<meta name=\"twitter:card\" content=\"summary_large_image\" \/>\n<meta name=\"twitter:label1\" content=\"Est. reading time\" \/>\n\t<meta name=\"twitter:data1\" content=\"1 minute\" \/>\n<script type=\"application\/ld+json\" class=\"yoast-schema-graph\">{\"@context\":\"https:\\\/\\\/schema.org\",\"@graph\":[{\"@type\":\"WebPage\",\"@id\":\"https:\\\/\\\/www.designradar.com\\\/product\\\/usa-blindata-intrare-monolite-rm\\\/\",\"url\":\"https:\\\/\\\/www.designradar.com\\\/product\\\/usa-blindata-intrare-monolite-rm\\\/\",\"name\":\"U\u0219\u0103 blindat\u0103 intrare Monolite RM - Design Radar\",\"isPartOf\":{\"@id\":\"https:\\\/\\\/www.designradar.com\\\/#website\"},\"primaryImageOfPage\":{\"@id\":\"https:\\\/\\\/www.designradar.com\\\/product\\\/usa-blindata-intrare-monolite-rm\\\/#primaryimage\"},\"image\":{\"@id\":\"https:\\\/\\\/www.designradar.com\\\/product\\\/usa-blindata-intrare-monolite-rm\\\/#primaryimage\"},\"thumbnailUrl\":\"https:\\\/\\\/www.designradar.com\\\/wp-content\\\/uploads\\\/2023\\\/09\\\/Usa-exterior-blindata-Monolite-Italia1.jpg\",\"datePublished\":\"2023-09-17T16:19:06+00:00\",\"dateModified\":\"2025-01-27T21:44:38+00:00\",\"breadcrumb\":{\"@id\":\"https:\\\/\\\/www.designradar.com\\\/product\\\/usa-blindata-intrare-monolite-rm\\\/#breadcrumb\"},\"inLanguage\":\"en-US\",\"potentialAction\":[{\"@type\":\"ReadAction\",\"target\":[\"https:\\\/\\\/www.designradar.com\\\/product\\\/usa-blindata-intrare-monolite-rm\\\/\"]}]},{\"@type\":\"ImageObject\",\"inLanguage\":\"en-US\",\"@id\":\"https:\\\/\\\/www.designradar.com\\\/product\\\/usa-blindata-intrare-monolite-rm\\\/#primaryimage\",\"url\":\"https:\\\/\\\/www.designradar.com\\\/wp-content\\\/uploads\\\/2023\\\/09\\\/Usa-exterior-blindata-Monolite-Italia1.jpg\",\"contentUrl\":\"https:\\\/\\\/www.designradar.com\\\/wp-content\\\/uploads\\\/2023\\\/09\\\/Usa-exterior-blindata-Monolite-Italia1.jpg\",\"width\":1024,\"height\":1120},{\"@type\":\"BreadcrumbList\",\"@id\":\"https:\\\/\\\/www.designradar.com\\\/product\\\/usa-blindata-intrare-monolite-rm\\\/#breadcrumb\",\"itemListElement\":[{\"@type\":\"ListItem\",\"position\":1,\"name\":\"Prima pagin\u0103\",\"item\":\"https:\\\/\\\/www.designradar.com\\\/\"},{\"@type\":\"ListItem\",\"position\":2,\"name\":\"Shop\",\"item\":\"https:\\\/\\\/www.designradar.com\\\/shop\\\/\"},{\"@type\":\"ListItem\",\"position\":3,\"name\":\"U\u0219\u0103 blindat\u0103 intrare Monolite RM\"}]},{\"@type\":\"WebSite\",\"@id\":\"https:\\\/\\\/www.designradar.com\\\/#website\",\"url\":\"https:\\\/\\\/www.designradar.com\\\/\",\"name\":\"Design Radar\",\"description\":\"\ud835\udde2\ud835\uddfb\ud835\uddf2 \ud835\udde6\ud835\ude01\ud835\uddf2\ud835\uddfd \ud835\uddd4\ud835\uddf5\ud835\uddf2\ud835\uddee\ud835\uddf1.\",\"publisher\":{\"@id\":\"https:\\\/\\\/www.designradar.com\\\/#organization\"},\"potentialAction\":[{\"@type\":\"SearchAction\",\"target\":{\"@type\":\"EntryPoint\",\"urlTemplate\":\"https:\\\/\\\/www.designradar.com\\\/?s={search_term_string}\"},\"query-input\":{\"@type\":\"PropertyValueSpecification\",\"valueRequired\":true,\"valueName\":\"search_term_string\"}}],\"inLanguage\":\"en-US\"},{\"@type\":\"Organization\",\"@id\":\"https:\\\/\\\/www.designradar.com\\\/#organization\",\"name\":\"Design Radar\",\"url\":\"https:\\\/\\\/www.designradar.com\\\/\",\"logo\":{\"@type\":\"ImageObject\",\"inLanguage\":\"en-US\",\"@id\":\"https:\\\/\\\/www.designradar.com\\\/#\\\/schema\\\/logo\\\/image\\\/\",\"url\":\"https:\\\/\\\/www.designradar.com\\\/wp-content\\\/uploads\\\/2023\\\/02\\\/designRadar_logo_wide.svg\",\"contentUrl\":\"https:\\\/\\\/www.designradar.com\\\/wp-content\\\/uploads\\\/2023\\\/02\\\/designRadar_logo_wide.svg\",\"width\":200,\"height\":75,\"caption\":\"Design Radar\"},\"image\":{\"@id\":\"https:\\\/\\\/www.designradar.com\\\/#\\\/schema\\\/logo\\\/image\\\/\"},\"sameAs\":[\"https:\\\/\\\/www.facebook.com\\\/designradar\",\"https:\\\/\\\/www.instagram.com\\\/designradar.store\\\/\",\"https:\\\/\\\/www.tiktok.com\\\/@designradar\",\"https:\\\/\\\/www.youtube.com\\\/@designradar\",\"https:\\\/\\\/www.linkedin.com\\\/company\\\/designradar\\\/\",\"https:\\\/\\\/pinterest.com\\\/designradar_com\\\/\"]}]}<\/script>\n<!-- \/ Yoast SEO plugin. -->","yoast_head_json":{"title":"U\u0219\u0103 blindat\u0103 intrare Monolite RM - Design Radar","robots":{"index":"index","follow":"follow","max-snippet":"max-snippet:-1","max-image-preview":"max-image-preview:large","max-video-preview":"max-video-preview:-1"},"canonical":"https:\/\/www.designradar.com\/product\/usa-blindata-intrare-monolite-rm\/","og_locale":"en_US","og_type":"article","og_title":"U\u0219\u0103 blindat\u0103 intrare Monolite RM - Design Radar","og_description":"U\u0219a ta invizibil\u0103","og_url":"https:\/\/www.designradar.com\/product\/usa-blindata-intrare-monolite-rm\/","og_site_name":"Design Radar","article_publisher":"https:\/\/www.facebook.com\/designradar","article_modified_time":"2025-01-27T21:44:38+00:00","og_image":[{"width":1024,"height":1120,"url":"https:\/\/www.designradar.com\/wp-content\/uploads\/2023\/09\/Usa-exterior-blindata-Monolite-Italia1.jpg","type":"image\/jpeg"}],"twitter_card":"summary_large_image","twitter_misc":{"Est. reading time":"1 minute"},"schema":{"@context":"https:\/\/schema.org","@graph":[{"@type":"WebPage","@id":"https:\/\/www.designradar.com\/product\/usa-blindata-intrare-monolite-rm\/","url":"https:\/\/www.designradar.com\/product\/usa-blindata-intrare-monolite-rm\/","name":"U\u0219\u0103 blindat\u0103 intrare Monolite RM - Design Radar","isPartOf":{"@id":"https:\/\/www.designradar.com\/#website"},"primaryImageOfPage":{"@id":"https:\/\/www.designradar.com\/product\/usa-blindata-intrare-monolite-rm\/#primaryimage"},"image":{"@id":"https:\/\/www.designradar.com\/product\/usa-blindata-intrare-monolite-rm\/#primaryimage"},"thumbnailUrl":"https:\/\/www.designradar.com\/wp-content\/uploads\/2023\/09\/Usa-exterior-blindata-Monolite-Italia1.jpg","datePublished":"2023-09-17T16:19:06+00:00","dateModified":"2025-01-27T21:44:38+00:00","breadcrumb":{"@id":"https:\/\/www.designradar.com\/product\/usa-blindata-intrare-monolite-rm\/#breadcrumb"},"inLanguage":"en-US","potentialAction":[{"@type":"ReadAction","target":["https:\/\/www.designradar.com\/product\/usa-blindata-intrare-monolite-rm\/"]}]},{"@type":"ImageObject","inLanguage":"en-US","@id":"https:\/\/www.designradar.com\/product\/usa-blindata-intrare-monolite-rm\/#primaryimage","url":"https:\/\/www.designradar.com\/wp-content\/uploads\/2023\/09\/Usa-exterior-blindata-Monolite-Italia1.jpg","contentUrl":"https:\/\/www.designradar.com\/wp-content\/uploads\/2023\/09\/Usa-exterior-blindata-Monolite-Italia1.jpg","width":1024,"height":1120},{"@type":"BreadcrumbList","@id":"https:\/\/www.designradar.com\/product\/usa-blindata-intrare-monolite-rm\/#breadcrumb","itemListElement":[{"@type":"ListItem","position":1,"name":"Prima pagin\u0103","item":"https:\/\/www.designradar.com\/"},{"@type":"ListItem","position":2,"name":"Shop","item":"https:\/\/www.designradar.com\/shop\/"},{"@type":"ListItem","position":3,"name":"U\u0219\u0103 blindat\u0103 intrare Monolite RM"}]},{"@type":"WebSite","@id":"https:\/\/www.designradar.com\/#website","url":"https:\/\/www.designradar.com\/","name":"Design Radar","description":"\ud835\udde2\ud835\uddfb\ud835\uddf2 \ud835\udde6\ud835\ude01\ud835\uddf2\ud835\uddfd \ud835\uddd4\ud835\uddf5\ud835\uddf2\ud835\uddee\ud835\uddf1.","publisher":{"@id":"https:\/\/www.designradar.com\/#organization"},"potentialAction":[{"@type":"SearchAction","target":{"@type":"EntryPoint","urlTemplate":"https:\/\/www.designradar.com\/?s={search_term_string}"},"query-input":{"@type":"PropertyValueSpecification","valueRequired":true,"valueName":"search_term_string"}}],"inLanguage":"en-US"},{"@type":"Organization","@id":"https:\/\/www.designradar.com\/#organization","name":"Design Radar","url":"https:\/\/www.designradar.com\/","logo":{"@type":"ImageObject","inLanguage":"en-US","@id":"https:\/\/www.designradar.com\/#\/schema\/logo\/image\/","url":"https:\/\/www.designradar.com\/wp-content\/uploads\/2023\/02\/designRadar_logo_wide.svg","contentUrl":"https:\/\/www.designradar.com\/wp-content\/uploads\/2023\/02\/designRadar_logo_wide.svg","width":200,"height":75,"caption":"Design Radar"},"image":{"@id":"https:\/\/www.designradar.com\/#\/schema\/logo\/image\/"},"sameAs":["https:\/\/www.facebook.com\/designradar","https:\/\/www.instagram.com\/designradar.store\/","https:\/\/www.tiktok.com\/@designradar","https:\/\/www.youtube.com\/@designradar","https:\/\/www.linkedin.com\/company\/designradar\/","https:\/\/pinterest.com\/designradar_com\/"]}]}},"_links":{"self":[{"href":"https:\/\/www.designradar.com\/en\/wp-json\/wp\/v2\/product\/9192","targetHints":{"allow":["GET"]}}],"collection":[{"href":"https:\/\/www.designradar.com\/en\/wp-json\/wp\/v2\/product"}],"about":[{"href":"https:\/\/www.designradar.com\/en\/wp-json\/wp\/v2\/types\/product"}],"version-history":[{"count":3,"href":"https:\/\/www.designradar.com\/en\/wp-json\/wp\/v2\/product\/9192\/revisions"}],"predecessor-version":[{"id":12818,"href":"https:\/\/www.designradar.com\/en\/wp-json\/wp\/v2\/product\/9192\/revisions\/12818"}],"wp:featuredmedia":[{"embeddable":true,"href":"https:\/\/www.designradar.com\/en\/wp-json\/wp\/v2\/media\/9194"}],"wp:attachment":[{"href":"https:\/\/www.designradar.com\/en\/wp-json\/wp\/v2\/media?parent=9192"}],"wp:term":[{"taxonomy":"product_cat","embeddable":true,"href":"https:\/\/www.designradar.com\/en\/wp-json\/wp\/v2\/product_cat?post=9192"},{"taxonomy":"product_tag","embeddable":true,"href":"https:\/\/www.designradar.com\/en\/wp-json\/wp\/v2\/product_tag?post=9192"}],"curies":[{"name":"wp","href":"https:\/\/api.w.org\/{rel}","templated":true}]}}